{"id":12954,"date":"2020-08-27T08:23:10","date_gmt":"2020-08-27T08:23:10","guid":{"rendered":"https:\/\/qwery.ancorathemes.com\/?page_id=12954"},"modified":"2026-03-15T13:35:58","modified_gmt":"2026-03-15T13:35:58","slug":"politica-privacidade","status":"publish","type":"page","link":"https:\/\/andradepimenta.com\/fr\/politica-privacidade\/","title":{"rendered":"Pol\u00edtica de Privacidade"},"content":{"rendered":"<p><\/p>\n\n\n\n<h2 class=\"wp-block-heading\"><span style=\"color: rgb(68, 68, 68);\">Pol\u00edtica Privacidade<\/span><\/h2>\n\n\n\n<p><span style=\"color: rgb(68, 68, 68);\">A prote\u00e7\u00e3o da sua privacidade constitui uma prioridade para n\u00f3s. A pol\u00edtica da Andrade Pimenta estabelece que a privacidade de qualquer informa\u00e7\u00e3o recolhida no site da Andrade Pimenta, bem como em outros sites sob a nossa posse e opera\u00e7\u00e3o, deve ser respeitada.<\/span><\/p>\n\n\n\n<p><span style=\"color: rgb(68, 68, 68);\">A recolha de informa\u00e7\u00f5es pessoais \u00e9 efetuada exclusivamente quando \u00e9 estritamente necess\u00e1rio para a presta\u00e7\u00e3o de um servi\u00e7o. Este procedimento \u00e9 realizado de forma justa e legal, com o seu conhecimento e consentimento. Por favor, note que tamb\u00e9m informamos sobre os motivos da recolha de dados e sobre a forma como estes ser\u00e3o utilizados.<\/span><\/p>\n\n\n\n<p><span style=\"color: rgb(68, 68, 68);\">A informa\u00e7\u00e3o recolhida \u00e9 conservada pelo tempo estritamente necess\u00e1rio para a presta\u00e7\u00e3o do servi\u00e7o solicitado. A prote\u00e7\u00e3o de dados \u00e9 uma preocupa\u00e7\u00e3o fundamental para qualquer organiza\u00e7\u00e3o. Quando os dados s\u00e3o armazenados, \u00e9 essencial que o processo seja feito dentro de meios comercialmente aceit\u00e1veis, de modo a evitar perdas e roubos, bem como acesso, divulga\u00e7\u00e3o, c\u00f3pia, uso ou modifica\u00e7\u00e3o n\u00e3o autorizados.<\/span><\/p>\n\n\n\n<p><span style=\"color: rgb(68, 68, 68);\">N\u00e3o divulgamos informa\u00e7\u00f5es de identifica\u00e7\u00e3o pessoal publicamente ou a terceiros, exceto quando exigido por lei.<\/span><\/p>\n\n\n\n<p>Por favor, note que o nosso site pode conter hiperliga\u00e7\u00f5es para s\u00edtios web externos que n\u00e3o s\u00e3o operados por n\u00f3s. \u00c9 importante salientar que n\u00e3o temos controlo sobre o conte\u00fado e as pr\u00e1ticas desses s\u00edtios eletr\u00f3nicos. Por conseguinte, n\u00e3o podemos assumir a responsabilidade pelas respetivas pol\u00edticas de privacidade.<\/p>\n\n\n\n<p><span style=\"color: rgb(68, 68, 68);\">Tem o direito de recusar o nosso pedido de informa\u00e7\u00f5es pessoais. No entanto, gostar\u00edamos de o alertar para o facto de que, em tal circunst\u00e2ncia, poder\u00e1 n\u00e3o ser poss\u00edvel fornecer-lhe alguns dos servi\u00e7os desejados.<\/span><\/p>\n\n\n\n<p><span style=\"color: rgb(68, 68, 68);\">O uso continuado do nosso s\u00edtio web implica a aceita\u00e7\u00e3o das nossas pr\u00e1ticas em mat\u00e9ria de privacidade e informa\u00e7\u00f5es pessoais. Caso surjam d\u00favidas quanto \u00e0 forma como s\u00e3o tratados os dados do utilizador e as informa\u00e7\u00f5es pessoais, por favor, entre em contacto connosco.<\/span><\/p>\n\n\n\n<p><span style=\"color: rgb(68, 68, 68);\"><\/span><\/p>\n\n\n\n<ul class=\"wp-block-list\">\n<li><span style=\"color: rgb(68, 68, 68);\">O servi\u00e7o Google AdSense, utilizado para a difus\u00e3o de publicidade, recorre a um cookie DoubleClick com o objetivo de exibir an\u00fancios mais relevantes em toda a Internet e limitar o n\u00famero de vezes que um an\u00fancio espec\u00edfico \u00e9 apresentado a um utilizador.<\/span><\/li>\n\n\n\n<li><span style=\"color: rgb(68, 68, 68);\">Para informa\u00e7\u00f5es mais detalhadas sobre o Google AdSense, consulte as Perguntas Frequentes oficiais sobre privacidade do Google AdSense.<\/span><\/li>\n\n\n\n<li><span style=\"color: rgb(68, 68, 68);\">A publicidade \u00e9 utilizada para cobrir os custos de funcionamento deste s\u00edtio eletr\u00f3nico e para financiar futuros desenvolvimentos. Os &#8220;cookies&#8221; de publicidade comportamental utilizados por este s\u00edtio web t\u00eam como objetivo garantir que os an\u00fancios apresentados s\u00e3o sempre relevantes para o utilizador. Para tal, \u00e9 realizado um registo an\u00f3nimo dos interesses do utilizador, com o intuito de lhe apresentar conte\u00fados semelhantes que possam ser do seu interesse.<\/span><\/li>\n\n\n\n<li><span style=\"color: rgb(68, 68, 68);\">V\u00e1rios parceiros anunciam em nosso nome e as cookies de rastreio de afiliados permitem-nos verificar se os nossos clientes acederam ao nosso site a partir de um dos sites dos nossos parceiros. Desta forma, podemos atribuir-lhes o cr\u00e9dito correspondente e, quando aplic\u00e1vel, permitir que os nossos parceiros afiliados ofere\u00e7am promo\u00e7\u00f5es que possam incentivar a realiza\u00e7\u00e3o de compras.<\/span><\/li>\n<\/ul>\n\n\n\n<p><br><\/p>\n\n\n\n<p><\/p>\n\n\n\n<h3 class=\"wp-block-heading\"><span style=\"color: rgb(68, 68, 68);\">Compromisso do Utilizador<\/span><\/h3>\n\n\n\n<p><span style=\"color: rgb(68, 68, 68);\">O Utilizador compromete-se a utilizar os conte\u00fados e as informa\u00e7\u00f5es disponibilizados pela Andrade Pimenta no s\u00edtio web de forma adequada e com car\u00e1ter meramente enunciativo, sem preju\u00edzo de outros usos.<\/span><\/p>\n\n\n\n<ul class=\"wp-block-list\">\n<li><span style=\"color: rgb(68, 68, 68);\">A) \u00c9 expressamente vedado o envolvimento em atividades que constituam il\u00edcito ou que contrariem a boa-f\u00e9 e a ordem p\u00fablica.<\/span><\/li>\n\n\n\n<li><span style=\"color: rgb(68, 68, 68);\">B) Em conformidade com as diretrizes estabelecidas, \u00e9 expressamente vedado a todos os intervenientes a difus\u00e3o de propaganda ou conte\u00fado de natureza racista, xen\u00f3foba, de jogos de sorte ou azar, pornografia ilegal, de apologia ao terrorismo ou que seja contr\u00e1ria aos direitos humanos.<\/span><\/li>\n\n\n\n<li><span style=\"color: rgb(68, 68, 68);\">C)\u00c9 expressamente vedado causar danos aos sistemas f\u00edsicos (hardware) e l\u00f3gicos (software) da Andrade Pimenta, dos seus fornecedores ou terceiros, com o objetivo de introduzir ou disseminar v\u00edrus inform\u00e1ticos ou quaisquer outros sistemas de hardware ou software que sejam capazes de causar os danos anteriormente mencionados.<\/span><\/li>\n<\/ul>\n\n\n\n<h3 class=\"wp-block-heading\"><span style=\"color: rgb(68, 68, 68);\">Mais informa\u00e7\u00f5es<\/span><\/h3>\n\n\n\n<p>Para obter informa\u00e7\u00f5es mais detalhadas, por favor, consulte a sec\u00e7\u00e3o anterior.<br>Espera-se que o assunto esteja devidamente esclarecido. Se tiver alguma d\u00favida quanto \u00e0 necessidade de ativar os cookies, \u00e9 aconselh\u00e1vel faz\u00ea-lo, a fim de garantir a seguran\u00e7a na utiliza\u00e7\u00e3o dos recursos do nosso site.<\/p>\n\n\n\n<p><span style=\"color: rgb(68, 68, 68);\">Esta pol\u00edtica \u00e9 efetiva a partir de&nbsp;01 Janeiro 2025 <\/span><\/p>\n\n\n\n<p><\/p>","protected":false},"excerpt":{"rendered":"<p>Pol\u00edtica Privacidade A prote\u00e7\u00e3o da sua privacidade constitui uma prioridade para n\u00f3s. A pol\u00edtica da&hellip;<\/p>","protected":false},"author":1,"featured_media":21333,"parent":0,"menu_order":0,"comment_status":"closed","ping_status":"closed","template":"","meta":{"_acf_changed":false,"footnotes":""},"class_list":["post-12954","page","type-page","status-publish","has-post-thumbnail","hentry"],"acf":[],"_links":{"self":[{"href":"https:\/\/andradepimenta.com\/fr\/wp-json\/wp\/v2\/pages\/12954","targetHints":{"allow":["GET"]}}],"collection":[{"href":"https:\/\/andradepimenta.com\/fr\/wp-json\/wp\/v2\/pages"}],"about":[{"href":"https:\/\/andradepimenta.com\/fr\/wp-json\/wp\/v2\/types\/page"}],"author":[{"embeddable":true,"href":"https:\/\/andradepimenta.com\/fr\/wp-json\/wp\/v2\/users\/1"}],"replies":[{"embeddable":true,"href":"https:\/\/andradepimenta.com\/fr\/wp-json\/wp\/v2\/comments?post=12954"}],"version-history":[{"count":8,"href":"https:\/\/andradepimenta.com\/fr\/wp-json\/wp\/v2\/pages\/12954\/revisions"}],"predecessor-version":[{"id":28115,"href":"https:\/\/andradepimenta.com\/fr\/wp-json\/wp\/v2\/pages\/12954\/revisions\/28115"}],"wp:featuredmedia":[{"embeddable":true,"href":"https:\/\/andradepimenta.com\/fr\/wp-json\/wp\/v2\/media\/21333"}],"wp:attachment":[{"href":"https:\/\/andradepimenta.com\/fr\/wp-json\/wp\/v2\/media?parent=12954"}],"curies":[{"name":"wp","href":"https:\/\/api.w.org\/{rel}","templated":true}]}}