{"id":25557,"date":"2025-06-27T10:18:58","date_gmt":"2025-06-27T10:18:58","guid":{"rendered":"https:\/\/andradepimenta.com\/?page_id=25557"},"modified":"2026-03-04T16:20:03","modified_gmt":"2026-03-04T16:20:03","slug":"inspiracao","status":"publish","type":"page","link":"https:\/\/andradepimenta.com\/fr\/inspiracao\/","title":{"rendered":"Inspiration"},"content":{"rendered":"\t\t<div data-elementor-type=\"wp-page\" data-elementor-id=\"25557\" class=\"elementor elementor-25557\" data-elementor-post-type=\"page\">\n\t\t\t\t\t\t<section class=\"elementor-section elementor-top-section elementor-element elementor-element-065070b elementor-section-boxed elementor-section-height-default elementor-section-height-default sc_fly_static\" data-id=\"065070b\" data-element_type=\"section\" data-e-type=\"section\">\n\t\t\t\t\t\t<div class=\"elementor-container elementor-column-gap-extended\">\n\t\t\t\t\t<div class=\"elementor-column elementor-col-100 elementor-top-column elementor-element elementor-element-147e031 sc_content_align_inherit sc_layouts_column_icons_position_left sc_fly_static\" data-id=\"147e031\" data-element_type=\"column\" data-e-type=\"column\">\n\t\t\t<div class=\"elementor-widget-wrap elementor-element-populated\">\n\t\t\t\t\t\t<div class=\"elementor-element elementor-element-01229f2 sc_fly_static elementor-widget elementor-widget-heading\" data-id=\"01229f2\" data-element_type=\"widget\" data-e-type=\"widget\" data-widget_type=\"heading.default\">\n\t\t\t\t<div class=\"elementor-widget-container\">\n\t\t\t\t\t<h2 class=\"elementor-heading-title elementor-size-default\">dicas &amp; tend\u00eancias<\/h2>\t\t\t\t<\/div>\n\t\t\t\t<\/div>\n\t\t\t\t<div class=\"elementor-element elementor-element-179873e sc_fly_static elementor-widget elementor-widget-heading\" data-id=\"179873e\" data-element_type=\"widget\" data-e-type=\"widget\" data-widget_type=\"heading.default\">\n\t\t\t\t<div class=\"elementor-widget-container\">\n\t\t\t\t\t<h2 class=\"elementor-heading-title elementor-size-default\">Inspira\u00e7\u00e3o<\/h2>\t\t\t\t<\/div>\n\t\t\t\t<\/div>\n\t\t\t\t\t<\/div>\n\t\t<\/div>\n\t\t\t\t\t<\/div>\n\t\t<\/section>\n\t\t\t\t<section class=\"elementor-section elementor-top-section elementor-element elementor-element-2bd86d98 elementor-section-full_width elementor-section-stretched elementor-section-height-default elementor-section-height-default sc_fly_static\" data-id=\"2bd86d98\" data-element_type=\"section\" data-e-type=\"section\" data-settings=\"{&quot;stretch_section&quot;:&quot;section-stretched&quot;,&quot;background_background&quot;:&quot;classic&quot;}\">\n\t\t\t\t\t\t<div class=\"elementor-container elementor-column-gap-extended\">\n\t\t\t\t\t<div class=\"elementor-column elementor-col-100 elementor-top-column elementor-element elementor-element-6cd9f7 sc_content_align_inherit sc_layouts_column_icons_position_left sc_fly_static\" data-id=\"6cd9f7\" data-element_type=\"column\" data-e-type=\"column\">\n\t\t\t<div class=\"elementor-widget-wrap elementor-element-populated\">\n\t\t\t\t\t\t<div class=\"elementor-element elementor-element-9f192c3 sc_height_large sc_fly_static elementor-widget elementor-widget-spacer\" data-id=\"9f192c3\" data-element_type=\"widget\" data-e-type=\"widget\" data-widget_type=\"spacer.default\">\n\t\t\t\t<div class=\"elementor-widget-container\">\n\t\t\t\t\t\t\t<div class=\"elementor-spacer\">\n\t\t\t<div class=\"elementor-spacer-inner\"><\/div>\n\t\t<\/div>\n\t\t\t\t\t\t<\/div>\n\t\t\t\t<\/div>\n\t\t\t\t<div class=\"elementor-element elementor-element-e89edfb elementor-button-align-start elementor-hidden-mobile sc_layouts_hide_on_tablet sc_layouts_hide_on_mobile sc_fly_static elementor-widget elementor-widget-form\" data-id=\"e89edfb\" data-element_type=\"widget\" data-e-type=\"widget\" data-settings=\"{&quot;step_next_label&quot;:&quot;Next&quot;,&quot;step_previous_label&quot;:&quot;Previous&quot;,&quot;button_width&quot;:&quot;100&quot;,&quot;step_type&quot;:&quot;number_text&quot;,&quot;step_icon_shape&quot;:&quot;circle&quot;}\" data-widget_type=\"form.default\">\n\t\t\t\t<div class=\"elementor-widget-container\">\n\t\t\t\t\t\t\t<form class=\"elementor-form\" method=\"post\" name=\"New Form\" aria-label=\"New Form\">\n\t\t\t<input type=\"hidden\" name=\"post_id\" value=\"25557\"\/>\n\t\t\t<input type=\"hidden\" name=\"form_id\" value=\"e89edfb\"\/>\n\t\t\t<input type=\"hidden\" name=\"referer_title\" value=\"Inspira\u00e7\u00e3o\" \/>\n\n\t\t\t\t\t\t\t<input type=\"hidden\" name=\"queried_id\" value=\"25557\"\/>\n\t\t\t\n\t\t\t<div class=\"elementor-form-fields-wrapper elementor-labels-above\">\n\t\t\t\t\t\t\t\t<div class=\"elementor-field-type-email elementor-field-group elementor-column elementor-field-group-email elementor-col-100 elementor-field-required\">\n\t\t\t\t\t\t\t\t\t\t\t\t\t<input size=\"1\" type=\"email\" name=\"form_fields[email]\" id=\"form-field-email\" class=\"elementor-field elementor-size-sm  elementor-field-textual\" placeholder=\"Receba todas as novidades, no seu email\" required=\"required\">\n\t\t\t\t\t\t\t\t\t\t\t<\/div>\n\t\t\t\t\t\t\t\t<div class=\"elementor-field-group elementor-column elementor-field-type-submit elementor-col-100 e-form__buttons\">\n\t\t\t\t\t<button class=\"elementor-button elementor-size-sm\" type=\"submit\">\n\t\t\t\t\t\t<span class=\"elementor-button-content-wrapper\">\n\t\t\t\t\t\t\t\t\t\t\t\t\t\t\t<span class=\"elementor-button-icon\">\n\t\t\t\t\t\t\t\t\t<i aria-hidden=\"true\" class=\"fas fa-location-arrow\"><\/i>\t\t\t\t\t\t\t\t\t\t\t\t\t\t\t\t\t<\/span>\n\t\t\t\t\t\t\t\t\t\t\t\t\t\t\t\t\t\t\t\t\t\t<span class=\"elementor-button-text\">Quero receber<\/span>\n\t\t\t\t\t\t\t\t\t\t\t\t\t<\/span>\n\t\t\t\t\t<\/button>\n\t\t\t\t<\/div>\n\t\t\t<\/div>\n\t\t<\/form>\n\t\t\t\t\t\t<\/div>\n\t\t\t\t<\/div>\n\t\t\t\t<div class=\"elementor-element elementor-element-e90230c elementor-button-align-start elementor-hidden-desktop elementor-hidden-tablet sc_layouts_hide_on_wide sc_layouts_hide_on_desktop sc_layouts_hide_on_notebook sc_fly_static elementor-widget elementor-widget-form\" data-id=\"e90230c\" data-element_type=\"widget\" data-e-type=\"widget\" data-settings=\"{&quot;step_next_label&quot;:&quot;Next&quot;,&quot;step_previous_label&quot;:&quot;Previous&quot;,&quot;button_width&quot;:&quot;100&quot;,&quot;step_type&quot;:&quot;number_text&quot;,&quot;step_icon_shape&quot;:&quot;circle&quot;}\" data-widget_type=\"form.default\">\n\t\t\t\t<div class=\"elementor-widget-container\">\n\t\t\t\t\t\t\t<form class=\"elementor-form\" method=\"post\" name=\"New Form\" aria-label=\"New Form\">\n\t\t\t<input type=\"hidden\" name=\"post_id\" value=\"25557\"\/>\n\t\t\t<input type=\"hidden\" name=\"form_id\" value=\"e90230c\"\/>\n\t\t\t<input type=\"hidden\" name=\"referer_title\" value=\"Inspira\u00e7\u00e3o\" \/>\n\n\t\t\t\t\t\t\t<input type=\"hidden\" name=\"queried_id\" value=\"25557\"\/>\n\t\t\t\n\t\t\t<div class=\"elementor-form-fields-wrapper elementor-labels-above\">\n\t\t\t\t\t\t\t\t<div class=\"elementor-field-type-email elementor-field-group elementor-column elementor-field-group-email elementor-col-100 elementor-field-required\">\n\t\t\t\t\t\t\t\t\t\t\t\t\t<input size=\"1\" type=\"email\" name=\"form_fields[email]\" id=\"form-field-email\" class=\"elementor-field elementor-size-sm  elementor-field-textual\" placeholder=\"Todas as novidades, no seu email.\" required=\"required\">\n\t\t\t\t\t\t\t\t\t\t\t<\/div>\n\t\t\t\t\t\t\t\t<div class=\"elementor-field-group elementor-column elementor-field-type-submit elementor-col-100 e-form__buttons\">\n\t\t\t\t\t<button class=\"elementor-button elementor-size-sm\" type=\"submit\">\n\t\t\t\t\t\t<span class=\"elementor-button-content-wrapper\">\n\t\t\t\t\t\t\t\t\t\t\t\t\t\t\t<span class=\"elementor-button-icon\">\n\t\t\t\t\t\t\t\t\t<i aria-hidden=\"true\" class=\"fas fa-location-arrow\"><\/i>\t\t\t\t\t\t\t\t\t\t\t\t\t\t\t\t\t<\/span>\n\t\t\t\t\t\t\t\t\t\t\t\t\t\t\t\t\t\t\t\t\t\t<span class=\"elementor-button-text\">Quero receber<\/span>\n\t\t\t\t\t\t\t\t\t\t\t\t\t<\/span>\n\t\t\t\t\t<\/button>\n\t\t\t\t<\/div>\n\t\t\t<\/div>\n\t\t<\/form>\n\t\t\t\t\t\t<\/div>\n\t\t\t\t<\/div>\n\t\t\t\t<div class=\"elementor-element elementor-element-693aaa7 sc_height_medium sc_fly_static elementor-widget elementor-widget-spacer\" data-id=\"693aaa7\" data-element_type=\"widget\" data-e-type=\"widget\" data-widget_type=\"spacer.default\">\n\t\t\t\t<div class=\"elementor-widget-container\">\n\t\t\t\t\t\t\t<div class=\"elementor-spacer\">\n\t\t\t<div class=\"elementor-spacer-inner\"><\/div>\n\t\t<\/div>\n\t\t\t\t\t\t<\/div>\n\t\t\t\t<\/div>\n\t\t\t\t<div class=\"elementor-element elementor-element-4336064 sc_style_default sc_fly_static elementor-widget elementor-widget-trx_sc_blogger\" data-id=\"4336064\" data-element_type=\"widget\" data-e-type=\"widget\" data-widget_type=\"trx_sc_blogger.default\">\n\t\t\t\t<div class=\"elementor-widget-container\">\n\t\t\t\t\t<div \t\tclass=\"sc_blogger sc_blogger_classic sc_blogger_classic_default sc_item_filters_tabs_none alignnone\" ><div class=\"sc_blogger_content sc_item_content sc_item_posts_container posts_container classic_wrap classic_3 columns_wrap columns_padding_bottom\" ><div class=\"column-1_3\"><article id=\"post-27368\" data-post-id=\"27368\"\r\n\tclass=\"post_item post_item_container post_format_link post_layout_classic post_layout_classic_3 post-27368 post type-post status-publish format-link has-post-thumbnail hentry category-catalogos tag-catalogo tag-cozinha tag-inspiracao tag-exterior tag-casa-de-banho post_format-post-format-link\">\r\n\t<div class=\"post_featured with_thumb hover_link\"><img fetchpriority=\"high\" decoding=\"async\" width=\"840\" height=\"450\" src=\"https:\/\/andradepimenta.com\/wp-content\/uploads\/2026\/02\/Andrade_pimenta_love_ground-840x450.webp\" class=\"attachment-the-pipes-thumb-big size-the-pipes-thumb-big wp-post-image\" alt=\"\" \/>\t\t\t\t\t\t<div class=\"mask\"><\/div>\r\n\t\t\t\t\t\t\t\t\t<a href=\"https:\/\/andradepimenta.com\/fr\/primavera-em-construcao\/\"  aria-hidden=\"true\" class=\"link\"><\/a>\r\n\t\t\t<\/div>\t\t<div class=\"post_header entry-header\">\r\n\t\t\t<div class=\"post_meta\"><span class=\"post_meta_item post_categories cat_sep\"><a href=\"https:\/\/andradepimenta.com\/fr\/category\/catalogos\/\" rel=\"category tag\">Cat\u00e1logos<\/a><\/span><\/div><h4 class=\"post_title entry-title\"><a href=\"https:\/\/andradepimenta.com\/fr\/primavera-em-construcao\/\" rel=\"bookmark\">Primavera em constru\u00e7\u00e3o<\/a><\/h4>\t\t<\/div><!-- .entry-header -->\r\n\t\t\r\n<\/article><\/div><div class=\"column-1_3\"><article id=\"post-27366\" data-post-id=\"27366\"\r\n\tclass=\"post_item post_item_container post_format_link post_layout_classic post_layout_classic_3 post-27366 post type-post status-publish format-link has-post-thumbnail hentry category-catalogos tag-catalogo tag-cozinha tag-inspiracao tag-exterior tag-casa-de-banho post_format-post-format-link\">\r\n\t<div class=\"post_featured with_thumb hover_link\"><img decoding=\"async\" width=\"840\" height=\"450\" src=\"https:\/\/andradepimenta.com\/wp-content\/uploads\/2026\/02\/Andrade_pimenta_gme_cassio_torneira_embutida_lavatorio-1-840x450.webp\" class=\"attachment-the-pipes-thumb-big size-the-pipes-thumb-big wp-post-image\" alt=\"\" \/>\t\t\t\t\t\t<div class=\"mask\"><\/div>\r\n\t\t\t\t\t\t\t\t\t<a href=\"https:\/\/andradepimenta.com\/fr\/inspiracao-que-ganha-forma\/\"  aria-hidden=\"true\" class=\"link\"><\/a>\r\n\t\t\t<\/div>\t\t<div class=\"post_header entry-header\">\r\n\t\t\t<div class=\"post_meta\"><span class=\"post_meta_item post_categories cat_sep\"><a href=\"https:\/\/andradepimenta.com\/fr\/category\/catalogos\/\" rel=\"category tag\">Cat\u00e1logos<\/a><\/span><\/div><h4 class=\"post_title entry-title\"><a href=\"https:\/\/andradepimenta.com\/fr\/inspiracao-que-ganha-forma\/\" rel=\"bookmark\">Inspira\u00e7\u00e3o que ganha forma<\/a><\/h4>\t\t<\/div><!-- .entry-header -->\r\n\t\t\r\n<\/article><\/div><div class=\"column-1_3\"><article id=\"post-27362\" data-post-id=\"27362\"\r\n\tclass=\"post_item post_item_container post_format_link post_layout_classic post_layout_classic_3 post-27362 post type-post status-publish format-link has-post-thumbnail hentry category-catalogos tag-cozinha tag-inspiracao tag-exterior tag-casa-de-banho tag-catalogo post_format-post-format-link\">\r\n\t<div class=\"post_featured with_thumb hover_link\"><img decoding=\"async\" width=\"840\" height=\"450\" src=\"https:\/\/andradepimenta.com\/wp-content\/uploads\/2025\/11\/sanita-two-compacta-archvaladares-andrade-pimenta_04-840x450.webp\" class=\"attachment-the-pipes-thumb-big size-the-pipes-thumb-big wp-post-image\" alt=\"\" srcset=\"https:\/\/andradepimenta.com\/wp-content\/uploads\/2025\/11\/sanita-two-compacta-archvaladares-andrade-pimenta_04-840x450.webp 840w, https:\/\/andradepimenta.com\/wp-content\/uploads\/2025\/11\/sanita-two-compacta-archvaladares-andrade-pimenta_04-18x10.webp 18w\" sizes=\"(max-width: 840px) 100vw, 840px\" \/>\t\t\t\t\t\t<div class=\"mask\"><\/div>\r\n\t\t\t\t\t\t\t\t\t<a href=\"https:\/\/andradepimenta.com\/fr\/projetar-2026\/\"  aria-hidden=\"true\" class=\"link\"><\/a>\r\n\t\t\t<\/div>\t\t<div class=\"post_header entry-header\">\r\n\t\t\t<div class=\"post_meta\"><span class=\"post_meta_item post_categories cat_sep\"><a href=\"https:\/\/andradepimenta.com\/fr\/category\/catalogos\/\" rel=\"category tag\">Cat\u00e1logos<\/a><\/span><\/div><h4 class=\"post_title entry-title\"><a href=\"https:\/\/andradepimenta.com\/fr\/projetar-2026\/\" rel=\"bookmark\">Projetar 2026<\/a><\/h4>\t\t<\/div><!-- .entry-header -->\r\n\t\t\r\n<\/article><\/div><div class=\"column-1_3\"><article id=\"post-27353\" data-post-id=\"27353\"\r\n\tclass=\"post_item post_item_container post_format_image post_layout_classic post_layout_classic_3 post-27353 post type-post status-publish format-image has-post-thumbnail hentry category-tendencias tag-tendencias tag-cozinha tag-inspiracao tag-casa-de-banho post_format-post-format-image\">\r\n\t<div class=\"post_featured with_thumb hover_link\"><img loading=\"lazy\" decoding=\"async\" width=\"840\" height=\"450\" src=\"https:\/\/andradepimenta.com\/wp-content\/uploads\/2026\/03\/andrade_pimenta_Revestimento_Gresart_kech_3-edited-840x450.webp\" class=\"attachment-the-pipes-thumb-big size-the-pipes-thumb-big wp-post-image\" alt=\"\" \/>\t\t\t\t\t\t<div class=\"mask\"><\/div>\r\n\t\t\t\t\t\t\t\t\t<a href=\"https:\/\/andradepimenta.com\/fr\/tendencias-de-ceramica-para-interiores-em-2026\/\"  aria-hidden=\"true\" class=\"link\"><\/a>\r\n\t\t\t<\/div>\t\t<div class=\"post_header entry-header\">\r\n\t\t\t<div class=\"post_meta\"><span class=\"post_meta_item post_categories cat_sep\"><a href=\"https:\/\/andradepimenta.com\/fr\/category\/tendencias\/\" rel=\"category tag\">Tend\u00eancias<\/a><\/span><\/div><h4 class=\"post_title entry-title\"><a href=\"https:\/\/andradepimenta.com\/fr\/tendencias-de-ceramica-para-interiores-em-2026\/\" rel=\"bookmark\">Tend\u00eancias de Cer\u00e2mica para Interiores em 2026<\/a><\/h4>\t\t<\/div><!-- .entry-header -->\r\n\t\t\r\n<\/article><\/div><div class=\"column-1_3\"><article id=\"post-26999\" data-post-id=\"26999\"\r\n\tclass=\"post_item post_item_container post_format_image post_layout_classic post_layout_classic_3 post-26999 post type-post status-publish format-image has-post-thumbnail hentry category-tendencias tag-tendencias tag-cozinha tag-inspiracao tag-casa-de-banho post_format-post-format-image\">\r\n\t<div class=\"post_featured with_thumb hover_link\"><img loading=\"lazy\" decoding=\"async\" width=\"840\" height=\"450\" src=\"https:\/\/andradepimenta.com\/wp-content\/uploads\/2020\/05\/travertino-classic-1-revigres-andrade-pimenta-840x450.webp\" class=\"attachment-the-pipes-thumb-big size-the-pipes-thumb-big wp-post-image\" alt=\"\" \/>\t\t\t\t\t\t<div class=\"mask\"><\/div>\r\n\t\t\t\t\t\t\t\t\t<a href=\"https:\/\/andradepimenta.com\/fr\/tendencias-ceramica-interiores-2026\/\"  aria-hidden=\"true\" class=\"link\"><\/a>\r\n\t\t\t<\/div>\t\t<div class=\"post_header entry-header\">\r\n\t\t\t<div class=\"post_meta\"><span class=\"post_meta_item post_categories cat_sep\"><a href=\"https:\/\/andradepimenta.com\/fr\/category\/tendencias\/\" rel=\"category tag\">Tend\u00eancias<\/a><\/span><\/div><h4 class=\"post_title entry-title\"><a href=\"https:\/\/andradepimenta.com\/fr\/tendencias-ceramica-interiores-2026\/\" rel=\"bookmark\">Pavimentos para Cada Divis\u00e3o da Casa<\/a><\/h4>\t\t<\/div><!-- .entry-header -->\r\n\t\t\r\n<\/article><\/div><div class=\"column-1_3\"><article id=\"post-27022\" data-post-id=\"27022\"\r\n\tclass=\"post_item post_item_container post_format_link post_layout_classic post_layout_classic_3 post-27022 post type-post status-publish format-link has-post-thumbnail hentry category-catalogos tag-casa-de-banho tag-catalogo tag-cozinha tag-inspiracao tag-exterior post_format-post-format-link\">\r\n\t<div class=\"post_featured with_thumb hover_link\"><img loading=\"lazy\" decoding=\"async\" width=\"840\" height=\"450\" src=\"https:\/\/andradepimenta.com\/wp-content\/uploads\/2025\/05\/rondo-espelho-4-banhoazis-andrade-pimenta-840x450.gif\" class=\"attachment-the-pipes-thumb-big size-the-pipes-thumb-big wp-post-image\" alt=\"\" \/>\t\t\t\t\t\t<div class=\"mask\"><\/div>\r\n\t\t\t\t\t\t\t\t\t<a href=\"https:\/\/andradepimenta.com\/fr\/catalogo-primavera-26\/\"  aria-hidden=\"true\" class=\"link\"><\/a>\r\n\t\t\t<\/div>\t\t<div class=\"post_header entry-header\">\r\n\t\t\t<div class=\"post_meta\"><span class=\"post_meta_item post_categories cat_sep\"><a href=\"https:\/\/andradepimenta.com\/fr\/category\/catalogos\/\" rel=\"category tag\">Cat\u00e1logos<\/a><\/span><\/div><h4 class=\"post_title entry-title\"><a href=\"https:\/\/andradepimenta.com\/fr\/catalogo-primavera-26\/\" rel=\"bookmark\">Ambientes que acolhem<\/a><\/h4>\t\t<\/div><!-- .entry-header -->\r\n\t\t\r\n<\/article><\/div><div class=\"column-1_3\"><article id=\"post-23264\" data-post-id=\"23264\"\r\n\tclass=\"post_item post_item_container post_format_link post_layout_classic post_layout_classic_3 post-23264 post type-post status-publish format-link has-post-thumbnail hentry category-catalogos tag-catalogo tag-cozinha tag-inspiracao tag-exterior tag-casa-de-banho post_format-post-format-link\">\r\n\t<div class=\"post_featured with_thumb hover_link\"><img loading=\"lazy\" decoding=\"async\" width=\"840\" height=\"450\" src=\"https:\/\/andradepimenta.com\/wp-content\/uploads\/2025\/05\/torneira-cozinha-noah-gme-2-andrade-pimenta-e1746904166822-840x450.webp\" class=\"attachment-the-pipes-thumb-big size-the-pipes-thumb-big wp-post-image\" alt=\"\" \/>\t\t\t\t\t\t<div class=\"mask\"><\/div>\r\n\t\t\t\t\t\t\t\t\t<a href=\"https:\/\/andradepimenta.com\/fr\/catalogo-novembro-25\/\"  aria-hidden=\"true\" class=\"link\"><\/a>\r\n\t\t\t<\/div>\t\t<div class=\"post_header entry-header\">\r\n\t\t\t<div class=\"post_meta\"><span class=\"post_meta_item post_categories cat_sep\"><a href=\"https:\/\/andradepimenta.com\/fr\/category\/catalogos\/\" rel=\"category tag\">Cat\u00e1logos<\/a><\/span><\/div><h4 class=\"post_title entry-title\"><a href=\"https:\/\/andradepimenta.com\/fr\/catalogo-novembro-25\/\" rel=\"bookmark\">Ess\u00eancia e Estrutura<\/a><\/h4>\t\t<\/div><!-- .entry-header -->\r\n\t\t\r\n<\/article><\/div><\/div><\/div>\t\t\t\t<\/div>\n\t\t\t\t<\/div>\n\t\t\t\t<div class=\"elementor-element elementor-element-4e82824 sc_height_huge sc_fly_static elementor-widget elementor-widget-spacer\" data-id=\"4e82824\" data-element_type=\"widget\" data-e-type=\"widget\" data-widget_type=\"spacer.default\">\n\t\t\t\t<div class=\"elementor-widget-container\">\n\t\t\t\t\t\t\t<div class=\"elementor-spacer\">\n\t\t\t<div class=\"elementor-spacer-inner\"><\/div>\n\t\t<\/div>\n\t\t\t\t\t\t<\/div>\n\t\t\t\t<\/div>\n\t\t\t\t\t<\/div>\n\t\t<\/div>\n\t\t\t\t\t<\/div>\n\t\t<\/section>\n\t\t\t\t<\/div>\n\t\t","protected":false},"excerpt":{"rendered":"<p>dicas &amp; tend\u00eancias Inspira\u00e7\u00e3o Cat\u00e1logos Primavera em constru\u00e7\u00e3o Cat\u00e1logos Inspira\u00e7\u00e3o que ganha forma Cat\u00e1logos Projetar&hellip;<\/p>","protected":false},"author":1,"featured_media":22808,"parent":0,"menu_order":0,"comment_status":"closed","ping_status":"closed","template":"","meta":{"_acf_changed":false,"footnotes":""},"class_list":["post-25557","page","type-page","status-publish","has-post-thumbnail","hentry"],"acf":[],"_links":{"self":[{"href":"https:\/\/andradepimenta.com\/fr\/wp-json\/wp\/v2\/pages\/25557","targetHints":{"allow":["GET"]}}],"collection":[{"href":"https:\/\/andradepimenta.com\/fr\/wp-json\/wp\/v2\/pages"}],"about":[{"href":"https:\/\/andradepimenta.com\/fr\/wp-json\/wp\/v2\/types\/page"}],"author":[{"embeddable":true,"href":"https:\/\/andradepimenta.com\/fr\/wp-json\/wp\/v2\/users\/1"}],"replies":[{"embeddable":true,"href":"https:\/\/andradepimenta.com\/fr\/wp-json\/wp\/v2\/comments?post=25557"}],"version-history":[{"count":55,"href":"https:\/\/andradepimenta.com\/fr\/wp-json\/wp\/v2\/pages\/25557\/revisions"}],"predecessor-version":[{"id":27391,"href":"https:\/\/andradepimenta.com\/fr\/wp-json\/wp\/v2\/pages\/25557\/revisions\/27391"}],"wp:featuredmedia":[{"embeddable":true,"href":"https:\/\/andradepimenta.com\/fr\/wp-json\/wp\/v2\/media\/22808"}],"wp:attachment":[{"href":"https:\/\/andradepimenta.com\/fr\/wp-json\/wp\/v2\/media?parent=25557"}],"curies":[{"name":"wp","href":"https:\/\/api.w.org\/{rel}","templated":true}]}}