{"id":22666,"date":"2025-05-13T17:44:01","date_gmt":"2025-05-13T17:44:01","guid":{"rendered":"https:\/\/andradepimenta.com\/?post_type=product&#038;p=22666"},"modified":"2025-07-16T15:26:36","modified_gmt":"2025-07-16T15:26:36","slug":"mobil-acessorios-inox","status":"publish","type":"product","link":"https:\/\/andradepimenta.com\/fr\/product\/mobil-acessorios-inox\/","title":{"rendered":"MOBIL Accessoires Inox"},"content":{"rendered":"<p><img decoding=\"async\" class=\"aligncenter\" style=\"width: 70%; height: 400px; object-fit: cover; display: block; margin: auto; padding-bottom: 10px; padding-top: 20px;\" src=\"https:\/\/andradepimenta.com\/wp-content\/uploads\/2020\/05\/mobil-sanitana-2-andrade-pimenta.webp\" alt=\"MOBIL Acess\u00f3rios Inox SANITANA Andrade Pimenta\" \/><\/p>\n<p><img decoding=\"async\" class=\"alignleft\" style=\"width: 300px; height: 300px; object-fit: cover; display: block; margin: auto;\" src=\"https:\/\/andradepimenta.com\/wp-content\/uploads\/2025\/05\/mobil-acessorios-inox-1-sanitana-andrade-pimenta.webp\" alt=\"MOBIL Acess\u00f3rios Inox SANITANA Andrade Pimenta\" \/><\/p>\n<p>&nbsp;<\/p>\n<p class=\"teste\" style=\"max-width: 80%; padding-bottom: 40px;\">Le <strong data-start=\"2\" data-end=\"17\">s\u00e9rie Mobil<\/strong> de Sanitana est sp\u00e9cialement con\u00e7ue pour faciliter le quotidien des personnes \u00e0 mobilit\u00e9 r\u00e9duite, en proposant des solutions ergonomiques et fonctionnelles pour des salles de bains accessibles.<\/p>\n<h3>Confort et accessibilit\u00e9<\/h3>\n<p class=\"legenda\" style=\"font-size: 12px; text-transform: uppercase; letter-spacing: 2px;\">garantissez la collection WC, lavabo, miroir et accessoires<\/p>\n<p>&nbsp;<\/p>","protected":false},"excerpt":{"rendered":"<p><span style=\"font-size: 15px; line-height: 5px; color: grey;\"><strong><br \/>\n<i class=\"fas fa-minus\"><\/i>\u00a0 Collection MOBILE<\/strong> accompagn\u00e9e d'un <a href=\"https:\/\/andradepimenta.com\/fr\/product\/mobil-sanita\/\">WC<\/a> \/ <a href=\"https:\/\/andradepimenta.com\/fr\/product\/mobil-lavatorio\/\">Lavabo<\/a> \/ <a href=\"https:\/\/andradepimenta.com\/fr\/product\/mobil-espelho\/\">Mirroir<\/a><strong><br \/>\n<i class=\"fas fa-minus\"><\/i>\u00a0 Dimensions <\/strong>600 mm x 800 mm\u00a0 \/ 7 Kg<strong><br \/>\n<i class=\"fas fa-minus\"><\/i>\u00a0 Info<\/strong> Kit de fixation inclus<br \/>\n<strong><i class=\"fas fa-minus\"><\/i>\u00a0 Mat\u00e9riel <\/strong>Acier inoxydable AISI 304<\/span><\/p>\n<p><span style=\"margin: auto; width: 50%; text-align: center;\">\t<\/p>\n<div class=\"wrap_svl_center\">\n<div class=\"wrap_svl_center_box\">\n<div class=\"wrap_svl\" id=\"body_drag_22649\">\n<div class=\"images_wrap\">\n                            <img decoding=\"async\" src=\"https:\/\/andradepimenta.com\/wp-content\/uploads\/2025\/05\/mobil-sanita-espelho-lavatorio-acessorios-inox-sanitana-andrade-pimenta-e1747157036898.png\" alt=\"\">\n            \t\t<\/div>\n<div class=\"drag_element tips\" style=\"top:67.04%;left:21.04%;\" >\n<div class=\"point_style  ihotspot_tooltop_html\" data-placement=\"n\" data-html=\"\t\t \t\t\t                  &lt;div class=&quot;box_view_html&quot;&gt;\t\t\t\t\t&lt;span class=&quot;close_ihp&quot;&gt;\t\t\t\t\t\t&lt;svg version=&quot;1.1&quot; xmlns=&quot;http:\/\/www.w3.org\/2000\/svg&quot; xmlns:xlink=&quot;http:\/\/www.w3.org\/1999\/xlink&quot; x=&quot;0px&quot; y=&quot;0px&quot; viewBox=&quot;0 0 1000 1000&quot; enable-background=&quot;new 0 0 1000 1000&quot; xml:space=&quot;preserve&quot;&gt;&lt;g&gt;&lt;path d=&quot;M153.7,153.7C57.9,249.5,10,365.3,10,499c0,135.7,47.9,251.5,143.7,347.3l0,0C249.5,942.1,363.3,990,499,990c135.7,0,251.5-47.9,347.3-143.7C942.1,750.5,990,634.7,990,499c0-135.7-47.9-249.5-143.7-345.3l0,0C750.5,57.9,634.7,10,499,10C365.3,10,249.5,57.9,153.7,153.7z M209.6,211.6l2-2C289.4,129.7,387.2,89.8,499,89.8c113.8,0,209.6,39.9,291.4,121.8c79.8,77.8,119.8,175.6,119.8,287.4c0,113.8-39.9,209.6-119.8,291.4C708.6,870.3,612.8,910.2,499,910.2c-111.8,0-209.6-39.9-287.4-119.8C129.8,708.6,89.8,612.8,89.8,499C89.8,387.2,129.8,289.4,209.6,211.6z&quot;\/&gt;&lt;path d=&quot;M293.4,331.3c0,12,4,22,12,29.9L443.1,497L305.4,632.7c-8,8-12,18-12,29.9c0,10,4,18,12,26c8,8,18,12,28,12c12,0,20-4,27.9-10L499,552.9l135.7,137.7c8,6,16,10,28,10c12,0,21.9-4,27.9-10c8-8,12-18,12-28c0-12-4-21.9-12-29.9L554.9,497l135.7-135.7c8-8,12-18,12-27.9c0-12-4-22-12-29.9c-6-8-16-12-25.9-12c-12,0-21.9,4-29.9,12L499,441.1L363.3,303.4c-8-8-18-12-29.9-12c-10,0-20,4-28,12C297.4,311.4,293.4,321.4,293.4,331.3z&quot;\/&gt;&lt;\/g&gt;&lt;\/svg&gt;&lt;\/span&gt;\t\t\t\t\t\t&lt;p&gt;MOBIL Lavat\u00f3rio&lt;\/p&gt;\t\t\t\t\t&lt;\/div&gt;\t\t\t \t\t \t\t \"><br \/>\n\t\t \t\t<a href=\"https:\/\/andradepimenta.com\/fr\/product\/mobil-lavatorio\/\" title=\"\" target=\"_self\">\t\t\t \t\t\t\t\t \t\t\t<\/p>\n<div class=\"pins_animation ihotspot_pulse\" style=\"top:-37.00085px;left:-37.00085px;height:74px;width:74px\"><\/div>\n<p>\t\t\t \t\t\t\t\t \t\t<img decoding=\"async\" src=\"https:\/\/andradepimenta.com\/wp-content\/uploads\/2021\/11\/hotspot-blue.png\" class=\"pins_image ihotspot_hastooltop\" style=\"top:-37.00085px;left:-37.00085px\" alt=\"\"><br \/>\n\t\t\t \t\t\t\t \t\t<\/a>\t\t \t<\/div>\n<\/p><\/div>\n<div class=\"drag_element tips\" style=\"top:15.98%;left:18.21%;\" >\n<div class=\"point_style  ihotspot_tooltop_html\" data-placement=\"n\" data-html=\"\t\t \t\t\t                  &lt;div class=&quot;box_view_html&quot;&gt;\t\t\t\t\t&lt;span class=&quot;close_ihp&quot;&gt;\t\t\t\t\t\t&lt;svg version=&quot;1.1&quot; xmlns=&quot;http:\/\/www.w3.org\/2000\/svg&quot; xmlns:xlink=&quot;http:\/\/www.w3.org\/1999\/xlink&quot; x=&quot;0px&quot; y=&quot;0px&quot; viewBox=&quot;0 0 1000 1000&quot; enable-background=&quot;new 0 0 1000 1000&quot; xml:space=&quot;preserve&quot;&gt;&lt;g&gt;&lt;path d=&quot;M153.7,153.7C57.9,249.5,10,365.3,10,499c0,135.7,47.9,251.5,143.7,347.3l0,0C249.5,942.1,363.3,990,499,990c135.7,0,251.5-47.9,347.3-143.7C942.1,750.5,990,634.7,990,499c0-135.7-47.9-249.5-143.7-345.3l0,0C750.5,57.9,634.7,10,499,10C365.3,10,249.5,57.9,153.7,153.7z M209.6,211.6l2-2C289.4,129.7,387.2,89.8,499,89.8c113.8,0,209.6,39.9,291.4,121.8c79.8,77.8,119.8,175.6,119.8,287.4c0,113.8-39.9,209.6-119.8,291.4C708.6,870.3,612.8,910.2,499,910.2c-111.8,0-209.6-39.9-287.4-119.8C129.8,708.6,89.8,612.8,89.8,499C89.8,387.2,129.8,289.4,209.6,211.6z&quot;\/&gt;&lt;path d=&quot;M293.4,331.3c0,12,4,22,12,29.9L443.1,497L305.4,632.7c-8,8-12,18-12,29.9c0,10,4,18,12,26c8,8,18,12,28,12c12,0,20-4,27.9-10L499,552.9l135.7,137.7c8,6,16,10,28,10c12,0,21.9-4,27.9-10c8-8,12-18,12-28c0-12-4-21.9-12-29.9L554.9,497l135.7-135.7c8-8,12-18,12-27.9c0-12-4-22-12-29.9c-6-8-16-12-25.9-12c-12,0-21.9,4-29.9,12L499,441.1L363.3,303.4c-8-8-18-12-29.9-12c-10,0-20,4-28,12C297.4,311.4,293.4,321.4,293.4,331.3z&quot;\/&gt;&lt;\/g&gt;&lt;\/svg&gt;&lt;\/span&gt;\t\t\t\t\t\t&lt;p&gt;MOBIL Espelho&lt;\/p&gt;\t\t\t\t\t&lt;\/div&gt;\t\t\t \t\t \t\t \"><br \/>\n\t\t \t\t<a href=\"https:\/\/andradepimenta.com\/fr\/product\/mobil-espelho\/\" title=\"\" target=\"_self\">\t\t\t \t\t\t\t\t \t\t\t<\/p>\n<div class=\"pins_animation ihotspot_pulse\" style=\"top:-37.00085px;left:-37.00085px;height:74px;width:74px\"><\/div>\n<p>\t\t\t \t\t\t\t\t \t\t<img decoding=\"async\" src=\"https:\/\/andradepimenta.com\/wp-content\/uploads\/2021\/11\/hotspot-blue.png\" class=\"pins_image ihotspot_hastooltop\" style=\"top:-37.00085px;left:-37.00085px\" alt=\"\"><br \/>\n\t\t\t \t\t\t\t \t\t<\/a>\t\t \t<\/div>\n<\/p><\/div>\n<div class=\"drag_element tips\" style=\"top:74.09%;left:55.82%;\" >\n<div class=\"point_style  ihotspot_tooltop_html\" data-placement=\"n\" data-html=\"\t\t \t\t\t                  &lt;div class=&quot;box_view_html&quot;&gt;\t\t\t\t\t&lt;span class=&quot;close_ihp&quot;&gt;\t\t\t\t\t\t&lt;svg version=&quot;1.1&quot; xmlns=&quot;http:\/\/www.w3.org\/2000\/svg&quot; xmlns:xlink=&quot;http:\/\/www.w3.org\/1999\/xlink&quot; x=&quot;0px&quot; y=&quot;0px&quot; viewBox=&quot;0 0 1000 1000&quot; enable-background=&quot;new 0 0 1000 1000&quot; xml:space=&quot;preserve&quot;&gt;&lt;g&gt;&lt;path d=&quot;M153.7,153.7C57.9,249.5,10,365.3,10,499c0,135.7,47.9,251.5,143.7,347.3l0,0C249.5,942.1,363.3,990,499,990c135.7,0,251.5-47.9,347.3-143.7C942.1,750.5,990,634.7,990,499c0-135.7-47.9-249.5-143.7-345.3l0,0C750.5,57.9,634.7,10,499,10C365.3,10,249.5,57.9,153.7,153.7z M209.6,211.6l2-2C289.4,129.7,387.2,89.8,499,89.8c113.8,0,209.6,39.9,291.4,121.8c79.8,77.8,119.8,175.6,119.8,287.4c0,113.8-39.9,209.6-119.8,291.4C708.6,870.3,612.8,910.2,499,910.2c-111.8,0-209.6-39.9-287.4-119.8C129.8,708.6,89.8,612.8,89.8,499C89.8,387.2,129.8,289.4,209.6,211.6z&quot;\/&gt;&lt;path d=&quot;M293.4,331.3c0,12,4,22,12,29.9L443.1,497L305.4,632.7c-8,8-12,18-12,29.9c0,10,4,18,12,26c8,8,18,12,28,12c12,0,20-4,27.9-10L499,552.9l135.7,137.7c8,6,16,10,28,10c12,0,21.9-4,27.9-10c8-8,12-18,12-28c0-12-4-21.9-12-29.9L554.9,497l135.7-135.7c8-8,12-18,12-27.9c0-12-4-22-12-29.9c-6-8-16-12-25.9-12c-12,0-21.9,4-29.9,12L499,441.1L363.3,303.4c-8-8-18-12-29.9-12c-10,0-20,4-28,12C297.4,311.4,293.4,321.4,293.4,331.3z&quot;\/&gt;&lt;\/g&gt;&lt;\/svg&gt;&lt;\/span&gt;\t\t\t\t\t\t&lt;p&gt;MOBIL Sanita&lt;\/p&gt;\t\t\t\t\t&lt;\/div&gt;\t\t\t \t\t \t\t \"><br \/>\n\t\t \t\t<a href=\"https:\/\/andradepimenta.com\/fr\/product\/mobil-sanita\/\" title=\"\" target=\"_self\">\t\t\t \t\t\t\t\t \t\t\t<\/p>\n<div class=\"pins_animation ihotspot_pulse\" style=\"top:-37.00085px;left:-37.00085px;height:74px;width:74px\"><\/div>\n<p>\t\t\t \t\t\t\t\t \t\t<img decoding=\"async\" src=\"https:\/\/andradepimenta.com\/wp-content\/uploads\/2021\/11\/hotspot-blue.png\" class=\"pins_image ihotspot_hastooltop\" style=\"top:-37.00085px;left:-37.00085px\" alt=\"\"><br \/>\n\t\t\t \t\t\t\t \t\t<\/a>\t\t \t<\/div>\n<\/p><\/div>\n<div class=\"drag_element tips\" style=\"top:57.26%;left:88.2%;\" >\n<div class=\"point_style  ihotspot_tooltop_html\" data-placement=\"n\" data-html=\"\t\t \t\t\t                  &lt;div class=&quot;box_view_html&quot;&gt;\t\t\t\t\t&lt;span class=&quot;close_ihp&quot;&gt;\t\t\t\t\t\t&lt;svg version=&quot;1.1&quot; xmlns=&quot;http:\/\/www.w3.org\/2000\/svg&quot; xmlns:xlink=&quot;http:\/\/www.w3.org\/1999\/xlink&quot; x=&quot;0px&quot; y=&quot;0px&quot; viewBox=&quot;0 0 1000 1000&quot; enable-background=&quot;new 0 0 1000 1000&quot; xml:space=&quot;preserve&quot;&gt;&lt;g&gt;&lt;path d=&quot;M153.7,153.7C57.9,249.5,10,365.3,10,499c0,135.7,47.9,251.5,143.7,347.3l0,0C249.5,942.1,363.3,990,499,990c135.7,0,251.5-47.9,347.3-143.7C942.1,750.5,990,634.7,990,499c0-135.7-47.9-249.5-143.7-345.3l0,0C750.5,57.9,634.7,10,499,10C365.3,10,249.5,57.9,153.7,153.7z M209.6,211.6l2-2C289.4,129.7,387.2,89.8,499,89.8c113.8,0,209.6,39.9,291.4,121.8c79.8,77.8,119.8,175.6,119.8,287.4c0,113.8-39.9,209.6-119.8,291.4C708.6,870.3,612.8,910.2,499,910.2c-111.8,0-209.6-39.9-287.4-119.8C129.8,708.6,89.8,612.8,89.8,499C89.8,387.2,129.8,289.4,209.6,211.6z&quot;\/&gt;&lt;path d=&quot;M293.4,331.3c0,12,4,22,12,29.9L443.1,497L305.4,632.7c-8,8-12,18-12,29.9c0,10,4,18,12,26c8,8,18,12,28,12c12,0,20-4,27.9-10L499,552.9l135.7,137.7c8,6,16,10,28,10c12,0,21.9-4,27.9-10c8-8,12-18,12-28c0-12-4-21.9-12-29.9L554.9,497l135.7-135.7c8-8,12-18,12-27.9c0-12-4-22-12-29.9c-6-8-16-12-25.9-12c-12,0-21.9,4-29.9,12L499,441.1L363.3,303.4c-8-8-18-12-29.9-12c-10,0-20,4-28,12C297.4,311.4,293.4,321.4,293.4,331.3z&quot;\/&gt;&lt;\/g&gt;&lt;\/svg&gt;&lt;\/span&gt;\t\t\t\t\t\t&lt;p&gt;MOBIL Acess\u00f3rios&lt;\/p&gt;\t\t\t\t\t&lt;\/div&gt;\t\t\t \t\t \t\t \"><br \/>\n\t\t \t\t<a href=\"https:\/\/andradepimenta.com\/fr\/product\/mobil-acessorios-inox\/\" title=\"\" target=\"_self\">\t\t\t \t\t\t\t\t \t\t\t<\/p>\n<div class=\"pins_animation ihotspot_pulse\" style=\"top:-37.00085px;left:-37.00085px;height:74px;width:74px\"><\/div>\n<p>\t\t\t \t\t\t\t\t \t\t<img decoding=\"async\" src=\"https:\/\/andradepimenta.com\/wp-content\/uploads\/2021\/11\/hotspot-blue.png\" class=\"pins_image ihotspot_hastooltop\" style=\"top:-37.00085px;left:-37.00085px\" alt=\"\"><br \/>\n\t\t\t \t\t\t\t \t\t<\/a>\t\t \t<\/div>\n<\/p><\/div>\n<\/p><\/div>\n<\/p><\/div>\n<\/p><\/div>\n<p>\t<\/span><\/p>","protected":false},"featured_media":22669,"template":"","meta":{"_acf_changed":false},"product_brand":[323],"product_cat":[179],"product_tag":[87,241],"class_list":{"0":"post-22666","1":"product","2":"type-product","3":"status-publish","4":"has-post-thumbnail","6":"product_brand-sanitana","7":"product_cat-espelhos-acessorios","8":"product_tag-acessorios","9":"product_tag-mobilidade-reduzida","10":"pa_cor-cromado","11":"pa_marca-sanitana","12":"pa_modelo-3-apoios-sanita","13":"pa_modelo-barra-curva","14":"pa_modelo-banco-rebativel","15":"pa_modelo-3-apoios","17":"first","18":"instock","19":"shipping-taxable","20":"purchasable","21":"product-type-variable","22":"has-default-attributes"},"acf":[],"_links":{"self":[{"href":"https:\/\/andradepimenta.com\/fr\/wp-json\/wp\/v2\/product\/22666","targetHints":{"allow":["GET"]}}],"collection":[{"href":"https:\/\/andradepimenta.com\/fr\/wp-json\/wp\/v2\/product"}],"about":[{"href":"https:\/\/andradepimenta.com\/fr\/wp-json\/wp\/v2\/types\/product"}],"wp:featuredmedia":[{"embeddable":true,"href":"https:\/\/andradepimenta.com\/fr\/wp-json\/wp\/v2\/media\/22669"}],"wp:attachment":[{"href":"https:\/\/andradepimenta.com\/fr\/wp-json\/wp\/v2\/media?parent=22666"}],"wp:term":[{"taxonomy":"product_brand","embeddable":true,"href":"https:\/\/andradepimenta.com\/fr\/wp-json\/wp\/v2\/product_brand?post=22666"},{"taxonomy":"product_cat","embeddable":true,"href":"https:\/\/andradepimenta.com\/fr\/wp-json\/wp\/v2\/product_cat?post=22666"},{"taxonomy":"product_tag","embeddable":true,"href":"https:\/\/andradepimenta.com\/fr\/wp-json\/wp\/v2\/product_tag?post=22666"}],"curies":[{"name":"wp","href":"https:\/\/api.w.org\/{rel}","templated":true}]}}