{"id":22777,"date":"2025-05-14T16:35:14","date_gmt":"2025-05-14T16:35:14","guid":{"rendered":"https:\/\/andradepimenta.com\/?post_type=product&#038;p=22777"},"modified":"2025-07-16T15:25:28","modified_gmt":"2025-07-16T15:25:28","slug":"prestige-revestimento","status":"publish","type":"product","link":"https:\/\/andradepimenta.com\/fr\/product\/prestige-revestimento\/","title":{"rendered":"PRESTIGE Carrelage mural"},"content":{"rendered":"<p><img decoding=\"async\" class=\"aligncenter\" style=\"width: 70%; height: 400px; object-fit: cover; object-position: bottom; display: block; margin: auto; padding-bottom: 10px; padding-top: 20px;\" src=\"https:\/\/andradepimenta.com\/wp-content\/uploads\/2025\/05\/prestige-3-pavimento-margres-andrade-pimenta.webp\" alt=\"PRESTIGE Revestimento MARGRES Andrade Pimenta\" \/><\/p>\n<p><img decoding=\"async\" class=\"alignleft\" style=\"width: 300px; height: 300px; object-fit: cover; display: block; margin: auto;\" src=\"https:\/\/andradepimenta.com\/wp-content\/uploads\/2025\/05\/prestige-1-pavimento-margres-andrade-pimenta.webp\" alt=\"PRESTIGE Revestimento MARGRES Andrade Pimenta\" \/><\/p>\n<p>&nbsp;<\/p>\n<p class=\"teste\" style=\"max-width: 80%; padding-bottom: 40px;\">La collection <strong data-start=\"10\" data-end=\"22\">Prestige<\/strong> de Margres utilise une technologie d'impression num\u00e9rique avanc\u00e9e, cette gamme offre des surfaces en gr\u00e8s c\u00e9rame \u00e9maill\u00e9 d'une grande authenticit\u00e9 visuelle, qui s'adaptent aux environnements modernes et sophistiqu\u00e9s.<\/p>\n<h3>Luxueux et intemporel<\/h3>\n<p class=\"legenda\" style=\"font-size: 12px; text-transform: uppercase; letter-spacing: 2px;\">investissez dans la majest\u00e9 du marbre naturel<\/p>\n<p>&nbsp;<\/p>","protected":false},"excerpt":{"rendered":"<p><span style=\"font-size: 15px; line-height: 5px; color: grey;\"><strong><br \/>\n<i class=\"fas fa-minus\"><\/i>\u00a0 Type <\/strong>Carrelage mural<strong><br \/>\n<i class=\"fas fa-minus\"><\/i>\u00a0 \u00c9paisseur<\/strong> 5,5 mm<strong><br \/>\n<i class=\"fas fa-minus\"><\/i>\u00a0 Formats <\/strong>100&#215;300 \/ 100&#215;250 \/ 100&#215;100 \/ 90&#215;90 \/ 89&#215;89 \/ 50&#215;100 \/ 60&#215;120 \/ 60&#215;60<br \/>\n<strong><i class=\"fas fa-minus\"><\/i>\u00a0 Couleurs<\/strong> Calacatta \/ Corinthian Beige \/ Travertino Grey \/ Fior di Bosco Tortora \/ Emperador Black<\/span><\/p>","protected":false},"featured_media":23061,"template":"","meta":{"_acf_changed":false},"product_brand":[],"product_cat":[180],"product_tag":[243],"class_list":{"0":"post-22777","1":"product","2":"type-product","3":"status-publish","4":"has-post-thumbnail","6":"product_cat-pavimento-revestimento","7":"product_tag-revestimento","8":"pa_cor-corinthian-beige","9":"pa_cor-emperor-black","10":"pa_cor-fior-di-bosco","11":"pa_cor-white","12":"pa_cor-travertino-grey","13":"pa_cor-marmore","14":"pa_cor-calacatta","15":"pa_marca-margres","16":"pa_material-gres-porcelanico-vidrado","17":"pa_tamanho-100-x-100","18":"pa_tamanho-100-x-125","19":"pa_tamanho-60-x-60","20":"pa_tamanho-100-x-300","21":"pa_tamanho-60-x-120","22":"pa_tamanho-90-x-90","23":"pa_tamanho-89-x-89","25":"first","26":"instock","27":"shipping-taxable","28":"purchasable","29":"product-type-variable","30":"has-default-attributes"},"acf":[],"_links":{"self":[{"href":"https:\/\/andradepimenta.com\/fr\/wp-json\/wp\/v2\/product\/22777","targetHints":{"allow":["GET"]}}],"collection":[{"href":"https:\/\/andradepimenta.com\/fr\/wp-json\/wp\/v2\/product"}],"about":[{"href":"https:\/\/andradepimenta.com\/fr\/wp-json\/wp\/v2\/types\/product"}],"wp:featuredmedia":[{"embeddable":true,"href":"https:\/\/andradepimenta.com\/fr\/wp-json\/wp\/v2\/media\/23061"}],"wp:attachment":[{"href":"https:\/\/andradepimenta.com\/fr\/wp-json\/wp\/v2\/media?parent=22777"}],"wp:term":[{"taxonomy":"product_brand","embeddable":true,"href":"https:\/\/andradepimenta.com\/fr\/wp-json\/wp\/v2\/product_brand?post=22777"},{"taxonomy":"product_cat","embeddable":true,"href":"https:\/\/andradepimenta.com\/fr\/wp-json\/wp\/v2\/product_cat?post=22777"},{"taxonomy":"product_tag","embeddable":true,"href":"https:\/\/andradepimenta.com\/fr\/wp-json\/wp\/v2\/product_tag?post=22777"}],"curies":[{"name":"wp","href":"https:\/\/api.w.org\/{rel}","templated":true}]}}