{"id":23169,"date":"2025-05-16T17:42:10","date_gmt":"2025-05-16T17:42:10","guid":{"rendered":"https:\/\/andradepimenta.com\/?post_type=product&#038;p=23169"},"modified":"2025-07-16T15:25:11","modified_gmt":"2025-07-16T15:25:11","slug":"mapei-keraflex-xx","status":"publish","type":"product","link":"https:\/\/andradepimenta.com\/fr\/product\/mapei-keraflex-xx\/","title":{"rendered":"MAPEI Keraflex XX"},"content":{"rendered":"<p><iframe style=\"border: 0; width: 100%; height: 500px; overflow: auto;\" src=\"https:\/\/www.youtube.com\/embed\/IgUR6edj8Uo\" width=\"1018\" height=\"602\" frameborder=\"0\" allowfullscreen=\"allowfullscreen\"><span data-ice-type=\"bookmark\" style=\"display: inline-block; width: 0px; overflow: hidden; line-height: 0;\" class=\"mce_SELRES_start\"><\/span><\/iframe><\/p>\n<h3>Aucun \u00e9coulement<\/h3>\n<p class=\"legenda\" style=\"font-size: 12px; text-transform: uppercase; letter-spacing: 2px;\"><strong data-start=\"274\" data-end=\"305\">Rh\u00e9ologie \u00e9lev\u00e9e et thixotropie<\/strong> Permet une application murale sans surprise<\/p>\n<p>&nbsp;<\/p>\n<p class=\"teste\" style=\"max-width: 60%; padding-bottom: 40px;\">Le <strong data-start=\"2\" data-end=\"24\">Mapei Keraflex\u00ae XX<\/strong> est un adh\u00e9sif cimentaire polyvalent haute performance, sp\u00e9cialement formul\u00e9 pour le collage de carreaux en c\u00e9ramique, de gr\u00e8s c\u00e9rame et de mat\u00e9riaux pierreux, m\u00eame de grand format, \u00e0 l'int\u00e9rieur et \u00e0 l'ext\u00e9rieur.<\/p>\n<p>&nbsp;<\/p>","protected":false},"excerpt":{"rendered":"<p><span style=\"font-size: 15px; line-height: 5px; color: grey;\"><strong><i class=\"fas fa-minus\"><\/i>\u00a0 Consommation typique <\/strong>2 \u2013 5 kg\/m\u00b2<br \/>\n<strong><i class=\"fas fa-minus\"><\/i>\u00a0 Classification<\/strong> C2TES1 (glissement 0 mm ; d\u00e9formation S1)<br \/>\n<strong><i class=\"fas fa-minus\"><\/i>\u00a0 Additifs<\/strong> R\u00e9sines synth\u00e9tiques et additifs sp\u00e9ciaux<\/span><\/p>","protected":false},"featured_media":23176,"template":"","meta":{"_acf_changed":false},"product_brand":[431],"product_cat":[230],"product_tag":[358],"class_list":{"0":"post-23169","1":"product","2":"type-product","3":"status-publish","4":"has-post-thumbnail","6":"product_brand-mapei","7":"product_cat-construcao","8":"product_tag-cimento-cola","9":"pa_cor-grey","10":"pa_cor-white","11":"pa_marca-mapei","12":"pa_tamanho-25kg","14":"first","15":"instock","16":"shipping-taxable","17":"purchasable","18":"product-type-variable","19":"has-default-attributes"},"acf":[],"_links":{"self":[{"href":"https:\/\/andradepimenta.com\/fr\/wp-json\/wp\/v2\/product\/23169","targetHints":{"allow":["GET"]}}],"collection":[{"href":"https:\/\/andradepimenta.com\/fr\/wp-json\/wp\/v2\/product"}],"about":[{"href":"https:\/\/andradepimenta.com\/fr\/wp-json\/wp\/v2\/types\/product"}],"wp:featuredmedia":[{"embeddable":true,"href":"https:\/\/andradepimenta.com\/fr\/wp-json\/wp\/v2\/media\/23176"}],"wp:attachment":[{"href":"https:\/\/andradepimenta.com\/fr\/wp-json\/wp\/v2\/media?parent=23169"}],"wp:term":[{"taxonomy":"product_brand","embeddable":true,"href":"https:\/\/andradepimenta.com\/fr\/wp-json\/wp\/v2\/product_brand?post=23169"},{"taxonomy":"product_cat","embeddable":true,"href":"https:\/\/andradepimenta.com\/fr\/wp-json\/wp\/v2\/product_cat?post=23169"},{"taxonomy":"product_tag","embeddable":true,"href":"https:\/\/andradepimenta.com\/fr\/wp-json\/wp\/v2\/product_tag?post=23169"}],"curies":[{"name":"wp","href":"https:\/\/api.w.org\/{rel}","templated":true}]}}