{"id":2336,"date":"2020-05-12T09:34:55","date_gmt":"2020-05-12T09:34:55","guid":{"rendered":"https:\/\/qwery.ancorathemes.com\/?post_type=product&#038;p=2336"},"modified":"2025-10-15T10:51:22","modified_gmt":"2025-10-15T10:51:22","slug":"glam-sanita","status":"publish","type":"product","link":"https:\/\/andradepimenta.com\/fr\/product\/glam-sanita\/","title":{"rendered":"GLAM WC"},"content":{"rendered":"<p><img decoding=\"async\" class=\"aligncenter\" style=\"width: 70%; height: 400px; object-fit: cover; display: block; margin: auto; padding-bottom: 10px; padding-top: 20px;\" src=\"https:\/\/andradepimenta.com\/wp-content\/uploads\/2020\/05\/sanita-bide-glam-suspenso-2-sanitana-andrade-pimenta.webp\" alt=\"GLAM Sanita SANITANA Andrade Pimenta\" \/><\/p>\n<p><img decoding=\"async\" class=\"alignleft\" style=\"width: 300px; height: 300px; object-fit: cover; display: block; margin: auto;\" src=\"https:\/\/andradepimenta.com\/wp-content\/uploads\/2020\/05\/sanita-glam-sanitana-andrade-pimenta.webp\" alt=\"GLAM Sanita SANITANA Andrade Pimenta\" \/><\/p>\n<p>&nbsp;<\/p>\n<p class=\"teste\" style=\"max-width: 80%; padding-bottom: 40px;\">Le <strong data-start=\"2\" data-end=\"16\">s\u00e9rie Glam<\/strong> de Sanitana pr\u00e9sente une collection de toilettes et bidets compacts et suspendus, aux lignes courbes et droites, conf\u00e9rant un design contemporain et sophistiqu\u00e9 aux salles de bains.<\/p>\n<h3>Esth\u00e9tique uniforme<\/h3>\n<p class=\"legenda\" style=\"font-size: 12px; text-transform: uppercase; letter-spacing: 2px;\">garantissez la collection wc &amp; bidet<\/p>\n<p>&nbsp;<\/p>","protected":false},"excerpt":{"rendered":"<p><span style=\"font-size: 15px; line-height: 5px; color: grey;\"><strong><br \/>\n<i class=\"fas fa-minus\"><\/i>\u00a0 Cole\u00e7\u00e3o<\/strong> GLAM acompanhada por <a href=\"https:\/\/andradepimenta.com\/product\/glam-bide\/\">bid\u00e9<\/a><strong><br \/>\n<i class=\"fas fa-minus\"><\/i>\u00a0 Dimens\u00f5es <\/strong><span class=\"relative -mx-px my-[-0.2rem] rounded px-px py-[0.2rem] transition-colors duration-100 ease-in-out\">Compacta 365 x 600 x 785 \/ Suspensa 355 x 530 x 400 \/ 26 Kg<\/span><strong><br \/>\n<i class=\"fas fa-minus\"><\/i>\u00a0 Tanque 3 \/ 4,5 L<\/strong>\u00a0Alimenta\u00e7\u00e3o inferior \/ Mecanismo montado \/ Descarga ativada por bot\u00e3o (duplo)<br \/>\n<strong><i class=\"fas fa-minus\"><\/i>\u00a0 Modelos <\/strong>Compacto e Suspenso<\/span><\/p>\n<p><span style=\"margin: auto; width: 50%; text-align: center;\">\t<\/p>\n<div class=\"wrap_svl_center\">\n<div class=\"wrap_svl_center_box\">\n<div class=\"wrap_svl\" id=\"body_drag_17429\">\n<div class=\"images_wrap\">\n                            <img decoding=\"async\" src=\"https:\/\/andradepimenta.com\/wp-content\/uploads\/2021\/07\/sanita-bide-sanitana-glam-andrade-pimenta.png\" alt=\"\">\n            \t\t<\/div>\n<div class=\"drag_element tips \" style=\"top:46.7%;left:77.76%;\" >\n<div class=\"point_style  ihotspot_tooltop_html\" data-placement=\"n\" data-html=\"\t\t \t\t\t                  &lt;div class=&quot;box_view_html&quot;&gt;\n\t\t\t\t\t&lt;span class=&quot;close_ihp&quot;&gt;\n\t\t\t\t\t\t&lt;svg version=&quot;1.1&quot; xmlns=&quot;http:\/\/www.w3.org\/2000\/svg&quot; xmlns:xlink=&quot;http:\/\/www.w3.org\/1999\/xlink&quot; x=&quot;0px&quot; y=&quot;0px&quot; viewBox=&quot;0 0 1000 1000&quot; enable-background=&quot;new 0 0 1000 1000&quot; xml:space=&quot;preserve&quot;&gt;&lt;g&gt;&lt;path d=&quot;M153.7,153.7C57.9,249.5,10,365.3,10,499c0,135.7,47.9,251.5,143.7,347.3l0,0C249.5,942.1,363.3,990,499,990c135.7,0,251.5-47.9,347.3-143.7C942.1,750.5,990,634.7,990,499c0-135.7-47.9-249.5-143.7-345.3l0,0C750.5,57.9,634.7,10,499,10C365.3,10,249.5,57.9,153.7,153.7z M209.6,211.6l2-2C289.4,129.7,387.2,89.8,499,89.8c113.8,0,209.6,39.9,291.4,121.8c79.8,77.8,119.8,175.6,119.8,287.4c0,113.8-39.9,209.6-119.8,291.4C708.6,870.3,612.8,910.2,499,910.2c-111.8,0-209.6-39.9-287.4-119.8C129.8,708.6,89.8,612.8,89.8,499C89.8,387.2,129.8,289.4,209.6,211.6z&quot;\/&gt;&lt;path d=&quot;M293.4,331.3c0,12,4,22,12,29.9L443.1,497L305.4,632.7c-8,8-12,18-12,29.9c0,10,4,18,12,26c8,8,18,12,28,12c12,0,20-4,27.9-10L499,552.9l135.7,137.7c8,6,16,10,28,10c12,0,21.9-4,27.9-10c8-8,12-18,12-28c0-12-4-21.9-12-29.9L554.9,497l135.7-135.7c8-8,12-18,12-27.9c0-12-4-22-12-29.9c-6-8-16-12-25.9-12c-12,0-21.9,4-29.9,12L499,441.1L363.3,303.4c-8-8-18-12-29.9-12c-10,0-20,4-28,12C297.4,311.4,293.4,321.4,293.4,331.3z&quot;\/&gt;&lt;\/g&gt;&lt;\/svg&gt;&lt;\/span&gt;\n\t\t\t\t\t\t&lt;p&gt;GLAM Bid\u00e9&lt;\/p&gt;\n\t\t\t\t\t&lt;\/div&gt;\n\t\t\t \t\t \t\t \"><br \/>\n\t\t \t\t<a href=\"https:\/\/andradepimenta.com\/product\/glam-bide\/\" title=\"\" target=\"_self\">\t\t\t \t\t\t\t\t \t\t\t<\/p>\n<div class=\"pins_animation ihotspot_pulse\" style=\"top:-37px;left:-37px;height:74px;width:74px\"><\/div>\n<p>\t\t\t \t\t\t\t\t \t\t<img decoding=\"async\" src=\"https:\/\/andradepimenta.com\/wp-content\/uploads\/2021\/11\/hotspot-blue.png\" class=\"pins_image ihotspot_hastooltop\" style=\"top:-37px;left:-37px\" alt=\"\"><br \/>\n\t\t\t \t\t\t\t \t\t<\/a>\t\t \t<\/div>\n<\/p><\/div>\n<div class=\"drag_element tips \" style=\"top:53.45%;left:30.93%;\" >\n<div class=\"point_style  ihotspot_tooltop_html\" data-placement=\"n\" data-html=\"\t\t \t\t\t                  &lt;div class=&quot;box_view_html&quot;&gt;\n\t\t\t\t\t&lt;span class=&quot;close_ihp&quot;&gt;\n\t\t\t\t\t\t&lt;svg version=&quot;1.1&quot; xmlns=&quot;http:\/\/www.w3.org\/2000\/svg&quot; xmlns:xlink=&quot;http:\/\/www.w3.org\/1999\/xlink&quot; x=&quot;0px&quot; y=&quot;0px&quot; viewBox=&quot;0 0 1000 1000&quot; enable-background=&quot;new 0 0 1000 1000&quot; xml:space=&quot;preserve&quot;&gt;&lt;g&gt;&lt;path d=&quot;M153.7,153.7C57.9,249.5,10,365.3,10,499c0,135.7,47.9,251.5,143.7,347.3l0,0C249.5,942.1,363.3,990,499,990c135.7,0,251.5-47.9,347.3-143.7C942.1,750.5,990,634.7,990,499c0-135.7-47.9-249.5-143.7-345.3l0,0C750.5,57.9,634.7,10,499,10C365.3,10,249.5,57.9,153.7,153.7z M209.6,211.6l2-2C289.4,129.7,387.2,89.8,499,89.8c113.8,0,209.6,39.9,291.4,121.8c79.8,77.8,119.8,175.6,119.8,287.4c0,113.8-39.9,209.6-119.8,291.4C708.6,870.3,612.8,910.2,499,910.2c-111.8,0-209.6-39.9-287.4-119.8C129.8,708.6,89.8,612.8,89.8,499C89.8,387.2,129.8,289.4,209.6,211.6z&quot;\/&gt;&lt;path d=&quot;M293.4,331.3c0,12,4,22,12,29.9L443.1,497L305.4,632.7c-8,8-12,18-12,29.9c0,10,4,18,12,26c8,8,18,12,28,12c12,0,20-4,27.9-10L499,552.9l135.7,137.7c8,6,16,10,28,10c12,0,21.9-4,27.9-10c8-8,12-18,12-28c0-12-4-21.9-12-29.9L554.9,497l135.7-135.7c8-8,12-18,12-27.9c0-12-4-22-12-29.9c-6-8-16-12-25.9-12c-12,0-21.9,4-29.9,12L499,441.1L363.3,303.4c-8-8-18-12-29.9-12c-10,0-20,4-28,12C297.4,311.4,293.4,321.4,293.4,331.3z&quot;\/&gt;&lt;\/g&gt;&lt;\/svg&gt;&lt;\/span&gt;\n\t\t\t\t\t\t&lt;p&gt;GLAM Sanita&lt;\/p&gt;\n\t\t\t\t\t&lt;\/div&gt;\n\t\t\t \t\t \t\t \"><br \/>\n\t\t \t\t<a href=\"https:\/\/andradepimenta.com\/product\/glam-sanita\/\" title=\"\" target=\"_self\">\t\t\t \t\t\t\t\t \t\t\t<\/p>\n<div class=\"pins_animation ihotspot_pulse\" style=\"top:-37px;left:-37px;height:74px;width:74px\"><\/div>\n<p>\t\t\t \t\t\t\t\t \t\t<img decoding=\"async\" src=\"https:\/\/andradepimenta.com\/wp-content\/uploads\/2021\/11\/hotspot-blue.png\" class=\"pins_image ihotspot_hastooltop\" style=\"top:-37px;left:-37px\" alt=\"\"><br \/>\n\t\t\t \t\t\t\t \t\t<\/a>\t\t \t<\/div>\n<\/p><\/div>\n<\/p><\/div>\n<\/p><\/div>\n<\/p><\/div>\n<p>\t<\/span><\/p>\n","protected":false},"featured_media":22599,"template":"","meta":{"_acf_changed":false},"product_brand":[323],"product_cat":[177],"product_tag":[89,240],"class_list":{"0":"post-2336","1":"product","2":"type-product","3":"status-publish","4":"has-post-thumbnail","6":"product_brand-sanitana","7":"product_cat-loucas","8":"product_tag-bide","9":"product_tag-sanitas","10":"pa_marca-sanitana","11":"pa_tamanho-355-x-530-x-400-suspensa","12":"pa_tamanho-365-x-600-x-785-compacta","14":"first","15":"instock","16":"shipping-taxable","17":"purchasable","18":"product-type-variable","19":"has-default-attributes"},"acf":[],"_links":{"self":[{"href":"https:\/\/andradepimenta.com\/fr\/wp-json\/wp\/v2\/product\/2336","targetHints":{"allow":["GET"]}}],"collection":[{"href":"https:\/\/andradepimenta.com\/fr\/wp-json\/wp\/v2\/product"}],"about":[{"href":"https:\/\/andradepimenta.com\/fr\/wp-json\/wp\/v2\/types\/product"}],"wp:featuredmedia":[{"embeddable":true,"href":"https:\/\/andradepimenta.com\/fr\/wp-json\/wp\/v2\/media\/22599"}],"wp:attachment":[{"href":"https:\/\/andradepimenta.com\/fr\/wp-json\/wp\/v2\/media?parent=2336"}],"wp:term":[{"taxonomy":"product_brand","embeddable":true,"href":"https:\/\/andradepimenta.com\/fr\/wp-json\/wp\/v2\/product_brand?post=2336"},{"taxonomy":"product_cat","embeddable":true,"href":"https:\/\/andradepimenta.com\/fr\/wp-json\/wp\/v2\/product_cat?post=2336"},{"taxonomy":"product_tag","embeddable":true,"href":"https:\/\/andradepimenta.com\/fr\/wp-json\/wp\/v2\/product_tag?post=2336"}],"curies":[{"name":"wp","href":"https:\/\/api.w.org\/{rel}","templated":true}]}}