{"id":2338,"date":"2020-05-12T10:10:55","date_gmt":"2020-05-12T10:10:55","guid":{"rendered":"https:\/\/qwery.ancorathemes.com\/?post_type=product&#038;p=2338"},"modified":"2025-07-16T15:28:55","modified_gmt":"2025-07-16T15:28:55","slug":"alegri-lavatorio","status":"publish","type":"product","link":"https:\/\/andradepimenta.com\/fr\/product\/alegri-lavatorio\/","title":{"rendered":"ALEGRI Lavabo"},"content":{"rendered":"<p><img decoding=\"async\" class=\"aligncenter\" style=\"width: 70%; height: 400px; object-fit: cover; display: block; margin: auto;  padding-bottom: 10px; padding-top: 20px;\" src=\"https:\/\/andradepimenta.com\/wp-content\/uploads\/2020\/05\/lavatorio-alegri-1-banhoazis-andrade-pimenta.webp\" alt=\"ALEGRI Lavat\u00f3rio BANHOAZIS Andrade Pimenta\" \/><\/p>\n<p><img decoding=\"async\" class=\"alignleft\" style=\"width: 300px; height: 300px; object-fit: cover; display: block; margin: auto;\" src=\"https:\/\/andradepimenta.com\/wp-content\/uploads\/2020\/05\/lavatorio-alegri-6-banhoazis-andrade-pimenta.webp\" alt=\"ALEGRI Lavat\u00f3rio BANHOAZIS Andrade Pimenta\" \/><\/p>\n<p>&nbsp;<\/p>\n<p>&nbsp;<\/p>\n<p class=\"teste\" style=\"max-width: 80%; padding-bottom: 40px;\">Le <strong data-start=\"2\" data-end=\"22\">lavabo Alegri<\/strong> de Banhoazis est une solution \u00e9l\u00e9gante et fonctionnelle pour les salles de bains modernes, qui se distingue par son design polyvalent et la vari\u00e9t\u00e9 des options disponibles.<\/p>\n<h3>Toujours en harmonie<\/h3>\n<p class=\"legenda\" style=\"font-size: 12px; text-transform: uppercase; letter-spacing: 2px;\">Adapt\u00e9 aux combinaisons esth\u00e9tiques et fonctionnelles<\/p>\n<p>&nbsp;<\/p>","protected":false},"excerpt":{"rendered":"<p><span style=\"font-size: 15px; line-height: 5px; color: grey;\"><strong><i class=\"fas fa-minus\"><\/i>\u00a0 Mat\u00e9riel<\/strong> Gel Coat, un mat\u00e9riau r\u00e9sistant et facile d'entretien<br \/>\n<strong><i class=\"fas fa-minus\"><\/i>\u00a0 Finition<\/strong> Blanc brillant<br \/>\n<strong><i class=\"fas fa-minus\"><\/i>\u00a0 Dimensions\u00a0<\/strong>60 \/ 70 \/ 80 \/ 90 \/ 100 \/ 120 \/ 120 Double<\/span><\/p>","protected":false},"featured_media":22260,"template":"","meta":{"_acf_changed":false},"product_brand":[300],"product_cat":[175],"product_tag":[78],"class_list":{"0":"post-2338","1":"product","2":"type-product","3":"status-publish","4":"has-post-thumbnail","6":"product_brand-banhoazis","7":"product_cat-lavatorios","8":"product_tag-lavatorios","9":"pa_cor-white","10":"pa_marca-banhoazis","11":"pa_material-gel-coat","12":"pa_tamanho-189","13":"pa_tamanho-302","14":"pa_tamanho-303","15":"pa_tamanho-304","16":"pa_tamanho-305","17":"pa_tamanho-120-duplo","18":"pa_tamanho-188","20":"first","21":"instock","22":"shipping-taxable","23":"purchasable","24":"product-type-variable","25":"has-default-attributes"},"acf":[],"_links":{"self":[{"href":"https:\/\/andradepimenta.com\/fr\/wp-json\/wp\/v2\/product\/2338","targetHints":{"allow":["GET"]}}],"collection":[{"href":"https:\/\/andradepimenta.com\/fr\/wp-json\/wp\/v2\/product"}],"about":[{"href":"https:\/\/andradepimenta.com\/fr\/wp-json\/wp\/v2\/types\/product"}],"wp:featuredmedia":[{"embeddable":true,"href":"https:\/\/andradepimenta.com\/fr\/wp-json\/wp\/v2\/media\/22260"}],"wp:attachment":[{"href":"https:\/\/andradepimenta.com\/fr\/wp-json\/wp\/v2\/media?parent=2338"}],"wp:term":[{"taxonomy":"product_brand","embeddable":true,"href":"https:\/\/andradepimenta.com\/fr\/wp-json\/wp\/v2\/product_brand?post=2338"},{"taxonomy":"product_cat","embeddable":true,"href":"https:\/\/andradepimenta.com\/fr\/wp-json\/wp\/v2\/product_cat?post=2338"},{"taxonomy":"product_tag","embeddable":true,"href":"https:\/\/andradepimenta.com\/fr\/wp-json\/wp\/v2\/product_tag?post=2338"}],"curies":[{"name":"wp","href":"https:\/\/api.w.org\/{rel}","templated":true}]}}