{"id":2339,"date":"2020-05-12T10:13:31","date_gmt":"2020-05-12T10:13:31","guid":{"rendered":"https:\/\/qwery.ancorathemes.com\/?post_type=product&#038;p=2339"},"modified":"2025-07-16T15:28:40","modified_gmt":"2025-07-16T15:28:40","slug":"asti-banheira","status":"publish","type":"product","link":"https:\/\/andradepimenta.com\/fr\/product\/asti-banheira\/","title":{"rendered":"ASTI Baignoire"},"content":{"rendered":"<p><img decoding=\"async\" class=\"aligncenter\" style=\"width: 70%; height: 400px; object-fit: cover; display: block; margin: auto;  padding-bottom: 10px; padding-top: 20px;\" src=\"https:\/\/andradepimenta.com\/wp-content\/uploads\/2020\/05\/banheira-asti-5-sivassano-andrade-pimenta.webp\" alt=\"ASTI Banheira SIVASSANO Andrade Pimenta\" \/><\/p>\n<p><img decoding=\"async\" class=\"alignleft\" style=\"width: 300px; height: 300px; object-fit: cover; display: block; margin: auto;\" src=\"https:\/\/andradepimenta.com\/wp-content\/uploads\/2020\/05\/banheira-asti-4-sivassano-andrade-pimenta.webp\" alt=\"ASTI Banheira SIVASSANO Andrade Pimenta\" \/><\/p>\n<p>&nbsp;<\/p>\n<p class=\"teste\" style=\"max-width: 80%; padding-bottom: 40px;\">Le <strong data-start=\"2\" data-end=\"32\">Baignoire ind\u00e9pendante Asti<\/strong> de Sivassano est un \u00e9l\u00e9ment au design \u00e9l\u00e9gant et fonctionnel, id\u00e9al pour transformer votre salle de bain en un espace de d\u00e9tente et de bien-\u00eatre.<\/p>\n<h3>Propre et discr\u00e8te<\/h3>\n<p class=\"legenda\" style=\"font-size: 12px; text-transform: uppercase; letter-spacing: 2px;\">installation au sol, id\u00e9ale pour les baignoires ind\u00e9pendantes<\/p>\n<p>&nbsp;<\/p>","protected":false},"excerpt":{"rendered":"<p><span style=\"font-size: 15px; line-height: 5px; color: grey;\"><strong><i class=\"fas fa-minus\"><\/i>\u00a0 Mat\u00e9riel<\/strong> acrylique renforc\u00e9, garantissant durabilit\u00e9 et r\u00e9sistance<br \/>\n<strong><i class=\"fas fa-minus\"><\/i>\u00a0 Accessoires inclus<\/strong> Pieds r\u00e9glables et valve de vidange<br \/>\n<strong><i class=\"fas fa-minus\"><\/i>\u00a0 Dimensions<\/strong> 170 x 80<\/span><\/p>","protected":false},"featured_media":22136,"template":"","meta":{"_acf_changed":false},"product_brand":[297],"product_cat":[178],"product_tag":[238],"class_list":{"0":"post-2339","1":"product","2":"type-product","3":"status-publish","4":"has-post-thumbnail","6":"product_brand-sivassano","7":"product_cat-banho","8":"product_tag-banheiras","9":"pa_cor-white","10":"pa_marca-sivassano","11":"pa_material-acrilico","12":"pa_tamanho-170-x-80","14":"first","15":"instock","16":"shipping-taxable","17":"purchasable","18":"product-type-variable","19":"has-default-attributes"},"acf":[],"_links":{"self":[{"href":"https:\/\/andradepimenta.com\/fr\/wp-json\/wp\/v2\/product\/2339","targetHints":{"allow":["GET"]}}],"collection":[{"href":"https:\/\/andradepimenta.com\/fr\/wp-json\/wp\/v2\/product"}],"about":[{"href":"https:\/\/andradepimenta.com\/fr\/wp-json\/wp\/v2\/types\/product"}],"wp:featuredmedia":[{"embeddable":true,"href":"https:\/\/andradepimenta.com\/fr\/wp-json\/wp\/v2\/media\/22136"}],"wp:attachment":[{"href":"https:\/\/andradepimenta.com\/fr\/wp-json\/wp\/v2\/media?parent=2339"}],"wp:term":[{"taxonomy":"product_brand","embeddable":true,"href":"https:\/\/andradepimenta.com\/fr\/wp-json\/wp\/v2\/product_brand?post=2339"},{"taxonomy":"product_cat","embeddable":true,"href":"https:\/\/andradepimenta.com\/fr\/wp-json\/wp\/v2\/product_cat?post=2339"},{"taxonomy":"product_tag","embeddable":true,"href":"https:\/\/andradepimenta.com\/fr\/wp-json\/wp\/v2\/product_tag?post=2339"}],"curies":[{"name":"wp","href":"https:\/\/api.w.org\/{rel}","templated":true}]}}