{"id":2344,"date":"2020-05-12T10:29:27","date_gmt":"2020-05-12T10:29:27","guid":{"rendered":"https:\/\/qwery.ancorathemes.com\/?post_type=product&#038;p=2344"},"modified":"2025-07-16T15:28:10","modified_gmt":"2025-07-16T15:28:10","slug":"cesto-inox-duche","status":"publish","type":"product","link":"https:\/\/andradepimenta.com\/fr\/product\/cesto-inox-duche\/","title":{"rendered":"Panier Inox Douche"},"content":{"rendered":"<p><img decoding=\"async\" class=\"aligncenter\" style=\"width: 70%; height: 500px; object-fit: cover; object-position: bottom; display: block; margin: auto; padding-bottom: 10px; padding-top: 20px;\" src=\"https:\/\/andradepimenta.com\/wp-content\/uploads\/2020\/05\/caixa-metalica-gme-3-andrade-pimenta.webp\" alt=\"Cesto Inox Duche GME Andrade Pimenta\" \/><\/p>\n<p><img decoding=\"async\" class=\"alignleft\" style=\"width: 300px; height: 300px; object-fit: cover; display: block; margin: auto;\" src=\"https:\/\/andradepimenta.com\/wp-content\/uploads\/2020\/05\/caixa-metalica-gme-4-andrade-pimenta.webp\" alt=\"Cesto Inox Duche GME Andrade Pimenta\" \/><\/p>\n<p>&nbsp;<\/p>\n<p class=\"teste\" style=\"max-width: 80%; padding-bottom: 40px;\">Panier fabriqu\u00e9 en acier inoxydable de haute qualit\u00e9, garantissant une r\u00e9sistance \u00e0 la corrosion et une durabilit\u00e9 conformes aux normes europ\u00e9ennes associ\u00e9es \u00e0 l'institut technologique AIDIMA pour les inspections et les tests en laboratoire.<\/p>\n<h3>Un espace organis\u00e9 et \u00e9l\u00e9gant<\/h3>\n<p class=\"legenda\" style=\"font-size: 12px; text-transform: uppercase; letter-spacing: 2px;\">Fonctionnalit\u00e9 et design moderne<\/p>\n<p>&nbsp;<\/p>","protected":false},"excerpt":{"rendered":"<p><span style=\"font-size: 15px; line-height: 5px; color: grey;\"><strong><i class=\"fas fa-minus\"><\/i>\u00a0 Dimensions<\/strong> 450 x 250 x 130 mm<br \/>\n<strong><i class=\"fas fa-minus\"><\/i>\u00a0 Mat\u00e9riel<\/strong> Acier inoxydable<br \/>\n<strong><i class=\"fas fa-minus\"><\/i>\u00a0 Installation<\/strong> Suspendu au robinet, sans per\u00e7age n\u00e9cessaire<br \/>\n<\/span><\/p>","protected":false},"featured_media":22118,"template":"","meta":{"_acf_changed":false},"product_brand":[287],"product_cat":[179],"product_tag":[87],"class_list":{"0":"post-2344","1":"product","2":"type-product","3":"status-publish","4":"has-post-thumbnail","6":"product_brand-gme","7":"product_cat-espelhos-acessorios","8":"product_tag-acessorios","9":"pa_cor-cinza","10":"pa_cor-cromado","11":"pa_marca-gme","12":"pa_tamanho-450-x-250-x-130","14":"first","15":"instock","16":"shipping-taxable","17":"purchasable","18":"product-type-variable","19":"has-default-attributes"},"acf":[],"_links":{"self":[{"href":"https:\/\/andradepimenta.com\/fr\/wp-json\/wp\/v2\/product\/2344","targetHints":{"allow":["GET"]}}],"collection":[{"href":"https:\/\/andradepimenta.com\/fr\/wp-json\/wp\/v2\/product"}],"about":[{"href":"https:\/\/andradepimenta.com\/fr\/wp-json\/wp\/v2\/types\/product"}],"wp:featuredmedia":[{"embeddable":true,"href":"https:\/\/andradepimenta.com\/fr\/wp-json\/wp\/v2\/media\/22118"}],"wp:attachment":[{"href":"https:\/\/andradepimenta.com\/fr\/wp-json\/wp\/v2\/media?parent=2344"}],"wp:term":[{"taxonomy":"product_brand","embeddable":true,"href":"https:\/\/andradepimenta.com\/fr\/wp-json\/wp\/v2\/product_brand?post=2344"},{"taxonomy":"product_cat","embeddable":true,"href":"https:\/\/andradepimenta.com\/fr\/wp-json\/wp\/v2\/product_cat?post=2344"},{"taxonomy":"product_tag","embeddable":true,"href":"https:\/\/andradepimenta.com\/fr\/wp-json\/wp\/v2\/product_tag?post=2344"}],"curies":[{"name":"wp","href":"https:\/\/api.w.org\/{rel}","templated":true}]}}