{"id":2345,"date":"2020-05-12T10:33:03","date_gmt":"2020-05-12T10:33:03","guid":{"rendered":"https:\/\/qwery.ancorathemes.com\/?post_type=product&#038;p=2345"},"modified":"2025-07-16T15:28:02","modified_gmt":"2025-07-16T15:28:02","slug":"plan-toalheiro","status":"publish","type":"product","link":"https:\/\/andradepimenta.com\/fr\/product\/plan-toalheiro\/","title":{"rendered":"PLAN Porte-serviettes"},"content":{"rendered":"<p><img decoding=\"async\" class=\"aligncenter\" style=\"width: 70%; height: 400px; object-fit: cover; object-position: left; display: block; margin: auto; padding-bottom: 10px; padding-top: 20px;\" src=\"https:\/\/andradepimenta.com\/wp-content\/uploads\/2025\/05\/plan-toalheiro-3-banhoazis-andrade-pimenta.webp\" alt=\"PLAN Toalheiro BANHOAZIS Andrade Pimenta\" \/><\/p>\n<p><img decoding=\"async\" class=\"alignleft\" style=\"width: 300px; height: 300px; object-fit: cover; display: block; margin: auto;\" src=\"https:\/\/andradepimenta.com\/wp-content\/uploads\/2025\/05\/plan-toalheiro-5-banhoazis-andrade-pimenta.webp\" alt=\"PLAN Toalheiro BANHOAZIS Andrade Pimenta\" \/><\/p>\n<p class=\"teste\" style=\"max-width: 80%; padding-bottom: 40px;\"><span class=\"relative -mx-px my-[-0.2rem] rounded px-px py-[0.2rem] transition-colors duration-100 ease-in-out\"><br \/>\nO <strong data-start=\"2\" data-end=\"22\">Toalheiro Plan<\/strong>\u00a0da Banhoazis \u00e9 um acess\u00f3rio de parede com design moderno e funcional, ideal para complementar casas de banho contempor\u00e2neas.<\/span> <span class=\"relative -mx-px my-[-0.2rem] rounded px-px py-[0.2rem] transition-colors duration-100 ease-in-out\">Com dimens\u00f5es compactas, adapta-se facilmente a diferentes espa\u00e7os.<\/span><\/p>\n<h3>Brilho ou Matte<\/h3>\n<p class=\"legenda\" style=\"font-size: 12px; text-transform: uppercase; letter-spacing: 2px;\">Brilho <strong>Metalico OU DOURADO<br \/>\n<\/strong>Mate <strong>Preto<\/strong> OU <strong>Branco<\/strong><\/p>\n<p>&nbsp;<\/p>\n","protected":false},"excerpt":{"rendered":"<p><span style=\"font-size: 15px; line-height: 5px; color: grey;\"><strong><i class=\"fas fa-minus\"><\/i>\u00a0 Format<\/strong> 29 cm longueur x 8 cm hauteur<br \/>\n<strong><i class=\"fas fa-minus\"><\/i>\u00a0 Finition<\/strong>\u00a0<strong>Mat<\/strong>\u00a0Noir ou blanc<br \/>\n<strong><i class=\"fas fa-minus\"><\/i>\u00a0 Finition brillante <\/strong>M\u00e9tallis\u00e9 \/ Dor\u00e9<\/span><\/p>","protected":false},"featured_media":22093,"template":"","meta":{"_acf_changed":false},"product_brand":[],"product_cat":[179],"product_tag":[86,87],"class_list":{"0":"post-2345","1":"product","2":"type-product","3":"status-publish","4":"has-post-thumbnail","6":"product_cat-espelhos-acessorios","7":"product_tag-toalheiros","8":"product_tag-acessorios","9":"pa_cor-gold","10":"pa_cor-sterling-silver","11":"pa_cor-white","12":"pa_cor-preto-mate","13":"pa_cor-cromado","14":"pa_marca-banhoazis","15":"pa_tamanho-29-x-8","17":"first","18":"instock","19":"shipping-taxable","20":"purchasable","21":"product-type-variable","22":"has-default-attributes"},"acf":[],"_links":{"self":[{"href":"https:\/\/andradepimenta.com\/fr\/wp-json\/wp\/v2\/product\/2345","targetHints":{"allow":["GET"]}}],"collection":[{"href":"https:\/\/andradepimenta.com\/fr\/wp-json\/wp\/v2\/product"}],"about":[{"href":"https:\/\/andradepimenta.com\/fr\/wp-json\/wp\/v2\/types\/product"}],"wp:featuredmedia":[{"embeddable":true,"href":"https:\/\/andradepimenta.com\/fr\/wp-json\/wp\/v2\/media\/22093"}],"wp:attachment":[{"href":"https:\/\/andradepimenta.com\/fr\/wp-json\/wp\/v2\/media?parent=2345"}],"wp:term":[{"taxonomy":"product_brand","embeddable":true,"href":"https:\/\/andradepimenta.com\/fr\/wp-json\/wp\/v2\/product_brand?post=2345"},{"taxonomy":"product_cat","embeddable":true,"href":"https:\/\/andradepimenta.com\/fr\/wp-json\/wp\/v2\/product_cat?post=2345"},{"taxonomy":"product_tag","embeddable":true,"href":"https:\/\/andradepimenta.com\/fr\/wp-json\/wp\/v2\/product_tag?post=2345"}],"curies":[{"name":"wp","href":"https:\/\/api.w.org\/{rel}","templated":true}]}}