{"id":2346,"date":"2020-05-12T12:03:40","date_gmt":"2020-05-12T12:03:40","guid":{"rendered":"https:\/\/qwery.ancorathemes.com\/?post_type=product&#038;p=2346"},"modified":"2025-07-16T15:27:51","modified_gmt":"2025-07-16T15:27:51","slug":"rondo-espelho","status":"publish","type":"product","link":"https:\/\/andradepimenta.com\/fr\/product\/rondo-espelho\/","title":{"rendered":"Miroir RONDO"},"content":{"rendered":"<p><img decoding=\"async\" class=\"aligncenter\" style=\"width: 70%; height: 400px; object-fit: cover; object-position: top; display: block; margin: auto;  padding-bottom: 10px; padding-top: 20px;\" src=\"https:\/\/andradepimenta.com\/wp-content\/uploads\/2025\/05\/rondo-espelho-4-banhoazis-andrade-pimenta.gif\" alt=\"RONDO Espelho BANHOAZIS Andrade Pimenta\" \/><\/p>\n<p><img decoding=\"async\" class=\"alignleft\" style=\"width: 300px; height: 300px; object-fit: cover; display: block; margin: auto;\" src=\"https:\/\/andradepimenta.com\/wp-content\/uploads\/2025\/05\/rondo-espelho-4-banhoazis-andrade-pimenta.webp\" alt=\"RONDO Espelho BANHOAZIS Andrade Pimenta\" \/><\/p>\n<p>&nbsp;<\/p>\n<p class=\"teste\" style=\"max-width: 80%; padding-bottom: 40px;\"><span class=\"relative -mx-px my-[-0.2rem] rounded px-px py-[0.2rem] transition-colors duration-100 ease-in-out\">O <strong data-start=\"2\" data-end=\"22\">Espelho Rondo<\/strong>\u00a0da Banhoazis \u00e9 uma pe\u00e7a de design elegante e minimalista, ideal para complementar casas de banho contempor\u00e2neas.<\/span> <span class=\"relative -mx-px my-[-0.2rem] rounded px-px py-[0.2rem] transition-colors duration-100 ease-in-out\">Com um formato redondo de 60 \/ 70 \/ 80 \/ 90 cm de di\u00e2metro, destaca-se pela sua simplicidade e versatilidade. <\/span><\/p>\n<h3>Brilho ou Matte<\/h3>\n<p class=\"legenda\" style=\"font-size: 12px; text-transform: uppercase; letter-spacing: 2px;\">Lacado Brilho <strong>Metalico<br \/>\n<\/strong>Lacados Mate <strong>Preto<\/strong> OU <strong>Branco<br \/>\n<\/strong><strong>Dourado<\/strong> Escovado<\/p>\n<p>&nbsp;<\/p>\n","protected":false},"excerpt":{"rendered":"<p><span style=\"font-size: 15px; line-height: 5px; color: grey;\"><strong><i class=\"fas fa-minus\"><\/i>\u00a0 Format<\/strong> <span class=\"OYPEnA font-feature-liga-off font-feature-clig-off font-feature-calt-off text-decoration-none text-strikethrough-none\">60\u00d8<\/span> \/ <span class=\"OYPEnA font-feature-liga-off font-feature-clig-off font-feature-calt-off text-decoration-none text-strikethrough-none\">70\u00d8<\/span> \/ <span class=\"OYPEnA font-feature-liga-off font-feature-clig-off font-feature-calt-off text-decoration-none text-strikethrough-none\">80\u00d8<\/span> \/ <span class=\"OYPEnA font-feature-liga-off font-feature-clig-off font-feature-calt-off text-decoration-none text-strikethrough-none\">90\u00d8 diam\u00e8tre<\/span><br \/>\n<strong><i class=\"fas fa-minus\"><\/i>\u00a0 Finition<\/strong>\u00a0<strong>Mat<\/strong> Laqu\u00e9 <strong>Noir<\/strong> ou <strong>Blanc<\/strong><br \/>\n<strong><i class=\"fas fa-minus\"><\/i>\u00a0 Finition brillante <\/strong>\u00a0Laqu\u00e9 <strong>M\u00e9tallis\u00e9 \/ Dor\u00e9 <\/strong>Bross\u00e9<\/span><\/p>\n<p>&nbsp;<\/p>","protected":false},"featured_media":21927,"template":"","meta":{"_acf_changed":false},"product_brand":[],"product_cat":[179],"product_tag":[85],"class_list":{"0":"post-2346","1":"product","2":"type-product","3":"status-publish","4":"has-post-thumbnail","6":"product_cat-espelhos-acessorios","7":"product_tag-espelhos","8":"pa_cor-cromado","9":"pa_cor-gold","10":"pa_cor-sterling-silver","11":"pa_cor-white","12":"pa_cor-preto-mate","13":"pa_marca-banhoazis","14":"pa_tamanho-70o","15":"pa_tamanho-80o","16":"pa_tamanho-90o","17":"pa_tamanho-60o","19":"first","20":"instock","21":"shipping-taxable","22":"purchasable","23":"product-type-variable","24":"has-default-attributes"},"acf":[],"_links":{"self":[{"href":"https:\/\/andradepimenta.com\/fr\/wp-json\/wp\/v2\/product\/2346","targetHints":{"allow":["GET"]}}],"collection":[{"href":"https:\/\/andradepimenta.com\/fr\/wp-json\/wp\/v2\/product"}],"about":[{"href":"https:\/\/andradepimenta.com\/fr\/wp-json\/wp\/v2\/types\/product"}],"wp:featuredmedia":[{"embeddable":true,"href":"https:\/\/andradepimenta.com\/fr\/wp-json\/wp\/v2\/media\/21927"}],"wp:attachment":[{"href":"https:\/\/andradepimenta.com\/fr\/wp-json\/wp\/v2\/media?parent=2346"}],"wp:term":[{"taxonomy":"product_brand","embeddable":true,"href":"https:\/\/andradepimenta.com\/fr\/wp-json\/wp\/v2\/product_brand?post=2346"},{"taxonomy":"product_cat","embeddable":true,"href":"https:\/\/andradepimenta.com\/fr\/wp-json\/wp\/v2\/product_cat?post=2346"},{"taxonomy":"product_tag","embeddable":true,"href":"https:\/\/andradepimenta.com\/fr\/wp-json\/wp\/v2\/product_tag?post=2346"}],"curies":[{"name":"wp","href":"https:\/\/api.w.org\/{rel}","templated":true}]}}