{"id":2381,"date":"2020-05-12T12:19:47","date_gmt":"2020-05-12T12:19:47","guid":{"rendered":"https:\/\/qwery.ancorathemes.com\/?post_type=product&#038;p=2381"},"modified":"2025-07-16T15:27:28","modified_gmt":"2025-07-16T15:27:28","slug":"basic-resguardo","status":"publish","type":"product","link":"https:\/\/andradepimenta.com\/fr\/product\/basic-resguardo\/","title":{"rendered":"BASIC Parois de douche"},"content":{"rendered":"<p><img decoding=\"async\" class=\"aligncenter\" style=\"width: 70%; height: 400px; object-fit: cover; display: block; margin: auto; padding-bottom: 10px; padding-top: 20px;\" src=\"https:\/\/andradepimenta.com\/wp-content\/uploads\/2025\/05\/resguardo-basic-gme-andrade-pimenta.gif\" alt=\"ASIC Resguardo GME Andrade Pimenta\" \/><\/p>\n<p><img decoding=\"async\" class=\"alignleft\" style=\"width: 300px; height: 300px; object-fit: cover; display: block; margin: auto;\" src=\"https:\/\/andradepimenta.com\/wp-content\/uploads\/2025\/05\/resguardo-basic-gme-5-andrade-pimenta.webp\" alt=\"BASIC Resguardo GME Andrade Pimenta\" \/><\/p>\n<p>&nbsp;<\/p>\n<p class=\"teste\" style=\"max-width: 80%; padding-bottom: 40px;\">La s\u00e9rie Basic de GME est une gamme de parois de douche au design minimaliste et \u00e0 la fonctionnalit\u00e9 moderne, id\u00e9ale pour les salles de bains contemporaines.<\/p>\n<h3>Durabilit\u00e9 et s\u00e9curit\u00e9<\/h3>\n<p class=\"legenda\" style=\"font-size: 12px; text-transform: uppercase; letter-spacing: 2px;\">profil\u00e9s en aluminium et verre tremp\u00e9 de 6 mm<\/p>\n<p>&nbsp;<\/p>","protected":false},"excerpt":{"rendered":"<p><span style=\"font-size: 15px; line-height: 5px; color: grey;\"><strong><i class=\"fas fa-minus\"><\/i>\u00a0 Finitions<\/strong> en aluminium argent\u00e9, blanc, noir mat et titane<br \/>\n<strong><i class=\"fas fa-minus\"><\/i>\u00a0 Verre 6 mm<\/strong> transparent ou Frost Plus, avec traitement anti-calcaire EnduroShield<br \/>\n<strong><i class=\"fas fa-minus\"><\/i>\u00a0 Profil\u00e9s<\/strong> verticales avec une largeur de profil de<strong> 2,3 cm<\/strong><br \/>\n<strong><i class=\"fas fa-minus\"><\/i>\u00a0 Ouverture<\/strong> Portes coulissantes avec doubles roulettes silencieuses en nylon, sans profil\u00e9 inf\u00e9rieur<br \/>\n<strong><i class=\"fas fa-minus\"><\/i>\u00a0 Fermeture<\/strong> gomme \u00e0 bulles pour mod\u00e8les frontaux et fermeture magn\u00e9tique pour formats angulaires<br \/>\n<strong><i class=\"fas fa-minus\"><\/i>\u00a0 Dimensions<\/strong> sur mesure, en ajustant la largeur, la hauteur jusqu'\u00e0 220 cm ou avec une d\u00e9coupe sp\u00e9cifique dans les vitres<br \/>\n<\/span><\/p>","protected":false},"featured_media":21665,"template":"","meta":{"_acf_changed":false},"product_brand":[287],"product_cat":[178],"product_tag":[79],"class_list":{"0":"post-2381","1":"product","2":"type-product","3":"status-publish","4":"has-post-thumbnail","6":"product_brand-gme","7":"product_cat-banho","8":"product_tag-resguardos","9":"pa_cor-cromado","10":"pa_cor-sterling-silver","11":"pa_cor-titanium","12":"pa_cor-white","13":"pa_cor-preto-mate","14":"pa_marca-gme","15":"pa_material-aluminio","16":"pa_tamanho-255","18":"first","19":"instock","20":"shipping-taxable","21":"purchasable","22":"product-type-variable","23":"has-default-attributes"},"acf":[],"_links":{"self":[{"href":"https:\/\/andradepimenta.com\/fr\/wp-json\/wp\/v2\/product\/2381","targetHints":{"allow":["GET"]}}],"collection":[{"href":"https:\/\/andradepimenta.com\/fr\/wp-json\/wp\/v2\/product"}],"about":[{"href":"https:\/\/andradepimenta.com\/fr\/wp-json\/wp\/v2\/types\/product"}],"wp:featuredmedia":[{"embeddable":true,"href":"https:\/\/andradepimenta.com\/fr\/wp-json\/wp\/v2\/media\/21665"}],"wp:attachment":[{"href":"https:\/\/andradepimenta.com\/fr\/wp-json\/wp\/v2\/media?parent=2381"}],"wp:term":[{"taxonomy":"product_brand","embeddable":true,"href":"https:\/\/andradepimenta.com\/fr\/wp-json\/wp\/v2\/product_brand?post=2381"},{"taxonomy":"product_cat","embeddable":true,"href":"https:\/\/andradepimenta.com\/fr\/wp-json\/wp\/v2\/product_cat?post=2381"},{"taxonomy":"product_tag","embeddable":true,"href":"https:\/\/andradepimenta.com\/fr\/wp-json\/wp\/v2\/product_tag?post=2381"}],"curies":[{"name":"wp","href":"https:\/\/api.w.org\/{rel}","templated":true}]}}