{"id":24374,"date":"2025-06-20T10:23:54","date_gmt":"2025-06-20T10:23:54","guid":{"rendered":"https:\/\/andradepimenta.com\/?post_type=product&#038;p=24374"},"modified":"2026-02-24T10:39:56","modified_gmt":"2026-02-24T10:39:56","slug":"sirio-torneira-lavatorio","status":"publish","type":"product","link":"https:\/\/andradepimenta.com\/fr\/product\/sirio-torneira-lavatorio\/","title":{"rendered":"SIRIO Torneira Lavat\u00f3rio"},"content":{"rendered":"<p><img decoding=\"async\" class=\"aligncenter\" style=\"width: 70%; height: 400px; object-fit: cover; display: block; margin: auto; padding-bottom: 10px; padding-top: 20px;\" src=\"https:\/\/andradepimenta.com\/wp-content\/uploads\/2025\/06\/torneira-sirio-gme-1-andrade-pimenta.webp\" alt=\"NOAH Torneira GME Andrade Pimenta\" \/><\/p>\n<p><img decoding=\"async\" class=\"alignleft\" style=\"width: 300px; height: 300px; object-fit: cover; display: block; margin: auto;\" src=\"https:\/\/andradepimenta.com\/wp-content\/uploads\/2025\/06\/torneira-sirio-gme-3-andrade-pimenta.webp\" \/><\/p>\n<p>&nbsp;<\/p>\n<p class=\"teste\" style=\"max-width: 80%; padding-bottom: 40px;\">A Torneira S\u00edrio da GME \u00e9 uma pe\u00e7a de lat\u00e3o com acabamento cromado, garantindo resist\u00eancia \u00e0 corros\u00e3o. <span class=\"relative -mx-px my-[-0.2rem] rounded px-px py-[0.2rem] transition-colors duration-100 ease-in-out\">Com um design cil\u00edndrico e minimalista, ideal para ambientes contempor\u00e2neos<\/span>.<\/p>\n<h3>Eficiente, sem salpicos<\/h3>\n<p class=\"legenda\" style=\"font-size: 12px; text-transform: uppercase; letter-spacing: 2px;\">Neoperl &#8211; jato sem salpicos e efici\u00eancia de consumo 5\u202fL\/min<\/p>\n<p>&nbsp;<\/p>\n","protected":false},"excerpt":{"rendered":"<p><span style=\"font-size: 15px; line-height: 5px; color: grey;\"><strong><i class=\"fas fa-minus\"><\/i>\u00a0 Mat\u00e9riel<\/strong> Laiton chrom\u00e9<br \/>\n<strong><i class=\"fas fa-minus\"><\/i>\u00a0 Cartouche<\/strong> 35 mm, haute durabilit\u00e9 et fonctionnement fluide<br \/>\n<strong><i class=\"fas fa-minus\"><\/i>\u00a0 Tuyaux<\/strong> Comprend des tuyaux CE de 3\/8\u2033<br \/>\n<strong><i class=\"fas fa-minus\"><\/i>\u00a0 Ouverture<\/strong> La marque Neoperl, pour un jet sans \u00e9claboussures et une consommation efficace<br \/>\n<strong><i class=\"fas fa-minus\"><\/i>\u00a0 Dimensions<\/strong> 233 mm de largeur et 305 mm de hauteur<br \/>\n<\/span><\/p>","protected":false},"featured_media":24409,"template":"","meta":{"_acf_changed":false},"product_brand":[287],"product_cat":[370,176],"product_tag":[369,77],"class_list":{"0":"post-24374","1":"product","2":"type-product","3":"status-publish","4":"has-post-thumbnail","6":"product_brand-gme","7":"product_cat-bestseller","8":"product_cat-torneiras","9":"product_tag-banho","10":"product_tag-cozinha","11":"pa_cor-cromado","12":"pa_marca-gme","13":"pa_material-latao","14":"pa_tamanho-184","15":"pa_tamanho-236","17":"first","18":"instock","19":"shipping-taxable","20":"purchasable","21":"product-type-variable","22":"has-default-attributes"},"acf":[],"_links":{"self":[{"href":"https:\/\/andradepimenta.com\/fr\/wp-json\/wp\/v2\/product\/24374","targetHints":{"allow":["GET"]}}],"collection":[{"href":"https:\/\/andradepimenta.com\/fr\/wp-json\/wp\/v2\/product"}],"about":[{"href":"https:\/\/andradepimenta.com\/fr\/wp-json\/wp\/v2\/types\/product"}],"wp:featuredmedia":[{"embeddable":true,"href":"https:\/\/andradepimenta.com\/fr\/wp-json\/wp\/v2\/media\/24409"}],"wp:attachment":[{"href":"https:\/\/andradepimenta.com\/fr\/wp-json\/wp\/v2\/media?parent=24374"}],"wp:term":[{"taxonomy":"product_brand","embeddable":true,"href":"https:\/\/andradepimenta.com\/fr\/wp-json\/wp\/v2\/product_brand?post=24374"},{"taxonomy":"product_cat","embeddable":true,"href":"https:\/\/andradepimenta.com\/fr\/wp-json\/wp\/v2\/product_cat?post=24374"},{"taxonomy":"product_tag","embeddable":true,"href":"https:\/\/andradepimenta.com\/fr\/wp-json\/wp\/v2\/product_tag?post=24374"}],"curies":[{"name":"wp","href":"https:\/\/api.w.org\/{rel}","templated":true}]}}