{"id":24480,"date":"2025-06-20T11:08:54","date_gmt":"2025-06-20T11:08:54","guid":{"rendered":"https:\/\/andradepimenta.com\/?post_type=product&#038;p=24480"},"modified":"2025-07-16T15:24:04","modified_gmt":"2025-07-16T15:24:04","slug":"valencia-lavatorio","status":"publish","type":"product","link":"https:\/\/andradepimenta.com\/fr\/product\/valencia-lavatorio\/","title":{"rendered":"VALENCIA Lavabo"},"content":{"rendered":"<p><img decoding=\"async\" class=\"aligncenter\" style=\"width: 70%; height: 400px; object-fit: cover; display: block; margin: auto; padding-bottom: 10px; padding-top: 20px;\" src=\"https:\/\/andradepimenta.com\/wp-content\/uploads\/2025\/06\/Lavatorio-Valencia-Moovlux-3-andrade-pimenta.webp\" alt=\"VALENCIA Lavat\u00f3rio MOOVLUX Andrade Pimenta\" \/><\/p>\n<p><img decoding=\"async\" class=\"alignleft\" style=\"width: 300px; height: 300px; object-fit: cover; display: block; margin: auto;\" src=\"https:\/\/andradepimenta.com\/wp-content\/uploads\/2025\/06\/Lavatorio-Valencia-Moovlux-8-andrade-pimenta.webp\" alt=\"VALENCIA Lavat\u00f3rio MOOVLUX Andrade Pimenta\" \/><\/p>\n<p>&nbsp;<\/p>\n<p>&nbsp;<\/p>\n<p class=\"teste\" style=\"max-width: 80%; padding-bottom: 40px;\">Le <strong data-start=\"2\" data-end=\"22\">lavabo Val\u00eancia<\/strong> de Moovlux est id\u00e9al pour les espaces r\u00e9duits, tout en apportant une touche de sophistication et d'\u00e9l\u00e9gance.<\/p>\n<h3>Simple et Adaptable<\/h3>\n<p class=\"legenda\" style=\"font-size: 12px; text-transform: uppercase; letter-spacing: 2px;\">petits et \u00e0 poser sur le plan de travail \u2013 grande facilit\u00e9 d'application<\/p>\n<p>&nbsp;<\/p>","protected":false},"excerpt":{"rendered":"<p><span style=\"font-size: 15px; line-height: 5px; color: grey;\"><strong><i class=\"fas fa-minus\"><\/i>\u00a0 Mat\u00e9riel<\/strong> C\u00e9ramique<br \/>\n<strong><i class=\"fas fa-minus\"><\/i>\u00a0 Installation<\/strong> Poser sur le dessus<br \/>\n<strong><i class=\"fas fa-minus\"><\/i>\u00a0 Finition<\/strong> Blanc brillant | Blanc mat | Noir mat<br \/>\n<strong><i class=\"fas fa-minus\"><\/i>\u00a0 Dimensions <\/strong>35,5\u202f\u00d7\u202f35,5\u202f\u00d7\u202f12,5\u202fcm (L\u00d7P\u00d7H)<\/span><\/p>","protected":false},"featured_media":24495,"template":"","meta":{"_acf_changed":false},"product_brand":[371],"product_cat":[370,175],"product_tag":[78],"class_list":{"0":"post-24480","1":"product","2":"type-product","3":"status-publish","4":"has-post-thumbnail","6":"product_brand-moovlux","7":"product_cat-bestseller","8":"product_cat-lavatorios","9":"product_tag-lavatorios","10":"pa_cor-white","11":"pa_cor-preto-mate","12":"pa_cor-offwhite","13":"pa_marca-moovlux","14":"pa_material-ceramic","16":"first","17":"instock","18":"shipping-taxable","19":"purchasable","20":"product-type-variable","21":"has-default-attributes"},"acf":[],"_links":{"self":[{"href":"https:\/\/andradepimenta.com\/fr\/wp-json\/wp\/v2\/product\/24480","targetHints":{"allow":["GET"]}}],"collection":[{"href":"https:\/\/andradepimenta.com\/fr\/wp-json\/wp\/v2\/product"}],"about":[{"href":"https:\/\/andradepimenta.com\/fr\/wp-json\/wp\/v2\/types\/product"}],"wp:featuredmedia":[{"embeddable":true,"href":"https:\/\/andradepimenta.com\/fr\/wp-json\/wp\/v2\/media\/24495"}],"wp:attachment":[{"href":"https:\/\/andradepimenta.com\/fr\/wp-json\/wp\/v2\/media?parent=24480"}],"wp:term":[{"taxonomy":"product_brand","embeddable":true,"href":"https:\/\/andradepimenta.com\/fr\/wp-json\/wp\/v2\/product_brand?post=24480"},{"taxonomy":"product_cat","embeddable":true,"href":"https:\/\/andradepimenta.com\/fr\/wp-json\/wp\/v2\/product_cat?post=24480"},{"taxonomy":"product_tag","embeddable":true,"href":"https:\/\/andradepimenta.com\/fr\/wp-json\/wp\/v2\/product_tag?post=24480"}],"curies":[{"name":"wp","href":"https:\/\/api.w.org\/{rel}","templated":true}]}}