{"id":2473,"date":"2020-05-11T11:08:05","date_gmt":"2020-05-11T11:08:05","guid":{"rendered":"https:\/\/qwery.ancorathemes.com\/?post_type=product&#038;p=2473"},"modified":"2025-07-16T15:30:14","modified_gmt":"2025-07-16T15:30:14","slug":"travertino-classic-revestimento","status":"publish","type":"product","link":"https:\/\/andradepimenta.com\/fr\/product\/travertino-classic-revestimento\/","title":{"rendered":"TRAVERTINO Classic"},"content":{"rendered":"<p><img decoding=\"async\" class=\"aligncenter\" style=\"width: 70%; height: 400px; object-fit: cover; object-position: bottom; display: block; margin: auto; padding-bottom: 10px; padding-top: 20px;\" src=\"https:\/\/andradepimenta.com\/wp-content\/uploads\/2020\/05\/travertino-classic-1-revigres-andrade-pimenta.webp\" alt=\"TRAVERTINO Classic Revestimento REVIGRES Andrade Pimenta\" \/><\/p>\n<p><img decoding=\"async\" class=\"alignleft\" style=\"width: 300px; height: 300px; object-fit: cover; display: block; margin: auto;\" src=\"https:\/\/andradepimenta.com\/wp-content\/uploads\/2020\/05\/travertino-classic-3-revigres-andrade-pimenta.webp\" alt=\"TRAVERTINO Classic Revestimento REVIGRES Andrade Pimenta\" \/><\/p>\n<p>&nbsp;<\/p>\n<p class=\"teste\" style=\"max-width: 80%; padding-bottom: 40px;\">A cole\u00e7\u00e3o <strong data-start=\"10\" data-end=\"32\">Travertino Classic<\/strong> da Revigr\u00e9s \u00e9 inspirada na beleza natural da pedra travertino, c<span class=\"relative -mx-px my-[-0.2rem] rounded px-px py-[0.2rem] transition-colors duration-100 ease-in-out\">onferindo profundidade e autenticidade \u00e0s pe\u00e7as.<\/span> Invista numa est\u00e9tica sofisticada e atemporal para revestimentos e pavimentos<\/p>\n<h3>Efeito Sensorial Ultrarrealista<\/h3>\n<p class=\"legenda\" style=\"font-size: 12px; text-transform: uppercase; letter-spacing: 2px;\">gra\u00e7as \u00e0 impress\u00e3o 3d de \u00faltima gera\u00e7\u00e3o<\/p>\n<p>&nbsp;<\/p>\n","protected":false},"excerpt":{"rendered":"<p><span style=\"font-size: 15px; line-height: 5px; color: grey;\"><strong><br \/>\n<i class=\"fas fa-minus\"><\/i>\u00a0 Type Carrelage mural<br \/>\n<i class=\"fas fa-minus\"><\/i>\u00a0 \u00c9paisseur<\/strong> 9,8 mm<strong><br \/>\n<i class=\"fas fa-minus\"><\/i>\u00a0 Formats <\/strong>59,2 x 59,2 \/ 59,2 x 118,6 \/ 88,9 x 88,9<br \/>\n<strong><i class=\"fas fa-minus\"><\/i>\u00a0 Couleurs<\/strong> Offwhite \/ Sand<\/span><\/p>","protected":false},"featured_media":22755,"template":"","meta":{"_acf_changed":false},"product_brand":[],"product_cat":[180],"product_tag":[243],"class_list":{"0":"post-2473","1":"product","2":"type-product","3":"status-publish","4":"has-post-thumbnail","6":"product_cat-pavimento-revestimento","7":"product_tag-revestimento","8":"pa_cor-offwhite","9":"pa_cor-sand","10":"pa_cor-marmore","11":"pa_marca-revigres","12":"pa_material-gres-porcelanico-tecnico","13":"pa_tamanho-60-x-60","14":"pa_tamanho-60-x-120","15":"pa_tamanho-90-x-90","17":"first","18":"instock","19":"shipping-taxable","20":"purchasable","21":"product-type-variable","22":"has-default-attributes"},"acf":[],"_links":{"self":[{"href":"https:\/\/andradepimenta.com\/fr\/wp-json\/wp\/v2\/product\/2473","targetHints":{"allow":["GET"]}}],"collection":[{"href":"https:\/\/andradepimenta.com\/fr\/wp-json\/wp\/v2\/product"}],"about":[{"href":"https:\/\/andradepimenta.com\/fr\/wp-json\/wp\/v2\/types\/product"}],"wp:featuredmedia":[{"embeddable":true,"href":"https:\/\/andradepimenta.com\/fr\/wp-json\/wp\/v2\/media\/22755"}],"wp:attachment":[{"href":"https:\/\/andradepimenta.com\/fr\/wp-json\/wp\/v2\/media?parent=2473"}],"wp:term":[{"taxonomy":"product_brand","embeddable":true,"href":"https:\/\/andradepimenta.com\/fr\/wp-json\/wp\/v2\/product_brand?post=2473"},{"taxonomy":"product_cat","embeddable":true,"href":"https:\/\/andradepimenta.com\/fr\/wp-json\/wp\/v2\/product_cat?post=2473"},{"taxonomy":"product_tag","embeddable":true,"href":"https:\/\/andradepimenta.com\/fr\/wp-json\/wp\/v2\/product_tag?post=2473"}],"curies":[{"name":"wp","href":"https:\/\/api.w.org\/{rel}","templated":true}]}}