{"id":2474,"date":"2020-05-10T11:13:21","date_gmt":"2020-05-10T11:13:21","guid":{"rendered":"https:\/\/qwery.ancorathemes.com\/?post_type=product&#038;p=2474"},"modified":"2025-07-16T15:30:32","modified_gmt":"2025-07-16T15:30:32","slug":"side-base-duche","status":"publish","type":"product","link":"https:\/\/andradepimenta.com\/fr\/product\/side-base-duche\/","title":{"rendered":"SIDE Receveur de douche"},"content":{"rendered":"<p><img decoding=\"async\" class=\"aligncenter\" style=\"width: 70%; height: 400px; object-fit: cover; display: block; margin: auto; padding-bottom: 10px; padding-top: 20px;\" src=\"https:\/\/andradepimenta.com\/wp-content\/uploads\/2025\/05\/base-duche-6-side-gme-andrade-pimenta.webp\" alt=\"SIDE Base Duche GME Andrade Pimenta\" \/><\/p>\n<p><img decoding=\"async\" class=\"alignleft\" style=\"width: 300px; height: 300px; object-fit: cover; display: block; margin: auto;\" src=\"https:\/\/andradepimenta.com\/wp-content\/uploads\/2025\/05\/base-duche-5-side-gme-andrade-pimenta.webp\" alt=\"SIDE Base Duche GME Andrade Pimenta\" \/><\/p>\n<p>&nbsp;<\/p>\n<p class=\"teste\" style=\"max-width: 80%; padding-bottom: 40px;\"><span class=\"relative -mx-px my-[-0.2rem] rounded px-px py-[0.2rem] transition-colors duration-100 ease-in-out\"><span data-start=\"2\" data-end=\"54\">A <strong>Base<\/strong><\/span><strong data-start=\"2\" data-end=\"54\"> de Duche Side<\/strong>\u00a0da GME \u00e9 uma solu\u00e7\u00e3o elegante e funcional para casas de banho modernas.<\/span> <span class=\"relative -mx-px my-[-0.2rem] rounded px-px py-[0.2rem] transition-colors duration-100 ease-in-out\">Fabricado em resina com carga mineral de \u00faltima gera\u00e7\u00e3o.<\/span><\/p>\n<h3>Durabilidade &amp; Resist\u00eancia<\/h3>\n<p class=\"legenda\" style=\"font-size: 12px; text-transform: uppercase; letter-spacing: 2px;\"><span class=\"relative -mx-px my-[-0.2rem] rounded px-px py-[0.2rem] transition-colors duration-100 ease-in-out\">resina mineral com Gel Coat sanit\u00e1rio ISO NPG<\/span><\/p>\n<p>&nbsp;<\/p>\n","protected":false},"excerpt":{"rendered":"<p><span style=\"font-size: 15px; line-height: 5px; color: grey;\"><strong><i class=\"fas fa-minus\"><\/i>\u00a0 Mat\u00e9riel<\/strong> R\u00e9sine min\u00e9rale et Gel Coat sanitaire ISO NPG<br \/>\n<strong><i class=\"fas fa-minus\"><\/i>\u00a0 Vidange<\/strong> \u00c9vacuation lat\u00e9rale cach\u00e9e<br \/>\n<strong><i class=\"fas fa-minus\"><\/i>\u00a0 Texture<\/strong> ardoise et antid\u00e9rapant classe 3<br \/>\n<strong><i class=\"fas fa-minus\"><\/i>\u00a0 Couleurs<\/strong> Blanc, noir mat, gris et beige<br \/>\n<strong><i class=\"fas fa-minus\"><\/i>\u00a0 Dimensions<\/strong> 180 mm x 80 mm avec options de d\u00e9coupe<br \/>\n<\/span><\/p>","protected":false},"featured_media":21741,"template":"","meta":{"_acf_changed":false},"product_brand":[],"product_cat":[178],"product_tag":[237],"class_list":{"0":"post-2474","1":"product","2":"type-product","3":"status-publish","4":"has-post-thumbnail","6":"product_cat-banho","7":"product_tag-bases-duche","8":"pa_cor-cinza","9":"pa_cor-white","10":"pa_cor-preto-mate","11":"pa_cor-bege","12":"pa_marca-gme","13":"pa_material-slate","14":"pa_tamanho-180-x-80","16":"first","17":"instock","18":"shipping-taxable","19":"purchasable","20":"product-type-variable","21":"has-default-attributes"},"acf":[],"_links":{"self":[{"href":"https:\/\/andradepimenta.com\/fr\/wp-json\/wp\/v2\/product\/2474","targetHints":{"allow":["GET"]}}],"collection":[{"href":"https:\/\/andradepimenta.com\/fr\/wp-json\/wp\/v2\/product"}],"about":[{"href":"https:\/\/andradepimenta.com\/fr\/wp-json\/wp\/v2\/types\/product"}],"wp:featuredmedia":[{"embeddable":true,"href":"https:\/\/andradepimenta.com\/fr\/wp-json\/wp\/v2\/media\/21741"}],"wp:attachment":[{"href":"https:\/\/andradepimenta.com\/fr\/wp-json\/wp\/v2\/media?parent=2474"}],"wp:term":[{"taxonomy":"product_brand","embeddable":true,"href":"https:\/\/andradepimenta.com\/fr\/wp-json\/wp\/v2\/product_brand?post=2474"},{"taxonomy":"product_cat","embeddable":true,"href":"https:\/\/andradepimenta.com\/fr\/wp-json\/wp\/v2\/product_cat?post=2474"},{"taxonomy":"product_tag","embeddable":true,"href":"https:\/\/andradepimenta.com\/fr\/wp-json\/wp\/v2\/product_tag?post=2474"}],"curies":[{"name":"wp","href":"https:\/\/api.w.org\/{rel}","templated":true}]}}