{"id":25626,"date":"2025-06-27T11:48:06","date_gmt":"2025-06-27T11:48:06","guid":{"rendered":"https:\/\/andradepimenta.com\/?post_type=product&#038;p=25626"},"modified":"2026-03-03T10:15:55","modified_gmt":"2026-03-03T10:15:55","slug":"feel-good-revestimento","status":"publish","type":"product","link":"https:\/\/andradepimenta.com\/fr\/product\/feel-good-revestimento\/","title":{"rendered":"FEEL GOOD"},"content":{"rendered":"<p><img decoding=\"async\" class=\"aligncenter\" style=\"width: 70%; height: 400px; object-fit: cover; object-position: bottom; display: block; margin: auto; padding-bottom: 10px; padding-top: 20px;\" src=\"https:\/\/andradepimenta.com\/wp-content\/uploads\/2025\/06\/feel-good-pavimento-domino-andrade-pimenta-0-scaled.webp\" alt=\"FEEL GOOD Revestimento Andrade Pimenta\" \/><\/p>\n<p><img decoding=\"async\" class=\"alignleft\" style=\"width: 300px; height: 300px; object-fit: cover; display: block; margin: auto;\" src=\"https:\/\/andradepimenta.com\/wp-content\/uploads\/2025\/05\/prestige-1-pavimento-margres-andrade-pimenta.webp\" alt=\"FEEL GOOD Revestimento Andrade Pimenta\" \/><\/p>\n<p>&nbsp;<\/p>\n<p class=\"teste\" style=\"max-width: 80%; padding-bottom: 40px;\">A cole\u00e7\u00e3o <strong data-start=\"10\" data-end=\"22\">Feel Good<\/strong> da Domin\u00f3 \u00e9 ideal para ambientes residenciais e comerciais que procuram est\u00e9tica de madeira com a resist\u00eancia do porcel\u00e2nico.<\/p>\n<h3>Natural &amp; Harmonioso<\/h3>\n<p class=\"legenda\" style=\"font-size: 12px; text-transform: uppercase; letter-spacing: 2px;\">Textura e cor que<span class=\"relative -mx-px my-[-0.2rem] rounded px-px py-[0.2rem] transition-colors duration-100 ease-in-out\"> acentua o car\u00e1cter natural<\/span><\/p>\n<p>&nbsp;<\/p>\n","protected":false},"excerpt":{"rendered":"<p><span style=\"font-size: 15px; line-height: 5px; color: grey;\"><strong><br \/>\n<i class=\"fas fa-minus\"><\/i>\u00a0 Finition <\/strong>Mat\/rectifi\u00e9<br \/>\n<strong><i class=\"fas fa-minus\"><\/i>\u00a0 Applications <\/strong>Salons \/ Cuisines \/  Toilettes<strong><br \/>\n<i class=\"fas fa-minus\"><\/i>\u00a0 \u00c9paisseur<\/strong> 9\u201310 mm (environ)<strong><br \/>\n<i class=\"fas fa-minus\"><\/i>\u00a0 Formats <\/strong>20 x 90<br \/>\n<strong><i class=\"fas fa-minus\"><\/i>\u00a0 Couleurs<\/strong> Milk \/ Tea \/ Caramel \/ Nut \/ Caviar<\/span><\/p>","protected":false},"featured_media":25703,"template":"","meta":{"_acf_changed":false},"product_brand":[375],"product_cat":[180],"product_tag":[242,243],"class_list":{"0":"post-25626","1":"product","2":"type-product","3":"status-publish","4":"has-post-thumbnail","6":"product_brand-domino","7":"product_cat-pavimento-revestimento","8":"product_tag-pavimento","9":"product_tag-revestimento","10":"pa_cor-tea","11":"pa_cor-madeira","12":"pa_cor-milk","13":"pa_cor-caramel","14":"pa_cor-caviar","15":"pa_cor-nut","16":"pa_marca-domino","17":"pa_material-gres-porcelanico-vidrado","18":"pa_tamanho-20-x-90","20":"first","21":"instock","22":"shipping-taxable","23":"purchasable","24":"product-type-variable","25":"has-default-attributes"},"acf":[],"_links":{"self":[{"href":"https:\/\/andradepimenta.com\/fr\/wp-json\/wp\/v2\/product\/25626","targetHints":{"allow":["GET"]}}],"collection":[{"href":"https:\/\/andradepimenta.com\/fr\/wp-json\/wp\/v2\/product"}],"about":[{"href":"https:\/\/andradepimenta.com\/fr\/wp-json\/wp\/v2\/types\/product"}],"wp:featuredmedia":[{"embeddable":true,"href":"https:\/\/andradepimenta.com\/fr\/wp-json\/wp\/v2\/media\/25703"}],"wp:attachment":[{"href":"https:\/\/andradepimenta.com\/fr\/wp-json\/wp\/v2\/media?parent=25626"}],"wp:term":[{"taxonomy":"product_brand","embeddable":true,"href":"https:\/\/andradepimenta.com\/fr\/wp-json\/wp\/v2\/product_brand?post=25626"},{"taxonomy":"product_cat","embeddable":true,"href":"https:\/\/andradepimenta.com\/fr\/wp-json\/wp\/v2\/product_cat?post=25626"},{"taxonomy":"product_tag","embeddable":true,"href":"https:\/\/andradepimenta.com\/fr\/wp-json\/wp\/v2\/product_tag?post=25626"}],"curies":[{"name":"wp","href":"https:\/\/api.w.org\/{rel}","templated":true}]}}