{"id":25780,"date":"2025-06-27T15:28:17","date_gmt":"2025-06-27T15:28:17","guid":{"rendered":"https:\/\/andradepimenta.com\/?post_type=product&#038;p=25780"},"modified":"2026-03-02T16:30:07","modified_gmt":"2026-03-02T16:30:07","slug":"prestige-calacatta","status":"publish","type":"product","link":"https:\/\/andradepimenta.com\/fr\/product\/prestige-calacatta\/","title":{"rendered":"PRESTIGE Calacatta"},"content":{"rendered":"<p>&nbsp;<\/p>\n<p><img decoding=\"async\" class=\"alignleft\" style=\"width: 300px; height: 300px; object-fit: cover; display: block; margin: auto;\" src=\"https:\/\/andradepimenta.com\/wp-content\/uploads\/2026\/03\/Andrade_pimenta_margres_prestige_1.webp\" alt=\"PRESTIGE Calacatta MARGRES Andrade Pimenta\" \/><\/p>\n<p class=\"teste\" style=\"max-width: 80%; padding-bottom: 40px;\">Pi\u00e8ce <strong>Prestige Calacatta<\/strong> de <strong>Margres <\/strong>dans la boutique Andrade Pimenta. Maintenant \u00e0 un prix comp\u00e9titif,<strong><em> limit\u00e9 au stock existant<\/em><\/strong>. Ideal para projetos contempor\u00e2neos que valorizam sofistica\u00e7\u00e3o e durabilidade.<\/p>\n<h3>Luxueux et intemporel<\/h3>\n<p class=\"legenda\" style=\"font-size: 12px; text-transform: uppercase; letter-spacing: 2px;\">investissez dans la majest\u00e9 du marbre naturel<\/p>\n<p>&nbsp;<\/p>","protected":false},"excerpt":{"rendered":"<p><span style=\"font-size: 15px; line-height: 5px; color: grey;\"><strong><br \/>\n<i class=\"fas fa-minus\"><\/i>\u00a0 Type <\/strong>Sol &amp; Carrelage mural<strong><br \/>\n<i class=\"fas fa-minus\"><\/i>\u00a0 Finition <\/strong>Polido<strong><br \/>\n<i class=\"fas fa-minus\"><\/i>\u00a0 \u00c9paisseur<\/strong> 5,5 mm<strong><br \/>\n<i class=\"fas fa-minus\"><\/i>\u00a0 Formats <\/strong>60&#215;60<br \/>\n<strong><i class=\"fas fa-minus\"><\/i>\u00a0 Prix <\/strong>TVA comprise<\/span><\/p>","protected":false},"featured_media":25847,"template":"","meta":{"_acf_changed":false},"product_brand":[368],"product_cat":[180,231],"product_tag":[242,243],"class_list":{"0":"post-25780","1":"product","2":"type-product","3":"status-publish","4":"has-post-thumbnail","6":"product_brand-margres","7":"product_cat-pavimento-revestimento","8":"product_cat-outlet","9":"product_tag-pavimento","10":"product_tag-revestimento","11":"pa_cor-calacatta","12":"pa_cor-white","13":"pa_marca-margres","14":"pa_material-gres-porcelanico-nao-vidrado","15":"pa_tamanho-60-x-60","17":"first","18":"instock","19":"sale","20":"shipping-taxable","21":"purchasable","22":"product-type-variable","23":"has-default-attributes"},"acf":[],"_links":{"self":[{"href":"https:\/\/andradepimenta.com\/fr\/wp-json\/wp\/v2\/product\/25780","targetHints":{"allow":["GET"]}}],"collection":[{"href":"https:\/\/andradepimenta.com\/fr\/wp-json\/wp\/v2\/product"}],"about":[{"href":"https:\/\/andradepimenta.com\/fr\/wp-json\/wp\/v2\/types\/product"}],"wp:featuredmedia":[{"embeddable":true,"href":"https:\/\/andradepimenta.com\/fr\/wp-json\/wp\/v2\/media\/25847"}],"wp:attachment":[{"href":"https:\/\/andradepimenta.com\/fr\/wp-json\/wp\/v2\/media?parent=25780"}],"wp:term":[{"taxonomy":"product_brand","embeddable":true,"href":"https:\/\/andradepimenta.com\/fr\/wp-json\/wp\/v2\/product_brand?post=25780"},{"taxonomy":"product_cat","embeddable":true,"href":"https:\/\/andradepimenta.com\/fr\/wp-json\/wp\/v2\/product_cat?post=25780"},{"taxonomy":"product_tag","embeddable":true,"href":"https:\/\/andradepimenta.com\/fr\/wp-json\/wp\/v2\/product_tag?post=25780"}],"curies":[{"name":"wp","href":"https:\/\/api.w.org\/{rel}","templated":true}]}}