{"id":25859,"date":"2025-07-09T16:21:31","date_gmt":"2025-07-09T16:21:31","guid":{"rendered":"https:\/\/andradepimenta.com\/?post_type=product&#038;p=25859"},"modified":"2026-03-03T10:22:15","modified_gmt":"2026-03-03T10:22:15","slug":"mapei-keracolor-ff","status":"publish","type":"product","link":"https:\/\/andradepimenta.com\/fr\/product\/mapei-keracolor-ff\/","title":{"rendered":"KERACOLOR FF"},"content":{"rendered":"<h3>Haute performance<\/h3>\n<p class=\"legenda\" style=\"font-size: 12px; text-transform: uppercase; letter-spacing: 2px;\">id\u00e9al pour le jointoiement jusqu'\u00e0 6 mm<\/p>\n<p>&nbsp;<\/p>\n<p data-start=\"396\" data-end=\"657\">Le <strong>Keracolor FF<\/strong> garantit un jointoiement uniforme, sans fissures, avec une excellente r\u00e9sistance aux acides et une faible \u00e9mission de compos\u00e9s organiques volatils (COV). Disponible en 20 couleurs, il peut \u00eatre combin\u00e9 avec l'additif Fugolastic pour des applications dans des conditions plus exigeantes.<\/p>\n<p data-start=\"659\" data-end=\"765\">Venez visiter notre magasin ou notre entrep\u00f4t et d\u00e9couvrez cette solution Mapei : une qualit\u00e9 \u00e9prouv\u00e9e au service de votre chantier.<\/p>\n<p>&nbsp;<br \/>\n&nbsp;<\/p>","protected":false},"excerpt":{"rendered":"<p><span style=\"font-size: 15px; line-height: 5px; color: grey;\"><strong><i class=\"fas fa-minus\"><\/i>\u00a0 Consommation typique <\/strong>0,7 \u2013 1,2 kg\/m\u00b2<br \/>\n<strong><i class=\"fas fa-minus\"><\/i>\u00a0 Classification<\/strong> CG2WA<br \/>\n<strong><i class=\"fas fa-minus\"><\/i>\u00a0 Additifs<\/strong> M\u00e9lang\u00e9 avec l'additif Fugolastic<\/span><\/p>","protected":false},"featured_media":25864,"template":"","meta":{"_acf_changed":false},"product_brand":[431],"product_cat":[230],"product_tag":[433],"class_list":{"0":"post-25859","1":"product","2":"type-product","3":"status-publish","4":"has-post-thumbnail","6":"product_brand-mapei","7":"product_cat-construcao","8":"product_tag-argamassa-cimenticia","9":"pa_cor-white","10":"pa_marca-mapei","11":"pa_tamanho-5-kg","13":"first","14":"instock","15":"shipping-taxable","16":"purchasable","17":"product-type-variable","18":"has-default-attributes"},"acf":[],"_links":{"self":[{"href":"https:\/\/andradepimenta.com\/fr\/wp-json\/wp\/v2\/product\/25859","targetHints":{"allow":["GET"]}}],"collection":[{"href":"https:\/\/andradepimenta.com\/fr\/wp-json\/wp\/v2\/product"}],"about":[{"href":"https:\/\/andradepimenta.com\/fr\/wp-json\/wp\/v2\/types\/product"}],"wp:featuredmedia":[{"embeddable":true,"href":"https:\/\/andradepimenta.com\/fr\/wp-json\/wp\/v2\/media\/25864"}],"wp:attachment":[{"href":"https:\/\/andradepimenta.com\/fr\/wp-json\/wp\/v2\/media?parent=25859"}],"wp:term":[{"taxonomy":"product_brand","embeddable":true,"href":"https:\/\/andradepimenta.com\/fr\/wp-json\/wp\/v2\/product_brand?post=25859"},{"taxonomy":"product_cat","embeddable":true,"href":"https:\/\/andradepimenta.com\/fr\/wp-json\/wp\/v2\/product_cat?post=25859"},{"taxonomy":"product_tag","embeddable":true,"href":"https:\/\/andradepimenta.com\/fr\/wp-json\/wp\/v2\/product_tag?post=25859"}],"curies":[{"name":"wp","href":"https:\/\/api.w.org\/{rel}","templated":true}]}}