{"id":25888,"date":"2025-07-10T07:41:01","date_gmt":"2025-07-10T07:41:01","guid":{"rendered":"https:\/\/andradepimenta.com\/?post_type=product&#038;p=25888"},"modified":"2026-03-03T10:21:57","modified_gmt":"2026-03-03T10:21:57","slug":"mapei-ultracolor-plus","status":"publish","type":"product","link":"https:\/\/andradepimenta.com\/fr\/product\/mapei-ultracolor-plus\/","title":{"rendered":"ULTRACOLOR Plus"},"content":{"rendered":"<p><iframe title=\"MAPEI Ultracolor Plus\" src=\"https:\/\/www.youtube.com\/embed\/WV2IQQ_ZL4o\" width=\"1010\" height=\"598\" frameborder=\"0\" allowfullscreen=\"allowfullscreen\"><\/iframe><\/p>\n<h3>S\u00e9chage rapide<\/h3>\n<p class=\"legenda\" style=\"font-size: 12px; text-transform: uppercase; letter-spacing: 2px;\">Mortier \u00e0 base de ciment \u00e0 hautes performances<\/p>\n<p>&nbsp;<\/p>\n<p class=\"teste\" style=\"max-width: 60%; padding-bottom: 40px;\">Id\u00e9al pour le jointoiement jusqu'\u00e0 20 mm. Avec les technologies DropEffect et BioBlock, le <strong>Ultracolor Plus<\/strong> Mapei allie une r\u00e9sistance \u00e9lev\u00e9e \u00e0 l'eau et \u00e0 la moisissure \u00e0 une application simple et efficace, m\u00eame dans des contextes exigeants.<\/p>\n<p>Venez nous rendre visite et d\u00e9couvrez comment ce bitume haute performance peut apporter une touche distinctive et durable \u00e0 vos rev\u00eatements.<br \/>\n&nbsp;<br \/>\n&nbsp;<\/p>","protected":false},"excerpt":{"rendered":"<p><span style=\"font-size: 15px; line-height: 5px; color: grey;\"><strong><i class=\"fas fa-minus\"><\/i>\u00a0 Consommation typique <\/strong>2 \u2013 0,3 \u00e0 1,0 kg\/m\u00b2<br \/>\n<strong><i class=\"fas fa-minus\"><\/i>\u00a0 Classification<\/strong> CG2WA (glissement 0 mm ; d\u00e9formation S1)<br \/>\n<strong><i class=\"fas fa-minus\"><\/i>\u00a0 Additifs<\/strong> Pr\u00eat \u00e0 l'emploi \u2013 ne n\u00e9cessite aucun additif suppl\u00e9mentaire<\/span><\/p>","protected":false},"featured_media":25866,"template":"","meta":{"_acf_changed":false},"product_brand":[431],"product_cat":[230],"product_tag":[433],"class_list":{"0":"post-25888","1":"product","2":"type-product","3":"status-publish","4":"has-post-thumbnail","6":"product_brand-mapei","7":"product_cat-construcao","8":"product_tag-argamassa-cimenticia","9":"pa_cor-white","10":"pa_cor-grey","11":"pa_marca-mapei","12":"pa_tamanho-5-kg","14":"first","15":"instock","16":"shipping-taxable","17":"purchasable","18":"product-type-variable","19":"has-default-attributes"},"acf":[],"_links":{"self":[{"href":"https:\/\/andradepimenta.com\/fr\/wp-json\/wp\/v2\/product\/25888","targetHints":{"allow":["GET"]}}],"collection":[{"href":"https:\/\/andradepimenta.com\/fr\/wp-json\/wp\/v2\/product"}],"about":[{"href":"https:\/\/andradepimenta.com\/fr\/wp-json\/wp\/v2\/types\/product"}],"wp:featuredmedia":[{"embeddable":true,"href":"https:\/\/andradepimenta.com\/fr\/wp-json\/wp\/v2\/media\/25866"}],"wp:attachment":[{"href":"https:\/\/andradepimenta.com\/fr\/wp-json\/wp\/v2\/media?parent=25888"}],"wp:term":[{"taxonomy":"product_brand","embeddable":true,"href":"https:\/\/andradepimenta.com\/fr\/wp-json\/wp\/v2\/product_brand?post=25888"},{"taxonomy":"product_cat","embeddable":true,"href":"https:\/\/andradepimenta.com\/fr\/wp-json\/wp\/v2\/product_cat?post=25888"},{"taxonomy":"product_tag","embeddable":true,"href":"https:\/\/andradepimenta.com\/fr\/wp-json\/wp\/v2\/product_tag?post=25888"}],"curies":[{"name":"wp","href":"https:\/\/api.w.org\/{rel}","templated":true}]}}