{"id":25896,"date":"2025-07-10T08:02:19","date_gmt":"2025-07-10T08:02:19","guid":{"rendered":"https:\/\/andradepimenta.com\/?post_type=product&#038;p=25896"},"modified":"2026-03-03T10:21:57","modified_gmt":"2026-03-03T10:21:57","slug":"mapei-adesilex-p9","status":"publish","type":"product","link":"https:\/\/andradepimenta.com\/fr\/product\/mapei-adesilex-p9\/","title":{"rendered":"ADESILEX P9"},"content":{"rendered":"<h3>Glissement vertical nul<\/h3>\n<p class=\"legenda\" style=\"font-size: 12px; text-transform: uppercase; letter-spacing: 2px;\">choix pratique et efficace pour les professionnels<\/p>\n<p>&nbsp;<\/p>\n<p data-start=\"396\" data-end=\"657\">Adh\u00e9sif cimentaire de r\u00e9f\u00e9rence de Mapei, le <strong>Adesilex P9<\/strong> est une solution polyvalente et fiable. Adapt\u00e9 au collage de tous types de c\u00e9ramiques, mosa\u00efques et pierres naturelles stables, il peut \u00eatre utilis\u00e9 sur les sols et les murs, \u00e0 l'int\u00e9rieur comme \u00e0 l'ext\u00e9rieur, y compris sur des rev\u00eatements existants.<\/p>\n<p data-start=\"659\" data-end=\"765\">Venez visiter notre magasin ou notre entrep\u00f4t et d\u00e9couvrez cette solution Mapei : une qualit\u00e9 \u00e9prouv\u00e9e au service de votre chantier.<\/p>\n<p>&nbsp;<br \/>\n&nbsp;<\/p>","protected":false},"excerpt":{"rendered":"<p><span style=\"font-size: 15px; line-height: 5px; color: grey;\"><strong><i class=\"fas fa-minus\"><\/i>\u00a0 Consommation typique <\/strong>2,0 \u00e0 5,0 kg\/m\u00b2<br \/>\n<strong><i class=\"fas fa-minus\"><\/i>\u00a0 Classification<\/strong> C1TE (adh\u00e9sif cimentaire am\u00e9lior\u00e9, \u00e0 glissement r\u00e9duit et temps ouvert prolong\u00e9)<br \/>\n<strong><i class=\"fas fa-minus\"><\/i>\u00a0 Additifs<\/strong> Pr\u00eat \u00e0 l'emploi avec de l'eau<\/span><\/p>","protected":false},"featured_media":25868,"template":"","meta":{"_acf_changed":false},"product_brand":[431],"product_cat":[230],"product_tag":[358],"class_list":{"0":"post-25896","1":"product","2":"type-product","3":"status-publish","4":"has-post-thumbnail","6":"product_brand-mapei","7":"product_cat-construcao","8":"product_tag-cimento-cola","9":"pa_cor-white","10":"pa_marca-mapei","11":"pa_tamanho-25kg","13":"first","14":"instock","15":"shipping-taxable","16":"purchasable","17":"product-type-variable","18":"has-default-attributes"},"acf":[],"_links":{"self":[{"href":"https:\/\/andradepimenta.com\/fr\/wp-json\/wp\/v2\/product\/25896","targetHints":{"allow":["GET"]}}],"collection":[{"href":"https:\/\/andradepimenta.com\/fr\/wp-json\/wp\/v2\/product"}],"about":[{"href":"https:\/\/andradepimenta.com\/fr\/wp-json\/wp\/v2\/types\/product"}],"wp:featuredmedia":[{"embeddable":true,"href":"https:\/\/andradepimenta.com\/fr\/wp-json\/wp\/v2\/media\/25868"}],"wp:attachment":[{"href":"https:\/\/andradepimenta.com\/fr\/wp-json\/wp\/v2\/media?parent=25896"}],"wp:term":[{"taxonomy":"product_brand","embeddable":true,"href":"https:\/\/andradepimenta.com\/fr\/wp-json\/wp\/v2\/product_brand?post=25896"},{"taxonomy":"product_cat","embeddable":true,"href":"https:\/\/andradepimenta.com\/fr\/wp-json\/wp\/v2\/product_cat?post=25896"},{"taxonomy":"product_tag","embeddable":true,"href":"https:\/\/andradepimenta.com\/fr\/wp-json\/wp\/v2\/product_tag?post=25896"}],"curies":[{"name":"wp","href":"https:\/\/api.w.org\/{rel}","templated":true}]}}