{"id":25899,"date":"2025-07-14T15:42:09","date_gmt":"2025-07-14T15:42:09","guid":{"rendered":"https:\/\/andradepimenta.com\/?post_type=product&#038;p=25899"},"modified":"2026-03-03T10:21:57","modified_gmt":"2026-03-03T10:21:57","slug":"mapei-ultraplan-trade","status":"publish","type":"product","link":"https:\/\/andradepimenta.com\/fr\/product\/mapei-ultraplan-trade\/","title":{"rendered":"ULTRAPLAN TRADE"},"content":{"rendered":"<p><iframe title=\"Enduit de lissage autonivelant haute performance | cr\u00e9er le support parfait\" src=\"https:\/\/www.youtube.com\/embed\/WHXZJDV0-pE\" width=\"1010\" height=\"598\" frameborder=\"0\" allowfullscreen=\"allowfullscreen\"><\/iframe><\/p>\n<h3>Autonivelante ultra rapide<\/h3>\n<p class=\"legenda\" style=\"font-size: 12px; text-transform: uppercase; letter-spacing: 2px;\"><strong>finition<\/strong> de surface <strong>de haute qualit\u00e9<\/strong><\/p>\n<p>&nbsp;<\/p>\n<p class=\"teste\" style=\"max-width: 60%; padding-bottom: 40px;\">Le <strong>Ultraplan Trade<\/strong> est un mortier autonivelant \u00e0 prise ultra-rapide, sp\u00e9cialement d\u00e9velopp\u00e9 pour la <strong>r\u00e9gularisation des sols.<\/strong> int\u00e9rieurs pr\u00e9sentant des diff\u00e9rences d'\u00e9paisseur comprises entre 3 et 40 mm. Gr\u00e2ce \u00e0 son excellente fluidit\u00e9 et \u00e0 son adh\u00e9rence au support, il constitue le choix id\u00e9al pour les applications sur des supports neufs ou existants, y compris les syst\u00e8mes de plancher chauffant.<\/p>\n<p>&nbsp;<br \/>\n&nbsp;<\/p>","protected":false},"excerpt":{"rendered":"<p><span style=\"font-size: 15px; line-height: 5px; color: grey;\"><strong><i class=\"fas fa-minus\"><\/i>\u00a0 Consommation typique <\/strong>1,6 kg\/m\u00b2<br \/>\n<strong><i class=\"fas fa-minus\"><\/i>\u00a0 Classification<\/strong> EN 13813: CT-C30-F7-A22<br \/>\n<strong><i class=\"fas fa-minus\"><\/i>\u00a0 Additifs<\/strong> AdditifsPr\u00eat \u00e0 l'emploi avec de l'eau \u2013 ne n\u00e9cessite aucun additif suppl\u00e9mentaire<\/span><\/p>","protected":false},"featured_media":25867,"template":"","meta":{"_acf_changed":false},"product_brand":[431],"product_cat":[230],"product_tag":[434],"class_list":{"0":"post-25899","1":"product","2":"type-product","3":"status-publish","4":"has-post-thumbnail","6":"product_brand-mapei","7":"product_cat-construcao","8":"product_tag-argamassa-autonivelante","9":"pa_cor-grey","10":"pa_marca-mapei","11":"pa_tamanho-25kg","13":"first","14":"instock","15":"shipping-taxable","16":"purchasable","17":"product-type-variable","18":"has-default-attributes"},"acf":[],"_links":{"self":[{"href":"https:\/\/andradepimenta.com\/fr\/wp-json\/wp\/v2\/product\/25899","targetHints":{"allow":["GET"]}}],"collection":[{"href":"https:\/\/andradepimenta.com\/fr\/wp-json\/wp\/v2\/product"}],"about":[{"href":"https:\/\/andradepimenta.com\/fr\/wp-json\/wp\/v2\/types\/product"}],"wp:featuredmedia":[{"embeddable":true,"href":"https:\/\/andradepimenta.com\/fr\/wp-json\/wp\/v2\/media\/25867"}],"wp:attachment":[{"href":"https:\/\/andradepimenta.com\/fr\/wp-json\/wp\/v2\/media?parent=25899"}],"wp:term":[{"taxonomy":"product_brand","embeddable":true,"href":"https:\/\/andradepimenta.com\/fr\/wp-json\/wp\/v2\/product_brand?post=25899"},{"taxonomy":"product_cat","embeddable":true,"href":"https:\/\/andradepimenta.com\/fr\/wp-json\/wp\/v2\/product_cat?post=25899"},{"taxonomy":"product_tag","embeddable":true,"href":"https:\/\/andradepimenta.com\/fr\/wp-json\/wp\/v2\/product_tag?post=25899"}],"curies":[{"name":"wp","href":"https:\/\/api.w.org\/{rel}","templated":true}]}}