{"id":25904,"date":"2025-07-15T10:58:07","date_gmt":"2025-07-15T10:58:07","guid":{"rendered":"https:\/\/andradepimenta.com\/?post_type=product&#038;p=25904"},"modified":"2026-03-03T10:21:04","modified_gmt":"2026-03-03T10:21:04","slug":"mapei-aquaflex-roof-fiber","status":"publish","type":"product","link":"https:\/\/andradepimenta.com\/fr\/product\/mapei-aquaflex-roof-fiber\/","title":{"rendered":"AQUAFLEX Roof Fiber"},"content":{"rendered":"<p><iframe title=\"MAPEI Aquaflex Roof Fiber\" src=\"https:\/\/www.youtube.com\/embed\/Yku1j7OghH8\" width=\"1010\" height=\"598\" frameborder=\"0\" allowfullscreen=\"allowfullscreen\"><\/iframe><\/p>\n<h3>Finition uniforme<\/h3>\n<p class=\"legenda\" style=\"font-size: 12px; text-transform: uppercase; letter-spacing: 2px;\">Membrane liquide <strong>renforc\u00e9e par des fibres<\/strong><\/p>\n<p>&nbsp;<\/p>\n<p class=\"teste\" style=\"max-width: 60%; padding-bottom: 40px;\">Id\u00e9al pour l'imperm\u00e9abilisation continue des surfaces ext\u00e9rieures \u2013 le <strong>Aquaflex Roof Fiber<\/strong> apr\u00e8s s\u00e9chage, le produit forme un rev\u00eatement \u00e9lastique, r\u00e9sistant et imperm\u00e9able, compatible avec les variations thermiques et les vibrations structurelles, pr\u00e9servant ainsi l'int\u00e9grit\u00e9 du support au fil du temps.<\/p>\n<p>&nbsp;<br \/>\n&nbsp;<\/p>","protected":false},"excerpt":{"rendered":"<p><span style=\"font-size: 15px; line-height: 5px; color: grey;\"><strong><i class=\"fas fa-minus\"><\/i> Consommation moyenne <\/strong>1,3 \u00e0 1,5 kg\/m\u00b2<br \/>\n<strong><i class=\"fas fa-minus\"><\/i> Applications <\/strong>Toitures, terrasses, surfaces en ciment, anciennes imperm\u00e9abilisations<br \/>\n<strong><i class=\"fas fa-minus\"><\/i> R\u00e9sistance aux UV <\/strong>\u00c9lev\u00e9e, adapt\u00e9e \u00e0 une exposition directe<\/span><\/p>","protected":false},"featured_media":25871,"template":"","meta":{"_acf_changed":false},"product_brand":[431],"product_cat":[230],"product_tag":[436],"class_list":{"0":"post-25904","1":"product","2":"type-product","3":"status-publish","4":"has-post-thumbnail","6":"product_brand-mapei","7":"product_cat-construcao","8":"product_tag-impermeabilizante","9":"pa_cor-grey","10":"pa_marca-mapei","11":"pa_tamanho-20-kg","13":"first","14":"instock","15":"shipping-taxable","16":"purchasable","17":"product-type-variable","18":"has-default-attributes"},"acf":[],"_links":{"self":[{"href":"https:\/\/andradepimenta.com\/fr\/wp-json\/wp\/v2\/product\/25904","targetHints":{"allow":["GET"]}}],"collection":[{"href":"https:\/\/andradepimenta.com\/fr\/wp-json\/wp\/v2\/product"}],"about":[{"href":"https:\/\/andradepimenta.com\/fr\/wp-json\/wp\/v2\/types\/product"}],"wp:featuredmedia":[{"embeddable":true,"href":"https:\/\/andradepimenta.com\/fr\/wp-json\/wp\/v2\/media\/25871"}],"wp:attachment":[{"href":"https:\/\/andradepimenta.com\/fr\/wp-json\/wp\/v2\/media?parent=25904"}],"wp:term":[{"taxonomy":"product_brand","embeddable":true,"href":"https:\/\/andradepimenta.com\/fr\/wp-json\/wp\/v2\/product_brand?post=25904"},{"taxonomy":"product_cat","embeddable":true,"href":"https:\/\/andradepimenta.com\/fr\/wp-json\/wp\/v2\/product_cat?post=25904"},{"taxonomy":"product_tag","embeddable":true,"href":"https:\/\/andradepimenta.com\/fr\/wp-json\/wp\/v2\/product_tag?post=25904"}],"curies":[{"name":"wp","href":"https:\/\/api.w.org\/{rel}","templated":true}]}}