{"id":25906,"date":"2025-07-15T11:09:47","date_gmt":"2025-07-15T11:09:47","guid":{"rendered":"https:\/\/andradepimenta.com\/?post_type=product&#038;p=25906"},"modified":"2026-03-03T10:21:05","modified_gmt":"2026-03-03T10:21:05","slug":"mapei-ultracare-keranet","status":"publish","type":"product","link":"https:\/\/andradepimenta.com\/fr\/product\/mapei-ultracare-keranet\/","title":{"rendered":"ULTRACARE Keranet"},"content":{"rendered":"<p><iframe title=\"MAPEI Ultracare Keranet\" src=\"https:\/\/www.youtube.com\/embed\/AXsydSWNrYo\" width=\"1010\" height=\"598\" frameborder=\"0\" allowfullscreen=\"allowfullscreen\"><\/iframe><\/p>\n<h3>D\u00e9tergent liquide concentr\u00e9<\/h3>\n<p class=\"legenda\" style=\"font-size: 12px; text-transform: uppercase; letter-spacing: 2px;\">Id\u00e9al pour <strong>un nettoyage en profondeur <\/strong><\/p>\n<p>&nbsp;<\/p>\n<p class=\"teste\" style=\"max-width: 60%; padding-bottom: 40px;\"><strong>Ultracare Keranet<\/strong> est un d\u00e9tergent liquide concentr\u00e9 \u00e0 base acide, indiqu\u00e9 pour \u00e9liminer efficacement les r\u00e9sidus de ciment sur les carreaux en c\u00e9ramique et autres mat\u00e9riaux r\u00e9sistants aux acides.<\/p>\n<p data-start=\"248\" data-end=\"580\">Ce produit est un produit d'excellence pour un nettoyage en profondeur optimal apr\u00e8s la pose et le jointoiement, ainsi que pour l'\u00e9limination efficace des efflorescences salines, calcaires et des taches de rouille. Sa formule am\u00e9lior\u00e9e garantit une s\u00e9curit\u00e9 optimale en \u00e9liminant tout risque de vapeur toxique.<\/p>\n<p>&nbsp;<br \/>\n&nbsp;<\/p>","protected":false},"excerpt":{"rendered":"<p><span style=\"font-size: 15px; line-height: 5px; color: grey;\"><strong><i class=\"fas fa-minus\"><\/i> Dur\u00e9e d'action <\/strong>5 minutes avant le rin\u00e7age<br \/>\n<strong><i class=\"fas fa-minus\"><\/i> Application <\/strong>Manuel ou avec machine monodisque<br \/>\n<strong><i class=\"fas fa-minus\"><\/i> Utilisation <\/strong>Mat\u00e9riaux c\u00e9ramiques et surfaces r\u00e9sistantes aux acides<\/span><\/p>","protected":false},"featured_media":25869,"template":"","meta":{"_acf_changed":false},"product_brand":[431],"product_cat":[230],"product_tag":[439],"class_list":{"0":"post-25906","1":"product","2":"type-product","3":"status-publish","4":"has-post-thumbnail","6":"product_brand-mapei","7":"product_cat-construcao","8":"product_tag-detergente","9":"pa_cor-grey","10":"pa_marca-mapei","11":"pa_tamanho-1-litro","13":"first","14":"instock","15":"shipping-taxable","16":"purchasable","17":"product-type-variable","18":"has-default-attributes"},"acf":[],"_links":{"self":[{"href":"https:\/\/andradepimenta.com\/fr\/wp-json\/wp\/v2\/product\/25906","targetHints":{"allow":["GET"]}}],"collection":[{"href":"https:\/\/andradepimenta.com\/fr\/wp-json\/wp\/v2\/product"}],"about":[{"href":"https:\/\/andradepimenta.com\/fr\/wp-json\/wp\/v2\/types\/product"}],"wp:featuredmedia":[{"embeddable":true,"href":"https:\/\/andradepimenta.com\/fr\/wp-json\/wp\/v2\/media\/25869"}],"wp:attachment":[{"href":"https:\/\/andradepimenta.com\/fr\/wp-json\/wp\/v2\/media?parent=25906"}],"wp:term":[{"taxonomy":"product_brand","embeddable":true,"href":"https:\/\/andradepimenta.com\/fr\/wp-json\/wp\/v2\/product_brand?post=25906"},{"taxonomy":"product_cat","embeddable":true,"href":"https:\/\/andradepimenta.com\/fr\/wp-json\/wp\/v2\/product_cat?post=25906"},{"taxonomy":"product_tag","embeddable":true,"href":"https:\/\/andradepimenta.com\/fr\/wp-json\/wp\/v2\/product_tag?post=25906"}],"curies":[{"name":"wp","href":"https:\/\/api.w.org\/{rel}","templated":true}]}}