{"id":25908,"date":"2025-07-15T14:08:07","date_gmt":"2025-07-15T14:08:07","guid":{"rendered":"https:\/\/andradepimenta.com\/?post_type=product&#038;p=25908"},"modified":"2026-03-03T10:21:05","modified_gmt":"2026-03-03T10:21:05","slug":"mapei-mapeband-easy","status":"publish","type":"product","link":"https:\/\/andradepimenta.com\/fr\/product\/mapei-mapeband-easy\/","title":{"rendered":"MAPEBAND Easy"},"content":{"rendered":"<h3>Installation rapide, s\u00fbre et adaptable<\/h3>\n<p class=\"legenda\" style=\"font-size: 12px; text-transform: uppercase; letter-spacing: 2px;\">Compatible avec plusieurs <strong>imperm\u00e9abilisants<\/strong> Mapei<\/p>\n<p>&nbsp;<\/p>\n<p data-start=\"240\" data-end=\"477\"><strong>Mapeband Easy<\/strong> est un ruban flexible, recouvert de caoutchouc, sp\u00e9cialement con\u00e7u pour renforcer l'\u00e9tanch\u00e9it\u00e9 des angles, des joints de dilatation, des coins entre les murs et les sols, ou des zones critiques dans les syst\u00e8mes d'\u00e9tanch\u00e9it\u00e9.<\/p>\n<p data-start=\"659\" data-end=\"765\">Visitez notre magasin ou notre entrep\u00f4t et d\u00e9couvrez cette solution. <strong>Mapei<\/strong> \u2013 une qualit\u00e9 \u00e9prouv\u00e9e au service de votre ouvrage.<\/p>\n<p>&nbsp;<br \/>\n&nbsp;<\/p>","protected":false},"excerpt":{"rendered":"<p><span style=\"font-size: 15px; line-height: 5px; color: grey;\"><strong><i class=\"fas fa-minus\"><\/i>\u00a0\u00a0Utilisation <\/strong>Int\u00e9rieures et ext\u00e9rieures<br \/>\n<strong><i class=\"fas fa-minus\"><\/i>\u00a0\u00a0Application<\/strong> Coins, plinthes, joints entre murs et sols, zones p\u00e9riph\u00e9riques des douches et balcons<br \/>\n<strong><i class=\"fas fa-minus\"><\/i>\u00a0 Compatibilit\u00e9 <\/strong>Tous les syst\u00e8mes d'\u00e9tanch\u00e9it\u00e9 Mapei<\/span><\/p>","protected":false},"featured_media":25872,"template":"","meta":{"_acf_changed":false},"product_brand":[431],"product_cat":[230],"product_tag":[436],"class_list":{"0":"post-25908","1":"product","2":"type-product","3":"status-publish","4":"has-post-thumbnail","6":"product_brand-mapei","7":"product_cat-construcao","8":"product_tag-impermeabilizante","9":"pa_cor-azul","10":"pa_marca-mapei","12":"first","13":"instock","14":"shipping-taxable","15":"purchasable","16":"product-type-variable","17":"has-default-attributes"},"acf":[],"_links":{"self":[{"href":"https:\/\/andradepimenta.com\/fr\/wp-json\/wp\/v2\/product\/25908","targetHints":{"allow":["GET"]}}],"collection":[{"href":"https:\/\/andradepimenta.com\/fr\/wp-json\/wp\/v2\/product"}],"about":[{"href":"https:\/\/andradepimenta.com\/fr\/wp-json\/wp\/v2\/types\/product"}],"wp:featuredmedia":[{"embeddable":true,"href":"https:\/\/andradepimenta.com\/fr\/wp-json\/wp\/v2\/media\/25872"}],"wp:attachment":[{"href":"https:\/\/andradepimenta.com\/fr\/wp-json\/wp\/v2\/media?parent=25908"}],"wp:term":[{"taxonomy":"product_brand","embeddable":true,"href":"https:\/\/andradepimenta.com\/fr\/wp-json\/wp\/v2\/product_brand?post=25908"},{"taxonomy":"product_cat","embeddable":true,"href":"https:\/\/andradepimenta.com\/fr\/wp-json\/wp\/v2\/product_cat?post=25908"},{"taxonomy":"product_tag","embeddable":true,"href":"https:\/\/andradepimenta.com\/fr\/wp-json\/wp\/v2\/product_tag?post=25908"}],"curies":[{"name":"wp","href":"https:\/\/api.w.org\/{rel}","templated":true}]}}