{"id":25910,"date":"2025-07-15T14:18:03","date_gmt":"2025-07-15T14:18:03","guid":{"rendered":"https:\/\/andradepimenta.com\/?post_type=product&#038;p=25910"},"modified":"2026-03-03T10:20:22","modified_gmt":"2026-03-03T10:20:22","slug":"mapei-mapelastic","status":"publish","type":"product","link":"https:\/\/andradepimenta.com\/fr\/product\/mapei-mapelastic\/","title":{"rendered":"MAPLASTIC"},"content":{"rendered":"<p><iframe title=\"MAPEI Mapelastic\" src=\"https:\/\/www.youtube.com\/embed\/JZE6GW0_M9U\" width=\"1010\" height=\"598\" frameborder=\"0\" allowfullscreen=\"allowfullscreen\"><\/iframe><\/p>\n<h3>Excellente adh\u00e9rence<\/h3>\n<p class=\"legenda\" style=\"font-size: 12px; text-transform: uppercase; letter-spacing: 2px;\"><strong>barri\u00e8re continue<\/strong>, flexible et r\u00e9sistant aux rayons UV<\/p>\n<p>&nbsp;<\/p>\n<p class=\"teste\" style=\"max-width: 60%; padding-bottom: 40px;\"><strong>Mapelastic<\/strong> c'est s'agit d'un mortier cimentaire bicomposant \u00e0 haute \u00e9lasticit\u00e9, d\u00e9velopp\u00e9 pour l'imperm\u00e9abilisation s\u00fbre des balcons, terrasses, salles de bains, piscines et autres surfaces expos\u00e9es \u00e0 l'eau ou \u00e0 l'humidit\u00e9.<\/p>\n<p data-start=\"1349\" data-end=\"1524\">Ce produit est disponible aupr\u00e8s de notre partenaire Andrade Pimenta. Nous vous invitons \u00e0 venir d\u00e9couvrir notre syst\u00e8me d'imperm\u00e9abilisation professionnel et \u00e9prouv\u00e9. Ce produit innovant vous permettra de prot\u00e9ger efficacement et durablement vos surfaces.<\/p>\n<p>&nbsp;<br \/>\n&nbsp;<\/p>","protected":false},"excerpt":{"rendered":"<p><span style=\"font-size: 15px; line-height: 5px; color: grey;\"><strong><i class=\"fas fa-minus\"><\/i>\u00a0 Consommation typique <\/strong>1,7 kg\/m\u00b2<br \/>\n<strong><i class=\"fas fa-minus\"><\/i>\u00a0 Classification<\/strong> EN 1504-2 Protection de surface du b\u00e9ton<br \/>\n<strong><i class=\"fas fa-minus\"><\/i>\u00a0\u00a0Application <\/strong>Trowelle, rouleau ou machine \u00e0 projection<\/span><\/p>","protected":false},"featured_media":25873,"template":"","meta":{"_acf_changed":false},"product_brand":[431],"product_cat":[230],"product_tag":[436],"class_list":{"0":"post-25910","1":"product","2":"type-product","3":"status-publish","4":"has-post-thumbnail","6":"product_brand-mapei","7":"product_cat-construcao","8":"product_tag-impermeabilizante","9":"pa_cor-grey","10":"pa_marca-mapei","11":"pa_tamanho-20-kg-8-kg","13":"first","14":"instock","15":"shipping-taxable","16":"purchasable","17":"product-type-variable","18":"has-default-attributes"},"acf":[],"_links":{"self":[{"href":"https:\/\/andradepimenta.com\/fr\/wp-json\/wp\/v2\/product\/25910","targetHints":{"allow":["GET"]}}],"collection":[{"href":"https:\/\/andradepimenta.com\/fr\/wp-json\/wp\/v2\/product"}],"about":[{"href":"https:\/\/andradepimenta.com\/fr\/wp-json\/wp\/v2\/types\/product"}],"wp:featuredmedia":[{"embeddable":true,"href":"https:\/\/andradepimenta.com\/fr\/wp-json\/wp\/v2\/media\/25873"}],"wp:attachment":[{"href":"https:\/\/andradepimenta.com\/fr\/wp-json\/wp\/v2\/media?parent=25910"}],"wp:term":[{"taxonomy":"product_brand","embeddable":true,"href":"https:\/\/andradepimenta.com\/fr\/wp-json\/wp\/v2\/product_brand?post=25910"},{"taxonomy":"product_cat","embeddable":true,"href":"https:\/\/andradepimenta.com\/fr\/wp-json\/wp\/v2\/product_cat?post=25910"},{"taxonomy":"product_tag","embeddable":true,"href":"https:\/\/andradepimenta.com\/fr\/wp-json\/wp\/v2\/product_tag?post=25910"}],"curies":[{"name":"wp","href":"https:\/\/api.w.org\/{rel}","templated":true}]}}