{"id":25913,"date":"2025-07-15T14:44:10","date_gmt":"2025-07-15T14:44:10","guid":{"rendered":"https:\/\/andradepimenta.com\/?post_type=product&#038;p=25913"},"modified":"2026-03-03T10:20:22","modified_gmt":"2026-03-03T10:20:22","slug":"mapei-mapenet","status":"publish","type":"product","link":"https:\/\/andradepimenta.com\/fr\/product\/mapei-mapenet\/","title":{"rendered":"MAPNET"},"content":{"rendered":"<h3>Anti-fissures<\/h3>\n<p class=\"legenda\" style=\"font-size: 12px; text-transform: uppercase; letter-spacing: 2px;\">Compatible avec plusieurs <strong>imperm\u00e9abilisants<\/strong> Mapei<\/p>\n<p>&nbsp;<\/p>\n<p data-start=\"211\" data-end=\"546\"><strong>Mapenet<\/strong> c'est un treillis en fibre de verre r\u00e9sistant aux alcalis. Il est con\u00e7u pour renforcer les syst\u00e8mes d'\u00e9tanch\u00e9it\u00e9, les membranes anti-fissures et les solutions d'isolation thermique par l'ext\u00e9rieur (ETICS). Ce produit est compatible avec les produits suivants : <strong>Mapei<\/strong>, am\u00e9liore consid\u00e9rablement la r\u00e9sistance m\u00e9canique et la stabilit\u00e9 dimensionnelle des rev\u00eatements appliqu\u00e9s.<\/p>\n<p data-start=\"548\" data-end=\"798\">Utilis\u00e9 comme armature de renfort impr\u00e9gn\u00e9e dans le mortier imperm\u00e9abilisant (comme le <a href=\"https:\/\/andradepimenta.com\/fr\/product\/mapei-mapelastic\/\">Mapelastic<\/a>), garantit une protection suppl\u00e9mentaire contre les fissures et les mouvements structurels, et est \u00e9galement essentiel dans les zones soumises \u00e0 des vibrations ou \u00e0 des d\u00e9formations thermiques.<\/p>\n<p>&nbsp;<br \/>\n&nbsp;<\/p>","protected":false},"excerpt":{"rendered":"<p><span style=\"font-size: 15px; line-height: 5px; color: grey;\"><strong><i class=\"fas fa-minus\"><\/i>\u00a0\u00a0Mat\u00e9riel <\/strong>Fibre de verre avec traitement anti-alcalin<br \/>\n<strong><i class=\"fas fa-minus\"><\/i>\u00a0 Taille du rouleau <\/strong>1 m x 50 m (50 m\u00b2)<br \/>\n<strong><i class=\"fas fa-minus\"><\/i>\u00a0\u00a0Utilisation <\/strong>Balcons, terrasses, syst\u00e8mes d'isolation thermique, surfaces pr\u00e9sentant un risque de fissuration<\/span><\/p>","protected":false},"featured_media":25874,"template":"","meta":{"_acf_changed":false},"product_brand":[431],"product_cat":[230],"product_tag":[436],"class_list":{"0":"post-25913","1":"product","2":"type-product","3":"status-publish","4":"has-post-thumbnail","6":"product_brand-mapei","7":"product_cat-construcao","8":"product_tag-impermeabilizante","9":"pa_cor-azul","10":"pa_marca-mapei","12":"first","13":"instock","14":"shipping-taxable","15":"purchasable","16":"product-type-variable","17":"has-default-attributes"},"acf":[],"_links":{"self":[{"href":"https:\/\/andradepimenta.com\/fr\/wp-json\/wp\/v2\/product\/25913","targetHints":{"allow":["GET"]}}],"collection":[{"href":"https:\/\/andradepimenta.com\/fr\/wp-json\/wp\/v2\/product"}],"about":[{"href":"https:\/\/andradepimenta.com\/fr\/wp-json\/wp\/v2\/types\/product"}],"wp:featuredmedia":[{"embeddable":true,"href":"https:\/\/andradepimenta.com\/fr\/wp-json\/wp\/v2\/media\/25874"}],"wp:attachment":[{"href":"https:\/\/andradepimenta.com\/fr\/wp-json\/wp\/v2\/media?parent=25913"}],"wp:term":[{"taxonomy":"product_brand","embeddable":true,"href":"https:\/\/andradepimenta.com\/fr\/wp-json\/wp\/v2\/product_brand?post=25913"},{"taxonomy":"product_cat","embeddable":true,"href":"https:\/\/andradepimenta.com\/fr\/wp-json\/wp\/v2\/product_cat?post=25913"},{"taxonomy":"product_tag","embeddable":true,"href":"https:\/\/andradepimenta.com\/fr\/wp-json\/wp\/v2\/product_tag?post=25913"}],"curies":[{"name":"wp","href":"https:\/\/api.w.org\/{rel}","templated":true}]}}