{"id":25915,"date":"2025-07-15T14:53:49","date_gmt":"2025-07-15T14:53:49","guid":{"rendered":"https:\/\/andradepimenta.com\/?post_type=product&#038;p=25915"},"modified":"2026-03-03T10:20:22","modified_gmt":"2026-03-03T10:20:22","slug":"mapei-eco-prim-grip-plus","status":"publish","type":"product","link":"https:\/\/andradepimenta.com\/fr\/product\/mapei-eco-prim-grip-plus\/","title":{"rendered":"ECO PRIM GRIP Plus"},"content":{"rendered":"<p><iframe title=\"Mapei | Eco Prim Grip Plus\" src=\"https:\/\/www.youtube.com\/embed\/HKjqqjzFL9w\" width=\"1010\" height=\"598\" frameborder=\"0\" allowfullscreen=\"allowfullscreen\"><\/iframe><\/p>\n<h3>Primaire Eco<\/h3>\n<p class=\"legenda\" style=\"font-size: 12px; text-transform: uppercase; letter-spacing: 2px;\">pour applications int\u00e9rieures et ext\u00e9rieures<\/p>\n<p>&nbsp;<\/p>\n<p data-start=\"208\" data-end=\"525\"><strong>Eco Prim Grip Plus<\/strong> c'est un appr\u00eat polyvalent pr\u00eat \u00e0 l'emploi, con\u00e7u pour des applications int\u00e9rieures et ext\u00e9rieures, sur les sols et les murs. Sa formule innovante, sans solvants, pratiquement inodore et \u00e0 tr\u00e8s faibles \u00e9missions de compos\u00e9s organiques volatils (COV), garantit une s\u00e9curit\u00e9 optimale pour l'applicateur et l'utilisateur final.<\/p>\n<p data-start=\"527\" data-end=\"848\">Ce produit est particuli\u00e8rement efficace sur les supports lisses ou peu absorbants. Il am\u00e9liore l'adh\u00e9rence des enduits, des ragr\u00e9ages autonivelants et des adh\u00e9sifs cimentaires. En effet, il cr\u00e9e une surface rugueuse et \u00e0 forte adh\u00e9rence.<\/p>\n<p>&nbsp;<br \/>\n&nbsp;<\/p>","protected":false},"excerpt":{"rendered":"<p><span style=\"font-size: 15px; line-height: 5px; color: grey;\"><strong><i class=\"fas fa-minus\"><\/i>\u00a0 Utilisation <\/strong>Int\u00e9rieur et ext\u00e9rieur<br \/>\n<strong><i class=\"fas fa-minus\"><\/i>\u00a0 Classification<\/strong> EMICODE EC1 Plus \u2013 tr\u00e8s faible \u00e9mission de COV<br \/>\n<strong><i class=\"fas fa-minus\"><\/i>\u00a0 S\u00e9chage au toucher <\/strong>Environ 15 \u00e0 60 minutes<\/span><\/p>","protected":false},"featured_media":25876,"template":"","meta":{"_acf_changed":false},"product_brand":[431],"product_cat":[230],"product_tag":[442],"class_list":{"0":"post-25915","1":"product","2":"type-product","3":"status-publish","4":"has-post-thumbnail","6":"product_brand-mapei","7":"product_cat-construcao","8":"product_tag-primario","9":"pa_cor-grey","10":"pa_marca-mapei","11":"pa_tamanho-10-kg","12":"pa_tamanho-5-kg","14":"first","15":"instock","16":"shipping-taxable","17":"purchasable","18":"product-type-variable","19":"has-default-attributes"},"acf":[],"_links":{"self":[{"href":"https:\/\/andradepimenta.com\/fr\/wp-json\/wp\/v2\/product\/25915","targetHints":{"allow":["GET"]}}],"collection":[{"href":"https:\/\/andradepimenta.com\/fr\/wp-json\/wp\/v2\/product"}],"about":[{"href":"https:\/\/andradepimenta.com\/fr\/wp-json\/wp\/v2\/types\/product"}],"wp:featuredmedia":[{"embeddable":true,"href":"https:\/\/andradepimenta.com\/fr\/wp-json\/wp\/v2\/media\/25876"}],"wp:attachment":[{"href":"https:\/\/andradepimenta.com\/fr\/wp-json\/wp\/v2\/media?parent=25915"}],"wp:term":[{"taxonomy":"product_brand","embeddable":true,"href":"https:\/\/andradepimenta.com\/fr\/wp-json\/wp\/v2\/product_brand?post=25915"},{"taxonomy":"product_cat","embeddable":true,"href":"https:\/\/andradepimenta.com\/fr\/wp-json\/wp\/v2\/product_cat?post=25915"},{"taxonomy":"product_tag","embeddable":true,"href":"https:\/\/andradepimenta.com\/fr\/wp-json\/wp\/v2\/product_tag?post=25915"}],"curies":[{"name":"wp","href":"https:\/\/api.w.org\/{rel}","templated":true}]}}