{"id":25918,"date":"2025-07-15T15:54:19","date_gmt":"2025-07-15T15:54:19","guid":{"rendered":"https:\/\/andradepimenta.com\/?post_type=product&#038;p=25918"},"modified":"2026-03-03T10:19:43","modified_gmt":"2026-03-03T10:19:43","slug":"mapei-mapecil-ac","status":"publish","type":"product","link":"https:\/\/andradepimenta.com\/fr\/product\/mapei-mapecil-ac\/","title":{"rendered":"MAPECIL AC"},"content":{"rendered":"<p><iframe title=\"MAPEI | Ultrabond MS Rapid + Mapesil AC\" src=\"https:\/\/www.youtube.com\/embed\/rO-qzEi8KSA\" width=\"1010\" height=\"598\" frameborder=\"0\" allowfullscreen=\"allowfullscreen\"><span data-mce-type=\"bookmark\" style=\"display: inline-block; width: 0px; overflow: hidden; line-height: 0;\" class=\"mce_SELRES_start\"><\/span><\/iframe><\/p>\n<h3>Adh\u00e9rence exceptionnelle<\/h3>\n<p class=\"legenda\" style=\"font-size: 12px; text-transform: uppercase; letter-spacing: 2px;\">joint \u00e9lastique et parfaitement int\u00e9gr\u00e9 au rev\u00eatement<\/p>\n<p>&nbsp;<\/p>\n<p class=\"teste\" style=\"max-width: 60%; padding-bottom: 40px;\"><strong>Mapesil AC<\/strong> est un mastic silicone ac\u00e9tique pur, id\u00e9al pour les joints de dilatation et d'\u00e9tanch\u00e9it\u00e9 sur les surfaces c\u00e9ramiques, tant \u00e0 l'int\u00e9rieur qu'\u00e0 l'ext\u00e9rieur. Avec une formule sans solvants et <strong>technologie BioBlock\u00ae<\/strong>, offre une r\u00e9sistance \u00e0 la moisissure et une grande durabilit\u00e9, m\u00eame dans les environnements humides tels que les salles de bains, les cuisines et les piscines.<\/p>\n<p>&nbsp;<br \/>\n&nbsp;<\/p>","protected":false},"excerpt":{"rendered":"<p><span style=\"font-size: 15px; line-height: 5px; color: grey;\"><strong><i class=\"fas fa-minus\"><\/i>\u00a0\u00a0Format <\/strong>Cartouche de 310 ml<br \/>\n<strong><i class=\"fas fa-minus\"><\/i>\u00a0\u00a0Consommation typique <\/strong>Environ 10 m de joint (5 x 5 mm) par cartouche<br \/>\n<strong><i class=\"fas fa-minus\"><\/i>\u00a0 Classification <\/strong>ISO 11600 \u2013 F&amp;GM 25 LM (mastic silicone pour mouvement) <\/span><\/p>\n<p>&nbsp;<\/p>","protected":false},"featured_media":25878,"template":"","meta":{"_acf_changed":false},"product_brand":[431],"product_cat":[230],"product_tag":[443],"class_list":{"0":"post-25918","1":"product","2":"type-product","3":"status-publish","4":"has-post-thumbnail","6":"product_brand-mapei","7":"product_cat-construcao","8":"product_tag-selantes-e-adesivos","9":"pa_marca-mapei","11":"first","12":"instock","13":"shipping-taxable","14":"purchasable","15":"product-type-variable","16":"has-default-attributes"},"acf":[],"_links":{"self":[{"href":"https:\/\/andradepimenta.com\/fr\/wp-json\/wp\/v2\/product\/25918","targetHints":{"allow":["GET"]}}],"collection":[{"href":"https:\/\/andradepimenta.com\/fr\/wp-json\/wp\/v2\/product"}],"about":[{"href":"https:\/\/andradepimenta.com\/fr\/wp-json\/wp\/v2\/types\/product"}],"wp:featuredmedia":[{"embeddable":true,"href":"https:\/\/andradepimenta.com\/fr\/wp-json\/wp\/v2\/media\/25878"}],"wp:attachment":[{"href":"https:\/\/andradepimenta.com\/fr\/wp-json\/wp\/v2\/media?parent=25918"}],"wp:term":[{"taxonomy":"product_brand","embeddable":true,"href":"https:\/\/andradepimenta.com\/fr\/wp-json\/wp\/v2\/product_brand?post=25918"},{"taxonomy":"product_cat","embeddable":true,"href":"https:\/\/andradepimenta.com\/fr\/wp-json\/wp\/v2\/product_cat?post=25918"},{"taxonomy":"product_tag","embeddable":true,"href":"https:\/\/andradepimenta.com\/fr\/wp-json\/wp\/v2\/product_tag?post=25918"}],"curies":[{"name":"wp","href":"https:\/\/api.w.org\/{rel}","templated":true}]}}