{"id":26023,"date":"2025-08-13T08:12:16","date_gmt":"2025-08-13T08:12:16","guid":{"rendered":"https:\/\/andradepimenta.com\/?post_type=product&#038;p=26023"},"modified":"2026-03-03T10:19:44","modified_gmt":"2026-03-03T10:19:44","slug":"puma-pegoland-flex","status":"publish","type":"product","link":"https:\/\/andradepimenta.com\/fr\/product\/puma-pegoland-flex\/","title":{"rendered":"PEGOLAND Flex"},"content":{"rendered":"<h3>Glissement r\u00e9duit<\/h3>\n<p class=\"legenda\" style=\"font-size: 12px; text-transform: uppercase; letter-spacing: 2px;\">Adh\u00e9sif cimentaire haute performance<\/p>\n<p>&nbsp;<\/p>\n<p class=\"teste\" style=\"max-width: 60%; padding-bottom: 40px;\"><strong>Pegoland Flex<\/strong> c'est un adh\u00e9sif flexible id\u00e9al pour la c\u00e9ramique, le gr\u00e8s c\u00e9rame et la pierre naturelle, \u00e0 l'int\u00e9rieur et \u00e0 l'ext\u00e9rieur, y compris les fa\u00e7ades et les syst\u00e8mes de chauffage par le sol. Excellente adh\u00e9rence, temps ouvert prolong\u00e9 et application s\u00fbre m\u00eame sur de grands formats.<\/p>\n<p>&nbsp;<\/p>","protected":false},"excerpt":{"rendered":"<p><span style=\"font-size: 15px; line-height: 5px; color: grey;\"><strong><i class=\"fas fa-minus\"><\/i>\u00a0\u00a0Format <\/strong>Sac de 25 kg<br \/>\n<strong><i class=\"fas fa-minus\"><\/i>\u00a0\u00a0Consommation typique <\/strong>Environ 4 \u00e0 6 kg\/m\u00b2<br \/>\n<strong><i class=\"fas fa-minus\"><\/i>\u00a0 Classification <\/strong>C2 TE S1 (EN 12004 \/ EN 12002)<\/span><\/p>\n<p>&nbsp;<\/p>","protected":false},"featured_media":26025,"template":"","meta":{"_acf_changed":false},"product_brand":[444],"product_cat":[230],"product_tag":[445],"class_list":{"0":"post-26023","1":"product","2":"type-product","3":"status-publish","4":"has-post-thumbnail","6":"product_brand-puma","7":"product_cat-construcao","8":"product_tag-adesivo-cimenticio","9":"pa_marca-puma","10":"pa_tamanho-25kg","12":"first","13":"instock","14":"shipping-taxable","15":"purchasable","16":"product-type-variable","17":"has-default-attributes"},"acf":[],"_links":{"self":[{"href":"https:\/\/andradepimenta.com\/fr\/wp-json\/wp\/v2\/product\/26023","targetHints":{"allow":["GET"]}}],"collection":[{"href":"https:\/\/andradepimenta.com\/fr\/wp-json\/wp\/v2\/product"}],"about":[{"href":"https:\/\/andradepimenta.com\/fr\/wp-json\/wp\/v2\/types\/product"}],"wp:featuredmedia":[{"embeddable":true,"href":"https:\/\/andradepimenta.com\/fr\/wp-json\/wp\/v2\/media\/26025"}],"wp:attachment":[{"href":"https:\/\/andradepimenta.com\/fr\/wp-json\/wp\/v2\/media?parent=26023"}],"wp:term":[{"taxonomy":"product_brand","embeddable":true,"href":"https:\/\/andradepimenta.com\/fr\/wp-json\/wp\/v2\/product_brand?post=26023"},{"taxonomy":"product_cat","embeddable":true,"href":"https:\/\/andradepimenta.com\/fr\/wp-json\/wp\/v2\/product_cat?post=26023"},{"taxonomy":"product_tag","embeddable":true,"href":"https:\/\/andradepimenta.com\/fr\/wp-json\/wp\/v2\/product_tag?post=26023"}],"curies":[{"name":"wp","href":"https:\/\/api.w.org\/{rel}","templated":true}]}}