{"id":26040,"date":"2025-08-18T13:17:03","date_gmt":"2025-08-18T13:17:03","guid":{"rendered":"https:\/\/andradepimenta.com\/?post_type=product&#038;p=26040"},"modified":"2026-03-03T10:19:44","modified_gmt":"2026-03-03T10:19:44","slug":"puma-pegoland-porcelanico-flexible","status":"publish","type":"product","link":"https:\/\/andradepimenta.com\/fr\/product\/puma-pegoland-porcelanico-flexible\/","title":{"rendered":"PEGOLAND Porcel\u00e2nico Flexible"},"content":{"rendered":"<h3>Deslizamento Reduzido<\/h3>\n<p class=\"legenda\" style=\"font-size: 12px; text-transform: uppercase; letter-spacing: 2px;\">Adesivo ciment\u00edcio de alta performance para cer\u00e2mica e pedra natural<\/p>\n<p>&nbsp;<\/p>\n<p class=\"teste\" style=\"max-width: 60%; padding-bottom: 40px;\"><span class=\"relative -mx-px my-[-0.2rem] rounded px-px py-[0.2rem] transition-colors duration-100 ease-in-out\">O <strong>Pegoland\u00ae Porcel\u00e2nico Flexible<\/strong> \u00e9 um adesivo ciment\u00edcio de ligantes mistos, formulado para oferecer deslizamento reduzido e tempo aberto ampliado, facilitando a coloca\u00e7\u00e3o de revestimentos cer\u00e2micos e pedras naturais em pavimentos e paredes.<\/span> <span class=\"relative -mx-px my-[-0.2rem] rounded px-px py-[0.2rem] transition-colors duration-100 ease-in-out\">Ideal para ambientes interiores e exteriores, incluindo \u00e1reas sujeitas a tr\u00e1fego intenso e condi\u00e7\u00f5es exigentes.<\/span><\/p>\n<p class=\"teste\" style=\"max-width: 60%; padding-bottom: 40px;\"><span class=\"relative -mx-px my-[-0.2rem] rounded px-px py-[0.2rem] transition-colors duration-100 ease-in-out\">Este produto \u00e9 especialmente <strong>recomendado para a coloca\u00e7\u00e3o de pe\u00e7as cer\u00e2micas retificadas<\/strong> e para sobreposi\u00e7\u00e3o de pavimentos existentes.\u00a0<\/span><\/p>\n<p>&nbsp;<\/p>\n","protected":false},"excerpt":{"rendered":"<p><span style=\"font-size: 15px; line-height: 5px; color: grey;\"><strong><i class=\"fas fa-minus\"><\/i>\u00a0\u00a0Format <\/strong>Sac de 25 kg<br \/>\n<strong><i class=\"fas fa-minus\"><\/i>\u00a0\u00a0Consommation typique <\/strong>Environ 4 \u00e0 6 kg\/m\u00b2<br \/>\n<strong><i class=\"fas fa-minus\"><\/i>\u00a0 Classification <\/strong>C2 TE (EN 12004 \/ EN 12002)<\/span><\/p>\n<p>&nbsp;<\/p>","protected":false},"featured_media":26026,"template":"","meta":{"_acf_changed":false},"product_brand":[444],"product_cat":[230],"product_tag":[445],"class_list":{"0":"post-26040","1":"product","2":"type-product","3":"status-publish","4":"has-post-thumbnail","6":"product_brand-puma","7":"product_cat-construcao","8":"product_tag-adesivo-cimenticio","9":"pa_cor-white","10":"pa_cor-grey","11":"pa_marca-puma","12":"pa_tamanho-25kg","14":"first","15":"instock","16":"shipping-taxable","17":"purchasable","18":"product-type-variable","19":"has-default-attributes"},"acf":[],"_links":{"self":[{"href":"https:\/\/andradepimenta.com\/fr\/wp-json\/wp\/v2\/product\/26040","targetHints":{"allow":["GET"]}}],"collection":[{"href":"https:\/\/andradepimenta.com\/fr\/wp-json\/wp\/v2\/product"}],"about":[{"href":"https:\/\/andradepimenta.com\/fr\/wp-json\/wp\/v2\/types\/product"}],"wp:featuredmedia":[{"embeddable":true,"href":"https:\/\/andradepimenta.com\/fr\/wp-json\/wp\/v2\/media\/26026"}],"wp:attachment":[{"href":"https:\/\/andradepimenta.com\/fr\/wp-json\/wp\/v2\/media?parent=26040"}],"wp:term":[{"taxonomy":"product_brand","embeddable":true,"href":"https:\/\/andradepimenta.com\/fr\/wp-json\/wp\/v2\/product_brand?post=26040"},{"taxonomy":"product_cat","embeddable":true,"href":"https:\/\/andradepimenta.com\/fr\/wp-json\/wp\/v2\/product_cat?post=26040"},{"taxonomy":"product_tag","embeddable":true,"href":"https:\/\/andradepimenta.com\/fr\/wp-json\/wp\/v2\/product_tag?post=26040"}],"curies":[{"name":"wp","href":"https:\/\/api.w.org\/{rel}","templated":true}]}}