{"id":26075,"date":"2025-10-15T09:03:15","date_gmt":"2025-10-15T09:03:15","guid":{"rendered":"https:\/\/andradepimenta.com\/?post_type=product&#038;p=26075"},"modified":"2026-03-03T10:19:18","modified_gmt":"2026-03-03T10:19:18","slug":"mk9-espatulas-de-betumar","status":"publish","type":"product","link":"https:\/\/andradepimenta.com\/fr\/product\/mk9-espatulas-de-betumar\/","title":{"rendered":"ESP\u00c1TULAS de Betumar"},"content":{"rendered":"<h3>Precis\u00e3o e durabilidade<\/h3>\n<p class=\"legenda\" style=\"font-size: 12px; text-transform: uppercase; letter-spacing: 2px;\">na Aplica\u00e7\u00e3o de betumes cer\u00e2micos<\/p>\n<p>&nbsp;<\/p>\n<p data-start=\"181\" data-end=\"461\">Esp\u00e1tulas em borracha anti-abras\u00e3o, concebidas para aplica\u00e7\u00e3o eficiente e uniforme de betumes cer\u00e2micos em pavimentos e revestimentos. Dispon\u00edveis em diversos perfis, tamanhos e graus de dureza para responder \u00e0s diferentes exig\u00eancias da obra.<\/p>\n<p data-start=\"463\" data-end=\"512\"><strong data-start=\"463\" data-end=\"510\">Modelos mais comuns e suas caracter\u00edsticas:<\/strong><\/p>\n<ul data-start=\"513\" data-end=\"1054\">\n<li data-start=\"513\" data-end=\"643\">\n<p data-start=\"515\" data-end=\"643\"><strong data-start=\"515\" data-end=\"563\">136\/24SG (suave \u2013 duplo perfil 11,5 \u00d7 25 cm)<\/strong> \u2013 ideal para acabamentos mais delicados;<\/p>\n<\/li>\n<li data-start=\"644\" data-end=\"777\">\n<p data-start=\"646\" data-end=\"777\"><strong data-start=\"646\" data-end=\"692\">136B\/24 (dura \u2013 duplo perfil 11,5 \u00d7 25 cm)<\/strong> \u2013 para uso intensivo e superf\u00edcies exigentes;<\/p>\n<\/li>\n<li data-start=\"778\" data-end=\"911\">\n<p data-start=\"780\" data-end=\"911\"><strong data-start=\"780\" data-end=\"835\">136 95\u00d724,5 SG (suave \u2013 duplo perfil 9,5 \u00d7 24,5 cm)<\/strong> \u2013 perfil ligeiramente mais compacto.<\/p>\n<\/li>\n<\/ul>\n<p>Outros modelos recarreg\u00e1veis, econ\u00f3micos ou vers\u00f5es especiais est\u00e3o dispon\u00edveis conforme necessidade.<\/p>\n<p data-start=\"1314\" data-end=\"1413\">Aplic\u00e1vel manualmente ou com m\u00e1quinas monodisco para facilitar o nivelamento. Dispon\u00edvel na Andrade Pimenta, venha conhecer os diferentes perfis e escolha a esp\u00e1tula ideal para garantir um betumado mais uniforme e eficiente.<\/p>","protected":false},"excerpt":{"rendered":"<p><span style=\"font-size: 15px; line-height: 5px; color: grey;\"><strong><i class=\"fas fa-minus\"><\/i> Mat\u00e9riel <\/strong>Borracha anti-abras\u00e3o com base resistente<br \/>\n<strong><i class=\"fas fa-minus\"><\/i> Profil\u00e9s <\/strong>Suave ou duro, duplo perfil para melhor contorno<br \/>\n<strong><i class=\"fas fa-minus\"><\/i> Dimens\u00f5es t\u00edpicas <\/strong>11,5 \u00d7 25 cm, 9,5 \u00d7 24,5 cm, etc.<\/span><\/p>\n<p>&nbsp;<\/p>","protected":false},"featured_media":26028,"template":"","meta":{"_acf_changed":false},"product_brand":[447],"product_cat":[230],"product_tag":[448],"class_list":{"0":"post-26075","1":"product","2":"type-product","3":"status-publish","4":"has-post-thumbnail","6":"product_brand-mk9","7":"product_cat-construcao","8":"product_tag-espatulas-de-betumar","9":"pa_marca-mk9","11":"first","12":"instock","13":"shipping-taxable","14":"purchasable","15":"product-type-variable"},"acf":[],"_links":{"self":[{"href":"https:\/\/andradepimenta.com\/fr\/wp-json\/wp\/v2\/product\/26075","targetHints":{"allow":["GET"]}}],"collection":[{"href":"https:\/\/andradepimenta.com\/fr\/wp-json\/wp\/v2\/product"}],"about":[{"href":"https:\/\/andradepimenta.com\/fr\/wp-json\/wp\/v2\/types\/product"}],"wp:featuredmedia":[{"embeddable":true,"href":"https:\/\/andradepimenta.com\/fr\/wp-json\/wp\/v2\/media\/26028"}],"wp:attachment":[{"href":"https:\/\/andradepimenta.com\/fr\/wp-json\/wp\/v2\/media?parent=26075"}],"wp:term":[{"taxonomy":"product_brand","embeddable":true,"href":"https:\/\/andradepimenta.com\/fr\/wp-json\/wp\/v2\/product_brand?post=26075"},{"taxonomy":"product_cat","embeddable":true,"href":"https:\/\/andradepimenta.com\/fr\/wp-json\/wp\/v2\/product_cat?post=26075"},{"taxonomy":"product_tag","embeddable":true,"href":"https:\/\/andradepimenta.com\/fr\/wp-json\/wp\/v2\/product_tag?post=26075"}],"curies":[{"name":"wp","href":"https:\/\/api.w.org\/{rel}","templated":true}]}}