{"id":26081,"date":"2025-10-15T09:43:44","date_gmt":"2025-10-15T09:43:44","guid":{"rendered":"https:\/\/andradepimenta.com\/?post_type=product&#038;p=26081"},"modified":"2026-03-03T10:19:19","modified_gmt":"2026-03-03T10:19:19","slug":"mk9-ventosas-profissionais","status":"publish","type":"product","link":"https:\/\/andradepimenta.com\/fr\/product\/mk9-ventosas-profissionais\/","title":{"rendered":"VENTOSAS Profissionais"},"content":{"rendered":"<h3>Precis\u00e3o, seguran\u00e7a e efici\u00eancia<\/h3>\n<p class=\"legenda\" style=\"font-size: 12px; text-transform: uppercase; letter-spacing: 2px;\">na movimenta\u00e7\u00e3o de cer\u00e2mica e vidro<\/p>\n<p>&nbsp;<\/p>\n<p data-start=\"341\" data-end=\"648\">As ventosas profissionais, distribu\u00eddas pela <strong data-start=\"399\" data-end=\"406\">MK9<\/strong>, foram desenvolvidas para garantir o manuseamento seguro de placas cer\u00e2micas, vidro e outros materiais n\u00e3o porosos. A sua constru\u00e7\u00e3o robusta em alum\u00ednio e as borrachas anti-manchas asseguram uma fixa\u00e7\u00e3o firme, sem danificar as superf\u00edcies.<\/p>\n<p data-start=\"650\" data-end=\"836\">Dispon\u00edveis em v\u00e1rios modelos, adaptam-se a diferentes dimens\u00f5es e pesos de material, tornando o transporte e a instala\u00e7\u00e3o mais r\u00e1pidos e precisos.<\/p>\n<p data-start=\"650\" data-end=\"836\">Modelos dispon\u00edveis:<br data-start=\"895\" data-end=\"898\" \/>\u2003\u2013 <strong data-start=\"901\" data-end=\"926\">Medusa \/ Medusa Plus:<\/strong> ventosas simples, at\u00e9 30 kg;<br data-start=\"954\" data-end=\"957\" \/>\u2003\u2013 <strong data-start=\"960\" data-end=\"979\">Biventosa Plus:<\/strong> dupla, at\u00e9 57 kg;<br data-start=\"996\" data-end=\"999\" \/>\u2003\u2013 <strong data-start=\"1002\" data-end=\"1022\">Triventosa Plus:<\/strong> tripla, at\u00e9 74 kg.<\/p>\n<p data-start=\"650\" data-end=\"836\"><strong data-start=\"1371\" data-end=\"1405\">Dispon\u00edvel na Andrade Pimenta.<\/strong><br data-start=\"1405\" data-end=\"1408\" \/>Visite o nosso armaz\u00e9m e descubra as ventosas profissionais que garantem seguran\u00e7a e precis\u00e3o em cada movimento.<\/p>\n<p><iframe title=\"YouTube video player\" src=\"https:\/\/www.youtube.com\/embed\/AOULqhucfEo?si=MnmHl5kyDNbyBPsW\" width=\"560\" height=\"315\" frameborder=\"0\" allowfullscreen=\"allowfullscreen\"><\/iframe><\/p>","protected":false},"excerpt":{"rendered":"<p><span style=\"font-size: 15px; line-height: 5px; color: grey;\"><strong><i class=\"fas fa-minus\"><\/i> Mat\u00e9riel<\/strong> Alum\u00ednio fundido leve e resistente<br \/>\n<strong><i class=\"fas fa-minus\"><\/i> Borracha<\/strong> Anti-manchas, \u00d8112\u2013175 mm<br \/>\n<strong><i class=\"fas fa-minus\"><\/i> Application<\/strong> Cer\u00e2mica, porcel\u00e2nico, vidro, pedra polida e superf\u00edcies lisas ou ligeiramente rugosas<\/span><\/p>\n<p>&nbsp;<\/p>","protected":false},"featured_media":26086,"template":"","meta":{"_acf_changed":false},"product_brand":[447],"product_cat":[230],"product_tag":[453],"class_list":{"0":"post-26081","1":"product","2":"type-product","3":"status-publish","4":"has-post-thumbnail","6":"product_brand-mk9","7":"product_cat-construcao","8":"product_tag-ventosa","9":"pa_marca-mk9","11":"first","12":"instock","13":"shipping-taxable","14":"purchasable","15":"product-type-variable"},"acf":[],"_links":{"self":[{"href":"https:\/\/andradepimenta.com\/fr\/wp-json\/wp\/v2\/product\/26081","targetHints":{"allow":["GET"]}}],"collection":[{"href":"https:\/\/andradepimenta.com\/fr\/wp-json\/wp\/v2\/product"}],"about":[{"href":"https:\/\/andradepimenta.com\/fr\/wp-json\/wp\/v2\/types\/product"}],"wp:featuredmedia":[{"embeddable":true,"href":"https:\/\/andradepimenta.com\/fr\/wp-json\/wp\/v2\/media\/26086"}],"wp:attachment":[{"href":"https:\/\/andradepimenta.com\/fr\/wp-json\/wp\/v2\/media?parent=26081"}],"wp:term":[{"taxonomy":"product_brand","embeddable":true,"href":"https:\/\/andradepimenta.com\/fr\/wp-json\/wp\/v2\/product_brand?post=26081"},{"taxonomy":"product_cat","embeddable":true,"href":"https:\/\/andradepimenta.com\/fr\/wp-json\/wp\/v2\/product_cat?post=26081"},{"taxonomy":"product_tag","embeddable":true,"href":"https:\/\/andradepimenta.com\/fr\/wp-json\/wp\/v2\/product_tag?post=26081"}],"curies":[{"name":"wp","href":"https:\/\/api.w.org\/{rel}","templated":true}]}}