{"id":26128,"date":"2025-11-13T11:06:22","date_gmt":"2025-11-13T11:06:22","guid":{"rendered":"https:\/\/andradepimenta.com\/?post_type=product&#038;p=26128"},"modified":"2026-02-05T14:38:10","modified_gmt":"2026-02-05T14:38:10","slug":"pop-art-bide","status":"publish","type":"product","link":"https:\/\/andradepimenta.com\/fr\/product\/pop-art-bide\/","title":{"rendered":"POP ART Bid\u00e9"},"content":{"rendered":"<p><img decoding=\"async\" class=\"aligncenter\" style=\"width: 70%; height: 400px; object-fit: cover; display: block; margin: auto; padding-bottom: 10px; padding-top: 20px;\" src=\"https:\/\/andradepimenta.com\/wp-content\/uploads\/2025\/11\/sanita-pop-art-sanitana-andrade-pimenta-01.webp\" alt=\"GLAM Bid\u00e9 SANITANA Andrade Pimenta\" \/><\/p>\n<p><img decoding=\"async\" class=\"alignleft\" style=\"width: 300px; height: 300px; object-fit: cover; display: block; margin: auto;\" src=\"https:\/\/andradepimenta.com\/wp-content\/uploads\/2025\/11\/bide-compacto-pop-art-sanitana-andrade-pimenta-02.webp\" alt=\"GLAM Bid\u00e9 SANITANA Andrade Pimenta\" \/><\/p>\n<p>&nbsp;<\/p>\n<p class=\"teste\" style=\"max-width: 80%; padding-bottom: 40px;\">A linha <strong data-start=\"353\" data-end=\"376\">Pop Art da Sanitana<\/strong> alia o conforto da utiliza\u00e7\u00e3o di\u00e1ria \u00e0 harmonia est\u00e9tica do design moderno. Dispon\u00edvel nas vers\u00f5es <strong data-start=\"476\" data-end=\"494\">Compact <\/strong>e <strong data-start=\"497\" data-end=\"509\">Suspendu<\/strong>, adapta-se facilmente a qualquer estilo de casa de banho, garantindo qualidade, durabilidade e facilidade de manuten\u00e7\u00e3o.<\/p>\n<h3>Design Moderno e Funcional<\/h3>\n<p class=\"legenda\" style=\"font-size: 12px; text-transform: uppercase; letter-spacing: 2px;\">garantissez la collection wc &amp; bidet<\/p>","protected":false},"excerpt":{"rendered":"<p style=\"text-align: left;\"><span style=\"font-size: 15px; line-height: 5px; color: grey;\"><strong><i class=\"fas fa-minus\"><\/i>\u00a0 Cole\u00e7\u00e3o<\/strong> Pop Art acompanhada por <a href=\"https:\/\/andradepimenta.com\/product\/pop-art-sanita\/\">sanita<\/a><strong><br \/>\n<i class=\"fas fa-minus\"><\/i>\u00a0 Dimens\u00f5es <\/strong><span class=\"relative -mx-px my-[-0.2rem] rounded px-px py-[0.2rem] transition-colors duration-100 ease-in-out\">Compacto 360 x 525 x 400 &#8211; ~20 Kg \/ Suspenso 325 x 540 x 390 &#8211; 20 Kg<\/span><br \/>\n<strong><i class=\"fas fa-minus\"><\/i>\u00a0 Extra<\/strong> Inclui kit de pr\u00e9-instala\u00e7\u00e3o<br \/>\n<strong><i class=\"fas fa-minus\"><\/i>\u00a0 Modelos <\/strong>Compacto e Suspenso<\/span><\/p>\n<div class=\"wrap_svl_center\">\n<div class=\"wrap_svl_center_box\">\n<div class=\"wrap_svl\" id=\"body_drag_26137\">\n<div class=\"images_wrap\">\n                            <img decoding=\"async\" src=\"https:\/\/andradepimenta.com\/wp-content\/uploads\/2025\/11\/Andrade-Pimenta-1.png\" alt=\"\">\n            \t\t<\/div>\n<div class=\"drag_element tips \" style=\"top:46.7%;left:77.76%;\" >\n<div class=\"point_style  ihotspot_tooltop_html\" data-placement=\"n\" data-html=\"\t\t \t\t\t                  &lt;div class=&quot;box_view_html&quot;&gt;\n\t\t\t\t\t&lt;span class=&quot;close_ihp&quot;&gt;\n\t\t\t\t\t\t&lt;svg version=&quot;1.1&quot; xmlns=&quot;http:\/\/www.w3.org\/2000\/svg&quot; xmlns:xlink=&quot;http:\/\/www.w3.org\/1999\/xlink&quot; x=&quot;0px&quot; y=&quot;0px&quot; viewBox=&quot;0 0 1000 1000&quot; enable-background=&quot;new 0 0 1000 1000&quot; xml:space=&quot;preserve&quot;&gt;&lt;g&gt;&lt;path d=&quot;M153.7,153.7C57.9,249.5,10,365.3,10,499c0,135.7,47.9,251.5,143.7,347.3l0,0C249.5,942.1,363.3,990,499,990c135.7,0,251.5-47.9,347.3-143.7C942.1,750.5,990,634.7,990,499c0-135.7-47.9-249.5-143.7-345.3l0,0C750.5,57.9,634.7,10,499,10C365.3,10,249.5,57.9,153.7,153.7z M209.6,211.6l2-2C289.4,129.7,387.2,89.8,499,89.8c113.8,0,209.6,39.9,291.4,121.8c79.8,77.8,119.8,175.6,119.8,287.4c0,113.8-39.9,209.6-119.8,291.4C708.6,870.3,612.8,910.2,499,910.2c-111.8,0-209.6-39.9-287.4-119.8C129.8,708.6,89.8,612.8,89.8,499C89.8,387.2,129.8,289.4,209.6,211.6z&quot;\/&gt;&lt;path d=&quot;M293.4,331.3c0,12,4,22,12,29.9L443.1,497L305.4,632.7c-8,8-12,18-12,29.9c0,10,4,18,12,26c8,8,18,12,28,12c12,0,20-4,27.9-10L499,552.9l135.7,137.7c8,6,16,10,28,10c12,0,21.9-4,27.9-10c8-8,12-18,12-28c0-12-4-21.9-12-29.9L554.9,497l135.7-135.7c8-8,12-18,12-27.9c0-12-4-22-12-29.9c-6-8-16-12-25.9-12c-12,0-21.9,4-29.9,12L499,441.1L363.3,303.4c-8-8-18-12-29.9-12c-10,0-20,4-28,12C297.4,311.4,293.4,321.4,293.4,331.3z&quot;\/&gt;&lt;\/g&gt;&lt;\/svg&gt;&lt;\/span&gt;\n\t\t\t\t\t\t&lt;p&gt;Pop Art Bid\u00e9&lt;\/p&gt;\n\t\t\t\t\t&lt;\/div&gt;\n\t\t\t \t\t \t\t \"><br \/>\n\t\t \t\t<a href=\"https:\/\/andradepimenta.com\/product\/pop-art-bide\/\" title=\"\" target=\"_self\">\t\t\t \t\t\t\t\t \t\t\t<\/p>\n<div class=\"pins_animation ihotspot_pulse\" style=\"top:-37px;left:-37px;height:74px;width:74px\"><\/div>\n<p>\t\t\t \t\t\t\t\t \t\t<img decoding=\"async\" src=\"https:\/\/andradepimenta.com\/wp-content\/uploads\/2021\/11\/hotspot-blue.png\" class=\"pins_image ihotspot_hastooltop\" style=\"top:-37px;left:-37px\" alt=\"\"><br \/>\n\t\t\t \t\t\t\t \t\t<\/a>\t\t \t<\/div>\n<\/p><\/div>\n<div class=\"drag_element tips \" style=\"top:53.45%;left:30.93%;\" >\n<div class=\"point_style  ihotspot_tooltop_html\" data-placement=\"n\" data-html=\"\t\t \t\t\t                  &lt;div class=&quot;box_view_html&quot;&gt;\n\t\t\t\t\t&lt;span class=&quot;close_ihp&quot;&gt;\n\t\t\t\t\t\t&lt;svg version=&quot;1.1&quot; xmlns=&quot;http:\/\/www.w3.org\/2000\/svg&quot; xmlns:xlink=&quot;http:\/\/www.w3.org\/1999\/xlink&quot; x=&quot;0px&quot; y=&quot;0px&quot; viewBox=&quot;0 0 1000 1000&quot; enable-background=&quot;new 0 0 1000 1000&quot; xml:space=&quot;preserve&quot;&gt;&lt;g&gt;&lt;path d=&quot;M153.7,153.7C57.9,249.5,10,365.3,10,499c0,135.7,47.9,251.5,143.7,347.3l0,0C249.5,942.1,363.3,990,499,990c135.7,0,251.5-47.9,347.3-143.7C942.1,750.5,990,634.7,990,499c0-135.7-47.9-249.5-143.7-345.3l0,0C750.5,57.9,634.7,10,499,10C365.3,10,249.5,57.9,153.7,153.7z M209.6,211.6l2-2C289.4,129.7,387.2,89.8,499,89.8c113.8,0,209.6,39.9,291.4,121.8c79.8,77.8,119.8,175.6,119.8,287.4c0,113.8-39.9,209.6-119.8,291.4C708.6,870.3,612.8,910.2,499,910.2c-111.8,0-209.6-39.9-287.4-119.8C129.8,708.6,89.8,612.8,89.8,499C89.8,387.2,129.8,289.4,209.6,211.6z&quot;\/&gt;&lt;path d=&quot;M293.4,331.3c0,12,4,22,12,29.9L443.1,497L305.4,632.7c-8,8-12,18-12,29.9c0,10,4,18,12,26c8,8,18,12,28,12c12,0,20-4,27.9-10L499,552.9l135.7,137.7c8,6,16,10,28,10c12,0,21.9-4,27.9-10c8-8,12-18,12-28c0-12-4-21.9-12-29.9L554.9,497l135.7-135.7c8-8,12-18,12-27.9c0-12-4-22-12-29.9c-6-8-16-12-25.9-12c-12,0-21.9,4-29.9,12L499,441.1L363.3,303.4c-8-8-18-12-29.9-12c-10,0-20,4-28,12C297.4,311.4,293.4,321.4,293.4,331.3z&quot;\/&gt;&lt;\/g&gt;&lt;\/svg&gt;&lt;\/span&gt;\n\t\t\t\t\t\t&lt;p&gt;Pop Art Sanita&lt;\/p&gt;\n\t\t\t\t\t&lt;\/div&gt;\n\t\t\t \t\t \t\t \"><br \/>\n\t\t \t\t<a href=\"https:\/\/andradepimenta.com\/product\/pop-art-sanita\/\" title=\"\" target=\"_self\">\t\t\t \t\t\t\t\t \t\t\t<\/p>\n<div class=\"pins_animation ihotspot_pulse\" style=\"top:-37px;left:-37px;height:74px;width:74px\"><\/div>\n<p>\t\t\t \t\t\t\t\t \t\t<img decoding=\"async\" src=\"https:\/\/andradepimenta.com\/wp-content\/uploads\/2021\/11\/hotspot-blue.png\" class=\"pins_image ihotspot_hastooltop\" style=\"top:-37px;left:-37px\" alt=\"\"><br \/>\n\t\t\t \t\t\t\t \t\t<\/a>\t\t \t<\/div>\n<\/p><\/div>\n<\/p><\/div>\n<\/p><\/div>\n<\/p><\/div>\n","protected":false},"featured_media":26117,"template":"","meta":{"_acf_changed":false},"product_brand":[323],"product_cat":[177],"product_tag":[89,240],"class_list":{"0":"post-26128","1":"product","2":"type-product","3":"status-publish","4":"has-post-thumbnail","6":"product_brand-sanitana","7":"product_cat-loucas","8":"product_tag-bide","9":"product_tag-sanitas","10":"pa_marca-sanitana","11":"pa_tamanho-325-x-540-x-390-suspenso","12":"pa_tamanho-360-x-525-x-400-compacto","14":"first","15":"instock","16":"shipping-taxable","17":"purchasable","18":"product-type-variable","19":"has-default-attributes"},"acf":[],"_links":{"self":[{"href":"https:\/\/andradepimenta.com\/fr\/wp-json\/wp\/v2\/product\/26128","targetHints":{"allow":["GET"]}}],"collection":[{"href":"https:\/\/andradepimenta.com\/fr\/wp-json\/wp\/v2\/product"}],"about":[{"href":"https:\/\/andradepimenta.com\/fr\/wp-json\/wp\/v2\/types\/product"}],"wp:featuredmedia":[{"embeddable":true,"href":"https:\/\/andradepimenta.com\/fr\/wp-json\/wp\/v2\/media\/26117"}],"wp:attachment":[{"href":"https:\/\/andradepimenta.com\/fr\/wp-json\/wp\/v2\/media?parent=26128"}],"wp:term":[{"taxonomy":"product_brand","embeddable":true,"href":"https:\/\/andradepimenta.com\/fr\/wp-json\/wp\/v2\/product_brand?post=26128"},{"taxonomy":"product_cat","embeddable":true,"href":"https:\/\/andradepimenta.com\/fr\/wp-json\/wp\/v2\/product_cat?post=26128"},{"taxonomy":"product_tag","embeddable":true,"href":"https:\/\/andradepimenta.com\/fr\/wp-json\/wp\/v2\/product_tag?post=26128"}],"curies":[{"name":"wp","href":"https:\/\/api.w.org\/{rel}","templated":true}]}}