{"id":26168,"date":"2025-11-13T14:04:12","date_gmt":"2025-11-13T14:04:12","guid":{"rendered":"https:\/\/andradepimenta.com\/?post_type=product&#038;p=26168"},"modified":"2026-02-05T14:37:43","modified_gmt":"2026-02-05T14:37:43","slug":"adapt-sanita","status":"publish","type":"product","link":"https:\/\/andradepimenta.com\/fr\/product\/adapt-sanita\/","title":{"rendered":"ADAPT Sanita"},"content":{"rendered":"<p><img decoding=\"async\" class=\"aligncenter\" style=\"width: 70%; height: 400px; object-fit: cover; display: block; margin: auto; padding-bottom: 10px; padding-top: 20px;\" src=\"https:\/\/andradepimenta.com\/wp-content\/uploads\/2025\/11\/sanita-compacta-adapt-sanitana-andrade-pimenta-00-1.webp\" alt=\"Pop Art Sanita SANITANA Andrade Pimenta\" \/><\/p>\n<p><img decoding=\"async\" class=\"alignleft\" style=\"width: 300px; height: 300px; object-fit: cover; display: block; margin: auto;\" src=\"https:\/\/andradepimenta.com\/wp-content\/uploads\/2025\/11\/sanita-adapt-compacta-sanitana-andrade-pimenta-01.webp\" alt=\"Pop Art Sanita SANITANA Andrade Pimenta\" \/><\/p>\n<p>&nbsp;<\/p>\n<p class=\"teste\" style=\"max-width: 80%; padding-bottom: 40px;\">A linha <strong>Adapt<\/strong> foi desenhada para permanecer fi\u00e1vel e integrada em casas-de-banho acess\u00edveis, onde a mobilidade \u00e9 uma preocupa\u00e7\u00e3o. A cole\u00e7\u00e3o inclui sanitas em vers\u00e3o compacta e suspensa, ambas fornecidas com assento de aro aberto e concebidas de acordo com a legisla\u00e7\u00e3o aplic\u00e1vel \u00e0 acessibilidade.<\/p>\n<h3>Funcional e Acess\u00edvel<\/h3>\n<p class=\"legenda\" style=\"font-size: 12px; text-transform: uppercase; letter-spacing: 2px;\">Solu\u00e7\u00f5es de sanit\u00e1rio adaptadas \u00e0 mobilidade reduzida<\/p>\n<p>&nbsp;<\/p>","protected":false},"excerpt":{"rendered":"<p><span style=\"font-size: 15px; line-height: 5px; color: grey;\"><strong><br \/>\n<i class=\"fas fa-minus\"><\/i>\u00a0 Cole\u00e7\u00e3o<\/strong> Adapt com assento de aro aberto<strong><br \/>\n<i class=\"fas fa-minus\"><\/i>\u00a0 Dimens\u00f5es <\/strong>Compacta 360 x 650 x 430 \u00a0<span class=\"relative -mx-px my-[-0.2rem] rounded px-px py-[0.2rem] transition-colors duration-100 ease-in-out\">\/ Suspensa 360 x 700 x 370 \/ 26 Kg<\/span><strong><br \/>\n<i class=\"fas fa-minus\"><\/i>\u00a0 Tanque 3 \/ 6 L<\/strong>\u00a0Alimenta\u00e7\u00e3o inferior \/ Mecanismo montado \/ Descarga ativada por bot\u00e3o (duplo)<br \/>\n<strong><i class=\"fas fa-minus\"><\/i>\u00a0 Modelos <\/strong>Compacto e Suspenso<\/span><\/p>\n<p>&nbsp;<\/p>\n","protected":false},"featured_media":26175,"template":"","meta":{"_acf_changed":false},"product_brand":[323],"product_cat":[177],"product_tag":[89,240],"class_list":{"0":"post-26168","1":"product","2":"type-product","3":"status-publish","4":"has-post-thumbnail","6":"product_brand-sanitana","7":"product_cat-loucas","8":"product_tag-bide","9":"product_tag-sanitas","10":"pa_marca-sanitana","11":"pa_tamanho-360-x-650-x-430-compacta","12":"pa_tamanho-360-x-700-x-370-suspensa","14":"first","15":"instock","16":"shipping-taxable","17":"purchasable","18":"product-type-variable","19":"has-default-attributes"},"acf":[],"_links":{"self":[{"href":"https:\/\/andradepimenta.com\/fr\/wp-json\/wp\/v2\/product\/26168","targetHints":{"allow":["GET"]}}],"collection":[{"href":"https:\/\/andradepimenta.com\/fr\/wp-json\/wp\/v2\/product"}],"about":[{"href":"https:\/\/andradepimenta.com\/fr\/wp-json\/wp\/v2\/types\/product"}],"wp:featuredmedia":[{"embeddable":true,"href":"https:\/\/andradepimenta.com\/fr\/wp-json\/wp\/v2\/media\/26175"}],"wp:attachment":[{"href":"https:\/\/andradepimenta.com\/fr\/wp-json\/wp\/v2\/media?parent=26168"}],"wp:term":[{"taxonomy":"product_brand","embeddable":true,"href":"https:\/\/andradepimenta.com\/fr\/wp-json\/wp\/v2\/product_brand?post=26168"},{"taxonomy":"product_cat","embeddable":true,"href":"https:\/\/andradepimenta.com\/fr\/wp-json\/wp\/v2\/product_cat?post=26168"},{"taxonomy":"product_tag","embeddable":true,"href":"https:\/\/andradepimenta.com\/fr\/wp-json\/wp\/v2\/product_tag?post=26168"}],"curies":[{"name":"wp","href":"https:\/\/api.w.org\/{rel}","templated":true}]}}