{"id":26229,"date":"2026-02-05T09:06:29","date_gmt":"2026-02-05T09:06:29","guid":{"rendered":"https:\/\/andradepimenta.com\/?post_type=product&#038;p=26229"},"modified":"2026-02-25T12:19:56","modified_gmt":"2026-02-25T12:19:56","slug":"pavimento_oak_gresart","status":"publish","type":"product","link":"https:\/\/andradepimenta.com\/fr\/product\/pavimento_oak_gresart\/","title":{"rendered":"OAK"},"content":{"rendered":"<p><img decoding=\"async\" class=\"aligncenter\" style=\"width: 70%; height: 400px; object-fit: cover; object-position: bottom; display: block; margin: auto; padding-bottom: 10px; padding-top: 20px;\" src=\"https:\/\/andradepimenta.com\/wp-content\/uploads\/2026\/02\/andrade_pimenta_oak_gresart.webp\" alt=\"Oak Pavimento Andrade Pimenta\" \/><\/p>\n<p><img decoding=\"async\" class=\"alignleft\" style=\"width: 220px; height: 220px; object-fit: cover; display: block; margin: auto;\" src=\"https:\/\/andradepimenta.com\/wp-content\/uploads\/2026\/02\/andrade_pimenta_oak_gresart_miniatura.webp\" alt=\"Oak Pavimento Andrade Pimenta\" \/><\/p>\n<p class=\"teste\" style=\"max-width: 80%; padding-bottom: 40px;\">La collection <strong data-start=\"10\" data-end=\"22\">Oak<\/strong> da Gresart \u00e9 ideal para espa\u00e7os aconchegantes, s\u00e3o os tons quentes os mais capazes para revigorar qualquer divis\u00e3o da casa.<\/p>\n<h3>Toque da Natureza<\/h3>\n<p class=\"legenda\" style=\"font-size: 12px; text-transform: uppercase; letter-spacing: 2px;\">em cada detalhe presente nas pe\u00e7as cer\u00e2micas<\/p>\n<p>&nbsp;<\/p>","protected":false},"excerpt":{"rendered":"<p><span style=\"font-size: 15px; line-height: 5px; color: grey;\"><strong><br \/>\n<i class=\"fas fa-minus\"><\/i>\u00a0 Finition <\/strong>Antiderrapante \/ Mate<br \/>\n<strong><i class=\"fas fa-minus\"><\/i>\u00a0 Application <\/strong>Pavimento \/ Revestimento<strong><br \/>\n<i class=\"fas fa-minus\"><\/i>\u00a0 \u00c9paisseur<\/strong> 8\u202fmm\u00a0<strong><br \/>\n<i class=\"fas fa-minus\"><\/i>\u00a0 Formats <\/strong>20 x 120 \/ 22,5 x 90<br \/>\n<strong><i class=\"fas fa-minus\"><\/i>\u00a0 Tipologia <\/strong>Gr\u00e9s Porcel\u00e2nico Vidrado<\/span><\/p>","protected":false},"featured_media":26239,"template":"","meta":{"_acf_changed":false},"product_brand":[469],"product_cat":[180],"product_tag":[242,243],"class_list":{"0":"post-26229","1":"product","2":"type-product","3":"status-publish","4":"has-post-thumbnail","6":"product_brand-gresart","7":"product_cat-pavimento-revestimento","8":"product_tag-pavimento","9":"product_tag-revestimento","10":"pa_cor-tortora","11":"pa_cor-oak-honey","12":"pa_cor-dark_linea","13":"pa_cor-cream-ground","14":"pa_cor-bege","15":"pa_cor-wooden_brown","16":"pa_cor-madeira","17":"pa_cor-white-2","18":"pa_marca-gresart","19":"pa_material-gres-porcelanico-vidrado","20":"pa_tamanho-20-x-120","21":"pa_tamanho-225-x-90","23":"first","24":"instock","25":"shipping-taxable","26":"purchasable","27":"product-type-variable","28":"has-default-attributes"},"acf":[],"_links":{"self":[{"href":"https:\/\/andradepimenta.com\/fr\/wp-json\/wp\/v2\/product\/26229","targetHints":{"allow":["GET"]}}],"collection":[{"href":"https:\/\/andradepimenta.com\/fr\/wp-json\/wp\/v2\/product"}],"about":[{"href":"https:\/\/andradepimenta.com\/fr\/wp-json\/wp\/v2\/types\/product"}],"wp:featuredmedia":[{"embeddable":true,"href":"https:\/\/andradepimenta.com\/fr\/wp-json\/wp\/v2\/media\/26239"}],"wp:attachment":[{"href":"https:\/\/andradepimenta.com\/fr\/wp-json\/wp\/v2\/media?parent=26229"}],"wp:term":[{"taxonomy":"product_brand","embeddable":true,"href":"https:\/\/andradepimenta.com\/fr\/wp-json\/wp\/v2\/product_brand?post=26229"},{"taxonomy":"product_cat","embeddable":true,"href":"https:\/\/andradepimenta.com\/fr\/wp-json\/wp\/v2\/product_cat?post=26229"},{"taxonomy":"product_tag","embeddable":true,"href":"https:\/\/andradepimenta.com\/fr\/wp-json\/wp\/v2\/product_tag?post=26229"}],"curies":[{"name":"wp","href":"https:\/\/api.w.org\/{rel}","templated":true}]}}