{"id":26308,"date":"2026-02-05T10:17:41","date_gmt":"2026-02-05T10:17:41","guid":{"rendered":"https:\/\/andradepimenta.com\/?post_type=product&#038;p=26308"},"modified":"2026-02-05T14:37:04","modified_gmt":"2026-02-05T14:37:04","slug":"kech_gresart","status":"publish","type":"product","link":"https:\/\/andradepimenta.com\/fr\/product\/kech_gresart\/","title":{"rendered":"KECH"},"content":{"rendered":"<p><img decoding=\"async\" class=\"aligncenter\" style=\"width: 70%; height: 400px; object-fit: cover; object-position: bottom; display: block; margin: auto; padding-bottom: 10px; padding-top: 20px;\" src=\"https:\/\/andradepimenta.com\/wp-content\/uploads\/2026\/02\/andrade_pimenta_kech_gresart-1.webp\" alt=\"Kech Revestimento Andrade Pimenta\" \/><\/p>\n<p>&nbsp;<\/p>\n<p><img decoding=\"async\" class=\"alignleft\" style=\"width: 220px; height: 220px; object-fit: cover; display: block; margin: auto;\" src=\"https:\/\/andradepimenta.com\/wp-content\/uploads\/2026\/02\/andrade_pimenta_kech_gresart_miniatura.webp\" alt=\"Kech Revestimento Andrade Pimenta\" \/><\/p>\n<p class=\"teste\" style=\"max-width: 80%; padding-bottom: 40px;\">Dispon\u00edvel em v\u00e1rios formatos e com acabamento brilhante, a cole\u00e7\u00e3o <strong>Kech<\/strong> combina o melhor do design urbano com uma est\u00e9tica jovem.<\/p>\n<h3>Originalidade e Personalidade<\/h3>\n<p class=\"legenda\" style=\"font-size: 12px; text-transform: uppercase; letter-spacing: 2px;\">para projetos que procuram sair do convencional<\/p>\n<p>&nbsp;<\/p>","protected":false},"excerpt":{"rendered":"<p><span style=\"font-size: 15px; line-height: 5px; color: grey;\"><strong><br \/>\n<i class=\"fas fa-minus\"><\/i>\u00a0 Finition <\/strong>Brillant<br \/>\n<strong><i class=\"fas fa-minus\"><\/i>\u00a0 Application <\/strong>Carrelage mural<strong><br \/>\n<i class=\"fas fa-minus\"><\/i>\u00a0 \u00c9paisseur<\/strong> 7,3\u202fmm\u00a0<strong><br \/>\n<i class=\"fas fa-minus\"><\/i>\u00a0 Formats <\/strong>30 x 60 \/ 10 x 10<br \/>\n<strong><i class=\"fas fa-minus\"><\/i>\u00a0 Tipologia <\/strong>Gr\u00e9s Porcel\u00e2nico Vidrado<\/span><\/p>","protected":false},"featured_media":26324,"template":"","meta":{"_acf_changed":false},"product_brand":[469],"product_cat":[180],"product_tag":[243],"class_list":{"0":"post-26308","1":"product","2":"type-product","3":"status-publish","4":"has-post-thumbnail","6":"product_brand-gresart","7":"product_cat-pavimento-revestimento","8":"product_tag-revestimento","9":"pa_cor-fog-anarchic","10":"pa_cor-caramel","11":"pa_cor-kech","12":"pa_cor-white-2","13":"pa_cor-cromatica_adrade_pimenta","14":"pa_cor-decorado","15":"pa_cor-jade-kech","16":"pa_cor-mint","17":"pa_cor-autumn","18":"pa_cor-colbat","19":"pa_cor-aqua","20":"pa_marca-gresart","21":"pa_material-gres-porcelanico-vidrado","22":"pa_tamanho-10-x-10","23":"pa_tamanho-30-x-60","25":"first","26":"instock","27":"shipping-taxable","28":"purchasable","29":"product-type-variable","30":"has-default-attributes"},"acf":[],"_links":{"self":[{"href":"https:\/\/andradepimenta.com\/fr\/wp-json\/wp\/v2\/product\/26308","targetHints":{"allow":["GET"]}}],"collection":[{"href":"https:\/\/andradepimenta.com\/fr\/wp-json\/wp\/v2\/product"}],"about":[{"href":"https:\/\/andradepimenta.com\/fr\/wp-json\/wp\/v2\/types\/product"}],"wp:featuredmedia":[{"embeddable":true,"href":"https:\/\/andradepimenta.com\/fr\/wp-json\/wp\/v2\/media\/26324"}],"wp:attachment":[{"href":"https:\/\/andradepimenta.com\/fr\/wp-json\/wp\/v2\/media?parent=26308"}],"wp:term":[{"taxonomy":"product_brand","embeddable":true,"href":"https:\/\/andradepimenta.com\/fr\/wp-json\/wp\/v2\/product_brand?post=26308"},{"taxonomy":"product_cat","embeddable":true,"href":"https:\/\/andradepimenta.com\/fr\/wp-json\/wp\/v2\/product_cat?post=26308"},{"taxonomy":"product_tag","embeddable":true,"href":"https:\/\/andradepimenta.com\/fr\/wp-json\/wp\/v2\/product_tag?post=26308"}],"curies":[{"name":"wp","href":"https:\/\/api.w.org\/{rel}","templated":true}]}}