{"id":26356,"date":"2026-02-05T10:44:37","date_gmt":"2026-02-05T10:44:37","guid":{"rendered":"https:\/\/andradepimenta.com\/?post_type=product&#038;p=26356"},"modified":"2026-02-05T14:36:57","modified_gmt":"2026-02-05T14:36:57","slug":"anarchic_gresart","status":"publish","type":"product","link":"https:\/\/andradepimenta.com\/fr\/product\/anarchic_gresart\/","title":{"rendered":"ANARCHIC"},"content":{"rendered":"<p><img decoding=\"async\" class=\"aligncenter\" style=\"width: 70%; height: 400px; object-fit: cover; object-position: bottom; display: block; margin: auto; padding-bottom: 10px; padding-top: 20px;\" src=\"https:\/\/andradepimenta.com\/wp-content\/uploads\/2026\/02\/andrade_pimenta_anarchic_gresart-1.webp\" \/><\/p>\n<p>&nbsp;<\/p>\n<p style=\"margin-top: 0px; margin-bottom: 28.26px; outline: 0px; letter-spacing: 0.1px;\"><img decoding=\"async\" class=\"alignleft\" style=\"height: 240px; margin: auto; outline: 0px; display: block; letter-spacing: 0.1px; width: 240px; object-fit: cover;\" src=\"https:\/\/andradepimenta.com\/wp-content\/uploads\/2026\/02\/andrade_pimenta_Pavimento_Revestimento_Gresart_Anarchic_6.webp\" alt=\"Anarchic Pavimento Andrade Pimenta\" \/><\/p>\n<p style=\"text-align: left;\">La collection<strong> Anarchic<\/strong> combina na perfei\u00e7\u00e3o com o look da cidade. Com inspira\u00e7\u00e3o direta na metr\u00f3pole, com esta cole\u00e7\u00e3o conseguir\u00e1s dar um look muito jovem, simples e aut\u00eantico \u00e0 tua casa. Com tons elaborados com o efeito cimento, t\u00edpico de lofts industriais.<\/p>\n<h3><\/h3>\n<h3>Jovem e Urbano<\/h3>\n<p class=\"legenda\" style=\"font-size: 12px; text-transform: uppercase; letter-spacing: 2px;\">d\u00e1 um look simples e aut\u00eantico \u00e0 tua casa<\/p>\n<p>&nbsp;<\/p>","protected":false},"excerpt":{"rendered":"<p><span style=\"font-size: 15px; line-height: 5px; color: grey;\"><strong><br \/>\n<i class=\"fas fa-minus\"><\/i>\u00a0 Finition <\/strong>Mat<br \/>\n<strong><i class=\"fas fa-minus\"><\/i>\u00a0 Application <\/strong>Pavimento \/ Revestimento<strong><br \/>\n<i class=\"fas fa-minus\"><\/i>\u00a0 \u00c9paisseur<\/strong> 8\u202fmm \/ 7 mm\u00a0<strong><br \/>\n<i class=\"fas fa-minus\"><\/i>\u00a0 Formats <\/strong>60 x 120 \/ 90 x 90 \/ 60 x 60<br \/>\n<strong><i class=\"fas fa-minus\"><\/i>\u00a0 Tipologia <\/strong>Gr\u00e9s Porcel\u00e2nico Vidrado<\/span><\/p>","protected":false},"featured_media":26366,"template":"","meta":{"_acf_changed":false},"product_brand":[469],"product_cat":[180],"product_tag":[242,243],"class_list":{"0":"post-26356","1":"product","2":"type-product","3":"status-publish","4":"has-post-thumbnail","6":"product_brand-gresart","7":"product_cat-pavimento-revestimento","8":"product_tag-pavimento","9":"product_tag-revestimento","10":"pa_cor-cream-ground","11":"pa_cor-sense_beige","12":"pa_cor-cimento","13":"pa_cor-white-2","14":"pa_cor-fog-anarchic","15":"pa_cor-white","16":"pa_cor-dark_linea","17":"pa_cor-cinza_linea","18":"pa_marca-gresart","19":"pa_material-gres-porcelanico-vidrado","20":"pa_tamanho-60-x-60","21":"pa_tamanho-60-x-120","22":"pa_tamanho-90-x-90","24":"first","25":"instock","26":"shipping-taxable","27":"purchasable","28":"product-type-variable","29":"has-default-attributes"},"acf":[],"_links":{"self":[{"href":"https:\/\/andradepimenta.com\/fr\/wp-json\/wp\/v2\/product\/26356","targetHints":{"allow":["GET"]}}],"collection":[{"href":"https:\/\/andradepimenta.com\/fr\/wp-json\/wp\/v2\/product"}],"about":[{"href":"https:\/\/andradepimenta.com\/fr\/wp-json\/wp\/v2\/types\/product"}],"wp:featuredmedia":[{"embeddable":true,"href":"https:\/\/andradepimenta.com\/fr\/wp-json\/wp\/v2\/media\/26366"}],"wp:attachment":[{"href":"https:\/\/andradepimenta.com\/fr\/wp-json\/wp\/v2\/media?parent=26356"}],"wp:term":[{"taxonomy":"product_brand","embeddable":true,"href":"https:\/\/andradepimenta.com\/fr\/wp-json\/wp\/v2\/product_brand?post=26356"},{"taxonomy":"product_cat","embeddable":true,"href":"https:\/\/andradepimenta.com\/fr\/wp-json\/wp\/v2\/product_cat?post=26356"},{"taxonomy":"product_tag","embeddable":true,"href":"https:\/\/andradepimenta.com\/fr\/wp-json\/wp\/v2\/product_tag?post=26356"}],"curies":[{"name":"wp","href":"https:\/\/api.w.org\/{rel}","templated":true}]}}