{"id":26475,"date":"2026-02-05T14:17:24","date_gmt":"2026-02-05T14:17:24","guid":{"rendered":"https:\/\/andradepimenta.com\/?post_type=product&#038;p=26475"},"modified":"2026-02-25T09:42:57","modified_gmt":"2026-02-25T09:42:57","slug":"linea_gresart","status":"publish","type":"product","link":"https:\/\/andradepimenta.com\/fr\/product\/linea_gresart\/","title":{"rendered":"LINEA"},"content":{"rendered":"<p><img decoding=\"async\" class=\"aligncenter\" style=\"width: 70%; height: 400px; object-fit: cover; object-position: bottom; display: block; margin: auto; padding-bottom: 10px; padding-top: 20px;\" src=\"https:\/\/andradepimenta.com\/wp-content\/uploads\/2026\/02\/andrade_pimenta_linea_gresart-1.webp\" alt=\"Linea Revestimento Andrade Pimenta\" \/><\/p>\n<p><img decoding=\"async\" class=\"alignleft\" style=\"width: 239px; height: 239px; object-fit: cover; display: block; margin: auto;\" src=\"https:\/\/andradepimenta.com\/wp-content\/uploads\/2026\/02\/andrade_pimenta_linea_gresart_4.webp\" alt=\"Linea Revestimento Andrade Pimenta\" \/><\/p>\n<p class=\"teste\" style=\"max-width: 80%; padding-bottom: 40px;\">A gama <strong>Linea<\/strong> da Gresart destaca-se pelo seu efeito linear e natural, ideal para revestir muros e fachadas com car\u00e1cter contempor\u00e2neo. Um revestimento que alia est\u00e9tica e durabilidade, valorizando a arquitetura exterior com equil\u00edbrio e sobriedade.<\/p>\n<h3>Define Espa\u00e7os<\/h3>\n<p class=\"legenda\" style=\"font-size: 12px; text-transform: uppercase; letter-spacing: 2px;\">com Texturas lineares que conferem ritmo e profundidade<\/p>\n<p>&nbsp;<\/p>","protected":false},"excerpt":{"rendered":"<p><span style=\"font-size: 15px; line-height: 5px; color: grey;\"><strong><br \/>\n<i class=\"fas fa-minus\"><\/i>\u00a0 Finition <\/strong>Mat<br \/>\n<strong><i class=\"fas fa-minus\"><\/i>\u00a0 Application <\/strong>Carrelage mural<strong><br \/>\n<i class=\"fas fa-minus\"><\/i>\u00a0 \u00c9paisseur<\/strong> 9,5 mm\u00a0<strong><br \/>\n<i class=\"fas fa-minus\"><\/i>\u00a0 Formats <\/strong>33 x 47<br \/>\n<strong><i class=\"fas fa-minus\"><\/i>\u00a0 Tipologia <\/strong>Gr\u00e9s Porcel\u00e2nico Vidrado<\/span><\/p>","protected":false},"featured_media":26472,"template":"","meta":{"_acf_changed":false},"product_brand":[469],"product_cat":[180],"product_tag":[243],"class_list":{"0":"post-26475","1":"product","2":"type-product","3":"status-publish","4":"has-post-thumbnail","6":"product_brand-gresart","7":"product_cat-pavimento-revestimento","8":"product_tag-revestimento","9":"pa_cor-vintage","10":"pa_cor-slate","11":"pa_cor-multicolor","12":"pa_cor-dark_linea","13":"pa_cor-cinza_linea","14":"pa_cor-antracite_linea","15":"pa_cor-pedra_andrade_pimenta","16":"pa_cor-decorado","17":"pa_marca-gresart","18":"pa_material-gres-porcelanico-vidrado","19":"pa_tamanho-33-x-47","21":"first","22":"instock","23":"shipping-taxable","24":"purchasable","25":"product-type-variable","26":"has-default-attributes"},"acf":[],"_links":{"self":[{"href":"https:\/\/andradepimenta.com\/fr\/wp-json\/wp\/v2\/product\/26475","targetHints":{"allow":["GET"]}}],"collection":[{"href":"https:\/\/andradepimenta.com\/fr\/wp-json\/wp\/v2\/product"}],"about":[{"href":"https:\/\/andradepimenta.com\/fr\/wp-json\/wp\/v2\/types\/product"}],"wp:featuredmedia":[{"embeddable":true,"href":"https:\/\/andradepimenta.com\/fr\/wp-json\/wp\/v2\/media\/26472"}],"wp:attachment":[{"href":"https:\/\/andradepimenta.com\/fr\/wp-json\/wp\/v2\/media?parent=26475"}],"wp:term":[{"taxonomy":"product_brand","embeddable":true,"href":"https:\/\/andradepimenta.com\/fr\/wp-json\/wp\/v2\/product_brand?post=26475"},{"taxonomy":"product_cat","embeddable":true,"href":"https:\/\/andradepimenta.com\/fr\/wp-json\/wp\/v2\/product_cat?post=26475"},{"taxonomy":"product_tag","embeddable":true,"href":"https:\/\/andradepimenta.com\/fr\/wp-json\/wp\/v2\/product_tag?post=26475"}],"curies":[{"name":"wp","href":"https:\/\/api.w.org\/{rel}","templated":true}]}}