{"id":26496,"date":"2026-02-05T14:39:26","date_gmt":"2026-02-05T14:39:26","guid":{"rendered":"https:\/\/andradepimenta.com\/?post_type=product&#038;p=26496"},"modified":"2026-02-25T11:01:55","modified_gmt":"2026-02-25T11:01:55","slug":"beton_gresart","status":"publish","type":"product","link":"https:\/\/andradepimenta.com\/fr\/product\/beton_gresart\/","title":{"rendered":"BETON"},"content":{"rendered":"<p><img decoding=\"async\" class=\"aligncenter\" style=\"width: 70%; height: 400px; object-fit: cover; object-position: bottom; display: block; margin: auto; padding-bottom: 10px; padding-top: 20px;\" src=\"https:\/\/andradepimenta.com\/wp-content\/uploads\/2026\/02\/andrade_pimenta_beton_gresart-1.webp\" \/><\/p>\n<p style=\"margin-top: 0px; margin-bottom: 28.26px; outline: 0px; letter-spacing: 0.1px;\"><img decoding=\"async\" class=\"alignleft\" style=\"height: 276px; margin: auto; outline: 0px; display: block; letter-spacing: 0.1px; width: 276px; object-fit: cover;\" src=\"https:\/\/andradepimenta.com\/wp-content\/uploads\/2026\/02\/andrade_pimenta_beton_gresart_7.webp\" alt=\"Beton Pavimento e Revestimento Andrade Pimenta\" \/><\/p>\n<p style=\"text-align: left;\">Requinte e um efeito natural com a gama <strong>Beton<\/strong> da Gresart. As pe\u00e7as cer\u00e2micas reproduzem, com grande grau de realismo, um cimento com marcas do tempo, mantendo caracter\u00edsticas est\u00e9ticas e de resist\u00eancia imut\u00e1veis da cer\u00e2mica.<br \/>\nPara toque decorativo especial, esta cole\u00e7\u00e3o tamb\u00e9m tem dispon\u00edvel uma decora\u00e7\u00e3o em formato hidr\u00e1ulico.<\/p>\n<h3><\/h3>\n<h3>Moderno &amp; Minimalista<\/h3>\n<p class=\"legenda\" style=\"font-size: 12px; text-transform: uppercase; letter-spacing: 2px;\">As marcas do tempo numa s\u00f3 cole\u00e7\u00e3o<\/p>\n<p>&nbsp;<\/p>","protected":false},"excerpt":{"rendered":"<p><span style=\"font-size: 15px; line-height: 5px; color: grey;\"><strong><br \/>\n<i class=\"fas fa-minus\"><\/i>\u00a0 Finition <\/strong>Antiderrapante \/ Mate<br \/>\n<strong><i class=\"fas fa-minus\"><\/i>\u00a0 Application <\/strong>Pavimento \/ Revestimento<strong><br \/>\n<i class=\"fas fa-minus\"><\/i>\u00a0 \u00c9paisseur<\/strong> 8\u202fmm \/ 7 mm\u00a0<strong><br \/>\n<i class=\"fas fa-minus\"><\/i>\u00a0 Formats <\/strong>60 x 120 \/\u00a0 60 x 60<br \/>\n<strong><i class=\"fas fa-minus\"><\/i>\u00a0 Tipologia <\/strong>Gr\u00e9s Porcel\u00e2nico Vidrado<\/span><\/p>","protected":false},"featured_media":26521,"template":"","meta":{"_acf_changed":false},"product_brand":[469],"product_cat":[180],"product_tag":[243,242],"class_list":{"0":"post-26496","1":"product","2":"type-product","3":"status-publish","4":"has-post-thumbnail","6":"product_brand-gresart","7":"product_cat-pavimento-revestimento","8":"product_tag-revestimento","9":"product_tag-pavimento","10":"pa_cor-decorado","11":"pa_cor-white-2","12":"pa_cor-fog-anarchic","13":"pa_cor-cinza_linea","14":"pa_cor-white","15":"pa_cor-hidraulico","16":"pa_cor-cimento","17":"pa_marca-gresart","18":"pa_material-gres-porcelanico-vidrado","19":"pa_tamanho-60-x-60","20":"pa_tamanho-60-x-120","22":"first","23":"instock","24":"shipping-taxable","25":"purchasable","26":"product-type-variable","27":"has-default-attributes"},"acf":[],"_links":{"self":[{"href":"https:\/\/andradepimenta.com\/fr\/wp-json\/wp\/v2\/product\/26496","targetHints":{"allow":["GET"]}}],"collection":[{"href":"https:\/\/andradepimenta.com\/fr\/wp-json\/wp\/v2\/product"}],"about":[{"href":"https:\/\/andradepimenta.com\/fr\/wp-json\/wp\/v2\/types\/product"}],"wp:featuredmedia":[{"embeddable":true,"href":"https:\/\/andradepimenta.com\/fr\/wp-json\/wp\/v2\/media\/26521"}],"wp:attachment":[{"href":"https:\/\/andradepimenta.com\/fr\/wp-json\/wp\/v2\/media?parent=26496"}],"wp:term":[{"taxonomy":"product_brand","embeddable":true,"href":"https:\/\/andradepimenta.com\/fr\/wp-json\/wp\/v2\/product_brand?post=26496"},{"taxonomy":"product_cat","embeddable":true,"href":"https:\/\/andradepimenta.com\/fr\/wp-json\/wp\/v2\/product_cat?post=26496"},{"taxonomy":"product_tag","embeddable":true,"href":"https:\/\/andradepimenta.com\/fr\/wp-json\/wp\/v2\/product_tag?post=26496"}],"curies":[{"name":"wp","href":"https:\/\/api.w.org\/{rel}","templated":true}]}}