{"id":26535,"date":"2026-02-06T14:58:53","date_gmt":"2026-02-06T14:58:53","guid":{"rendered":"https:\/\/andradepimenta.com\/?post_type=product&#038;p=26535"},"modified":"2026-03-09T11:22:29","modified_gmt":"2026-03-09T11:22:29","slug":"ground-love","status":"publish","type":"product","link":"https:\/\/andradepimenta.com\/fr\/product\/ground-love\/","title":{"rendered":"GROUND"},"content":{"rendered":"<p><img decoding=\"async\" class=\"aligncenter\" style=\"width: 70%; height: 400px; object-fit: cover; object-position: bottom; display: block; margin: auto; padding-bottom: 10px; padding-top: 20px;\" src=\"https:\/\/andradepimenta.com\/wp-content\/uploads\/2026\/02\/Andrade_pimenta_love_ground.webp\" \/><\/p>\n<p>&nbsp;<\/p>\n<p style=\"margin-top: 0px; margin-bottom: 28.26px; outline: 0px; letter-spacing: 0.1px;\"><img decoding=\"async\" class=\"alignleft\" style=\"height: 247px; margin: auto; outline: 0px; display: block; letter-spacing: 0.1px; width: 247px; object-fit: cover;\" src=\"https:\/\/andradepimenta.com\/wp-content\/uploads\/2026\/02\/Andrade_pimenta_love_ground_4.webp\" alt=\"Ground Pavimento Andrade Pimenta\" \/><\/p>\n<p style=\"text-align: left;\">O pavimento <strong>Ground<\/strong> da Love Tiles cruza o grafismo do cimento com a base em cotto, unindo o car\u00e1cter urbano a uma express\u00e3o mais tradicional. Com inspira\u00e7\u00e3o nos ladrilhos hidr\u00e1ulicos, oferece um visual vintage moderno, vers\u00e1til e ideal para projetos personalizados, do r\u00fastico ao contempor\u00e2neo.<\/p>\n<h3><\/h3>\n<h3>Urbano &amp; Tradicional<\/h3>\n<p class=\"legenda\" style=\"font-size: 12px; text-transform: uppercase; letter-spacing: 2px;\">acabamento ligeiramente acetinado, confere um toque suave<\/p>\n<p>&nbsp;<\/p>","protected":false},"excerpt":{"rendered":"<p><span style=\"font-size: 15px; line-height: 5px; color: grey;\"><strong><br \/>\n<i class=\"fas fa-minus\"><\/i>\u00a0 Finition <\/strong>Antiderrapante<br \/>\n<strong><i class=\"fas fa-minus\"><\/i>\u00a0 Application <\/strong>Sol<strong><br \/>\n<i class=\"fas fa-minus\"><\/i>\u00a0 \u00c9paisseur<\/strong> 20 mm\u00a0<strong><br \/>\n<i class=\"fas fa-minus\"><\/i>\u00a0 Formats <\/strong>60 x 60 \/\u00a0 60 x 90<br \/>\n<strong><i class=\"fas fa-minus\"><\/i>\u00a0 Tipologia <\/strong>Porcel\u00e2nico Esmaltado<\/span><\/p>","protected":false},"featured_media":26530,"template":"","meta":{"_acf_changed":false},"product_brand":[502],"product_cat":[180],"product_tag":[242],"class_list":{"0":"post-26535","1":"product","2":"type-product","3":"status-publish","4":"has-post-thumbnail","6":"product_brand-love","7":"product_cat-pavimento-revestimento","8":"product_tag-pavimento","9":"pa_cor-sense_light_grey","10":"pa_cor-wooden_tortor","11":"pa_cor-oak_cream","12":"pa_cor-grey-ground","13":"pa_marca-love-tiles","14":"pa_material-porcelanico-esmaltado","15":"pa_tamanho-60-x-90","16":"pa_tamanho-60-x-60","18":"first","19":"instock","20":"shipping-taxable","21":"purchasable","22":"product-type-variable","23":"has-default-attributes"},"acf":[],"_links":{"self":[{"href":"https:\/\/andradepimenta.com\/fr\/wp-json\/wp\/v2\/product\/26535","targetHints":{"allow":["GET"]}}],"collection":[{"href":"https:\/\/andradepimenta.com\/fr\/wp-json\/wp\/v2\/product"}],"about":[{"href":"https:\/\/andradepimenta.com\/fr\/wp-json\/wp\/v2\/types\/product"}],"wp:featuredmedia":[{"embeddable":true,"href":"https:\/\/andradepimenta.com\/fr\/wp-json\/wp\/v2\/media\/26530"}],"wp:attachment":[{"href":"https:\/\/andradepimenta.com\/fr\/wp-json\/wp\/v2\/media?parent=26535"}],"wp:term":[{"taxonomy":"product_brand","embeddable":true,"href":"https:\/\/andradepimenta.com\/fr\/wp-json\/wp\/v2\/product_brand?post=26535"},{"taxonomy":"product_cat","embeddable":true,"href":"https:\/\/andradepimenta.com\/fr\/wp-json\/wp\/v2\/product_cat?post=26535"},{"taxonomy":"product_tag","embeddable":true,"href":"https:\/\/andradepimenta.com\/fr\/wp-json\/wp\/v2\/product_tag?post=26535"}],"curies":[{"name":"wp","href":"https:\/\/api.w.org\/{rel}","templated":true}]}}