{"id":26597,"date":"2026-02-12T10:35:45","date_gmt":"2026-02-12T10:35:45","guid":{"rendered":"https:\/\/andradepimenta.com\/?post_type=product&#038;p=26597"},"modified":"2026-02-25T11:03:51","modified_gmt":"2026-02-25T11:03:51","slug":"sense_love","status":"publish","type":"product","link":"https:\/\/andradepimenta.com\/fr\/product\/sense_love\/","title":{"rendered":"SENSE"},"content":{"rendered":"<p><img decoding=\"async\" class=\"aligncenter\" style=\"width: 70%; height: 400px; object-fit: cover; object-position: bottom; display: block; margin: auto; padding-bottom: 10px; padding-top: 20px;\" src=\"https:\/\/andradepimenta.com\/wp-content\/uploads\/2026\/02\/Andrade_pimenta_love_sense.webp\" \/><\/p>\n<p>&nbsp;<\/p>\n<p><img decoding=\"async\" class=\"alignleft\" style=\"width: 220px; height: 220px; object-fit: cover; display: block; margin: auto;\" src=\"https:\/\/andradepimenta.com\/wp-content\/uploads\/2026\/02\/Andrade_pimenta_love_sense_4.webp\" \/><\/p>\n<p><strong>Sense<\/strong> \u00e9 uma cole\u00e7\u00e3o que nasce no pavimento e que evoluiu para o revestimento. A sua resist\u00eancia ao desgaste, durabilidade e resist\u00eancia consistente \u00e0 geada fazem desta pedra a rainha dos materiais de constru\u00e7\u00e3o.<\/p>\n<p>A delicadeza da sua superf\u00edcie equilibra a for\u00e7a do material e renova as op\u00e7\u00f5es para os ambientes internos e externos.<\/p>\n<h2><strong>Eleg\u00e2ncia da Pedra<\/strong><\/h2>\n<p class=\"legenda\" style=\"font-size: 12px; text-transform: uppercase; letter-spacing: 2px;\">Produzida em gr\u00e9s porcel\u00e2nico de pasta corada<\/p>\n<p>&nbsp;<\/p>\n<p>&nbsp;<\/p>","protected":false},"excerpt":{"rendered":"<p><span style=\"font-size: 15px; line-height: 5px; color: grey;\"><strong><br \/>\n<i class=\"fas fa-minus\"><\/i>\u00a0 Finition <\/strong>Mat<br \/>\n<strong><i class=\"fas fa-minus\"><\/i>\u00a0 Application <\/strong>Pavimento \/ Revestimento\u00a0<strong><br \/>\n<i class=\"fas fa-minus\"><\/i>\u00a0 \u00c9paisseur<\/strong> 8\u202fmm \/ 7 mm\u00a0<strong><br \/>\n<i class=\"fas fa-minus\"><\/i>\u00a0 Formats <\/strong>60 x 120 \/ 90 x 90 \/ 60 x 60<br \/>\n<strong><i class=\"fas fa-minus\"><\/i>\u00a0 Tipologia <\/strong>Porcel\u00e2nico Pasta Corada<\/span><\/p>","protected":false},"featured_media":26570,"template":"","meta":{"_acf_changed":false},"product_brand":[502],"product_cat":[180],"product_tag":[242,243],"class_list":{"0":"post-26597","1":"product","2":"type-product","3":"status-publish","4":"has-post-thumbnail","6":"product_brand-love","7":"product_cat-pavimento-revestimento","8":"product_tag-pavimento","9":"product_tag-revestimento","10":"pa_cor-mosaic_grey","11":"pa_cor-sense_grey","12":"pa_cor-bege","13":"pa_cor-sense_beige","14":"pa_cor-white-2","15":"pa_cor-cinza_linea","16":"pa_cor-light-grey-ground","17":"pa_cor-mosaico_andrade_pimenta","18":"pa_cor-cimento","19":"pa_cor-mosaic_beige","20":"pa_cor-white","21":"pa_cor-mosaic_white","22":"pa_cor-mosaic_light_grey","23":"pa_marca-love-tiles","24":"pa_material-porcelanico-pasta-corada","25":"pa_tamanho-60-x-60","26":"pa_tamanho-37-x-75","27":"pa_tamanho-35-x-100","29":"first","30":"instock","31":"shipping-taxable","32":"purchasable","33":"product-type-variable","34":"has-default-attributes"},"acf":[],"_links":{"self":[{"href":"https:\/\/andradepimenta.com\/fr\/wp-json\/wp\/v2\/product\/26597","targetHints":{"allow":["GET"]}}],"collection":[{"href":"https:\/\/andradepimenta.com\/fr\/wp-json\/wp\/v2\/product"}],"about":[{"href":"https:\/\/andradepimenta.com\/fr\/wp-json\/wp\/v2\/types\/product"}],"wp:featuredmedia":[{"embeddable":true,"href":"https:\/\/andradepimenta.com\/fr\/wp-json\/wp\/v2\/media\/26570"}],"wp:attachment":[{"href":"https:\/\/andradepimenta.com\/fr\/wp-json\/wp\/v2\/media?parent=26597"}],"wp:term":[{"taxonomy":"product_brand","embeddable":true,"href":"https:\/\/andradepimenta.com\/fr\/wp-json\/wp\/v2\/product_brand?post=26597"},{"taxonomy":"product_cat","embeddable":true,"href":"https:\/\/andradepimenta.com\/fr\/wp-json\/wp\/v2\/product_cat?post=26597"},{"taxonomy":"product_tag","embeddable":true,"href":"https:\/\/andradepimenta.com\/fr\/wp-json\/wp\/v2\/product_tag?post=26597"}],"curies":[{"name":"wp","href":"https:\/\/api.w.org\/{rel}","templated":true}]}}