{"id":26639,"date":"2026-02-12T16:57:20","date_gmt":"2026-02-12T16:57:20","guid":{"rendered":"https:\/\/andradepimenta.com\/?post_type=product&#038;p=26639"},"modified":"2026-02-25T11:29:08","modified_gmt":"2026-02-25T11:29:08","slug":"genesis-leaf","status":"publish","type":"product","link":"https:\/\/andradepimenta.com\/fr\/product\/genesis-leaf\/","title":{"rendered":"GENESIS Leaf"},"content":{"rendered":"<p><img decoding=\"async\" class=\"aligncenter\" style=\"width: 70%; height: 400px; object-fit: cover; object-position: bottom; display: block; margin: auto; padding-bottom: 10px; padding-top: 20px;\" src=\"https:\/\/andradepimenta.com\/wp-content\/uploads\/2026\/02\/Andrade_pimenta_love_genesis.webp\" \/><\/p>\n<p style=\"margin-top: 0px; margin-bottom: 28.26px; outline: 0px; letter-spacing: 0.1px;\"><img decoding=\"async\" class=\"alignleft\" style=\"height: 247px; margin: auto; outline: 0px; display: block; letter-spacing: 0.1px; width: 247px; object-fit: cover;\" src=\"https:\/\/andradepimenta.com\/wp-content\/uploads\/2026\/02\/Andrade_pimenta_Love_Genesis_Leaf_White-2.webp\" alt=\"Genesis Revestimento Andrade Pimenta\" \/><\/p>\n<p style=\"text-align: left;\">O revestimento <strong>Genesis <\/strong>da Love Tiles tem in\u00fameras variantes, destacamos o decorado <b>Leaf <\/b>que aproxima-nos dos padr\u00f5es mais ligados \u00e0 natureza. Cruza texturas e sensa\u00e7\u00f5es, os ambientes desta cole\u00e7\u00e3o trazem elementos terrenos e sensoriais.<\/p>\n<h3><\/h3>\n<h3>Textura das Folhas<\/h3>\n<p class=\"legenda\" style=\"font-size: 12px; text-transform: uppercase; letter-spacing: 2px;\">como base para o caminho da eleg\u00e2ncia<\/p>\n<p>&nbsp;<\/p>","protected":false},"excerpt":{"rendered":"<p><span style=\"font-size: 15px; line-height: 5px; color: grey;\"><strong><br \/>\n<i class=\"fas fa-minus\"><\/i>\u00a0 Finition <\/strong>Mat<br \/>\n<strong><i class=\"fas fa-minus\"><\/i>\u00a0 Application <\/strong>Carrelage mural<strong><br \/>\n<i class=\"fas fa-minus\"><\/i>\u00a0 \u00c9paisseur<\/strong> 7 \/ 8 mm\u00a0<strong><br \/>\n<i class=\"fas fa-minus\"><\/i>\u00a0 Formats <\/strong>60 x 60 \/\u00a0 60 x 90<br \/>\n<strong><i class=\"fas fa-minus\"><\/i>\u00a0 Tipologia <\/strong>Porcel\u00e2nico Esmaltado<\/span><\/p>","protected":false},"featured_media":26652,"template":"","meta":{"_acf_changed":false},"product_brand":[502],"product_cat":[180],"product_tag":[243],"class_list":{"0":"post-26639","1":"product","2":"type-product","3":"status-publish","4":"has-post-thumbnail","6":"product_brand-love","7":"product_cat-pavimento-revestimento","8":"product_tag-revestimento","9":"pa_cor-white","10":"pa_cor-leaf-white","11":"pa_cor-3d","12":"pa_cor-decorado","13":"pa_marca-love-tiles","14":"pa_material-monoporosa","15":"pa_tamanho-35-x-100","17":"first","18":"instock","19":"shipping-taxable","20":"purchasable","21":"product-type-variable","22":"has-default-attributes"},"acf":[],"_links":{"self":[{"href":"https:\/\/andradepimenta.com\/fr\/wp-json\/wp\/v2\/product\/26639","targetHints":{"allow":["GET"]}}],"collection":[{"href":"https:\/\/andradepimenta.com\/fr\/wp-json\/wp\/v2\/product"}],"about":[{"href":"https:\/\/andradepimenta.com\/fr\/wp-json\/wp\/v2\/types\/product"}],"wp:featuredmedia":[{"embeddable":true,"href":"https:\/\/andradepimenta.com\/fr\/wp-json\/wp\/v2\/media\/26652"}],"wp:attachment":[{"href":"https:\/\/andradepimenta.com\/fr\/wp-json\/wp\/v2\/media?parent=26639"}],"wp:term":[{"taxonomy":"product_brand","embeddable":true,"href":"https:\/\/andradepimenta.com\/fr\/wp-json\/wp\/v2\/product_brand?post=26639"},{"taxonomy":"product_cat","embeddable":true,"href":"https:\/\/andradepimenta.com\/fr\/wp-json\/wp\/v2\/product_cat?post=26639"},{"taxonomy":"product_tag","embeddable":true,"href":"https:\/\/andradepimenta.com\/fr\/wp-json\/wp\/v2\/product_tag?post=26639"}],"curies":[{"name":"wp","href":"https:\/\/api.w.org\/{rel}","templated":true}]}}