{"id":26655,"date":"2026-02-12T17:24:56","date_gmt":"2026-02-12T17:24:56","guid":{"rendered":"https:\/\/andradepimenta.com\/?post_type=product&#038;p=26655"},"modified":"2026-02-25T11:34:06","modified_gmt":"2026-02-25T11:34:06","slug":"spotlight-love","status":"publish","type":"product","link":"https:\/\/andradepimenta.com\/fr\/product\/spotlight-love\/","title":{"rendered":"SPOTLIGHT"},"content":{"rendered":"<p><img decoding=\"async\" class=\"aligncenter\" style=\"width: 70%; height: 400px; object-fit: cover; object-position: bottom; display: block; margin: auto; padding-bottom: 10px; padding-top: 20px;\" src=\"https:\/\/andradepimenta.com\/wp-content\/uploads\/2026\/02\/Andrade_pimenta_love_spotlight.webp\" \/><\/p>\n<p>&nbsp;<\/p>\n<p style=\"margin-top: 0px; margin-bottom: 28.26px; outline: 0px; letter-spacing: 0.1px;\"><img decoding=\"async\" class=\"alignleft\" style=\"height: 274px; margin: auto; outline: 0px; display: block; letter-spacing: 0.1px; width: 274px; object-fit: cover;\" src=\"https:\/\/andradepimenta.com\/wp-content\/uploads\/2026\/02\/Andrade_pimenta_love_spotlight_5.webp\" alt=\"Spotlight Revestimento Andrade Pimenta\" \/><\/p>\n<p style=\"text-align: left;\">As cores suaves pastel da gama <strong>Spotlight<\/strong> s\u00e3o muito harmoniosas e adaptam-se facilmente aos espa\u00e7os, permitindo uma linguagem neutra, suave e tranquila. H\u00e1 aqui uma celebra\u00e7\u00e3o do design mais contempor\u00e2neo, pois a cole\u00e7\u00e3o oferece solu\u00e7\u00f5es decorativas, das mais intensas \u00e0s mais suaves, que animam os espa\u00e7os com movimento e texturas.<\/p>\n<h3><\/h3>\n<h3>Desperte a sua Imagina\u00e7\u00e3o<\/h3>\n<p class=\"legenda\" style=\"font-size: 12px; text-transform: uppercase; letter-spacing: 2px;\">com a cole\u00e7\u00e3o que vai iluminar o seu espa\u00e7o<\/p>\n<p>&nbsp;<\/p>\n<p>&nbsp;<\/p>","protected":false},"excerpt":{"rendered":"<p><span style=\"font-size: 15px; line-height: 5px; color: grey;\"><strong><br \/>\n<i class=\"fas fa-minus\"><\/i>\u00a0 Finition <\/strong>Mat<br \/>\n<strong><i class=\"fas fa-minus\"><\/i>\u00a0 Application <\/strong>Carrelage mural<strong><br \/>\n<i class=\"fas fa-minus\"><\/i>\u00a0 \u00c9paisseur<\/strong> 8 \/ 9 mm\u00a0<strong><br \/>\n<i class=\"fas fa-minus\"><\/i>\u00a0 Formats <\/strong>35 x 100 \/ 30 x 60<br \/>\n<strong><i class=\"fas fa-minus\"><\/i>\u00a0 Tipologia <\/strong>Porcel\u00e2nico Esmaltado<\/span><\/p>","protected":false},"featured_media":26658,"template":"","meta":{"_acf_changed":false},"product_brand":[502],"product_cat":[180],"product_tag":[243],"class_list":{"0":"post-26655","1":"product","2":"type-product","3":"status-publish","4":"has-post-thumbnail","6":"product_brand-love","7":"product_cat-pavimento-revestimento","8":"product_tag-revestimento","9":"pa_cor-spotlight_pink","10":"pa_cor-spotlight_green","11":"pa_cor-spotlight_blue","12":"pa_cor-white","13":"pa_cor-spotlight_dash","14":"pa_cor-cromatica_adrade_pimenta","15":"pa_cor-decorado","16":"pa_cor-spotlight_white","17":"pa_marca-love-tiles","18":"pa_material-monoporosa","19":"pa_tamanho-30-x-60","20":"pa_tamanho-35-x-100","22":"first","23":"instock","24":"shipping-taxable","25":"purchasable","26":"product-type-variable","27":"has-default-attributes"},"acf":[],"_links":{"self":[{"href":"https:\/\/andradepimenta.com\/fr\/wp-json\/wp\/v2\/product\/26655","targetHints":{"allow":["GET"]}}],"collection":[{"href":"https:\/\/andradepimenta.com\/fr\/wp-json\/wp\/v2\/product"}],"about":[{"href":"https:\/\/andradepimenta.com\/fr\/wp-json\/wp\/v2\/types\/product"}],"wp:featuredmedia":[{"embeddable":true,"href":"https:\/\/andradepimenta.com\/fr\/wp-json\/wp\/v2\/media\/26658"}],"wp:attachment":[{"href":"https:\/\/andradepimenta.com\/fr\/wp-json\/wp\/v2\/media?parent=26655"}],"wp:term":[{"taxonomy":"product_brand","embeddable":true,"href":"https:\/\/andradepimenta.com\/fr\/wp-json\/wp\/v2\/product_brand?post=26655"},{"taxonomy":"product_cat","embeddable":true,"href":"https:\/\/andradepimenta.com\/fr\/wp-json\/wp\/v2\/product_cat?post=26655"},{"taxonomy":"product_tag","embeddable":true,"href":"https:\/\/andradepimenta.com\/fr\/wp-json\/wp\/v2\/product_tag?post=26655"}],"curies":[{"name":"wp","href":"https:\/\/api.w.org\/{rel}","templated":true}]}}