{"id":26680,"date":"2026-02-12T17:45:29","date_gmt":"2026-02-12T17:45:29","guid":{"rendered":"https:\/\/andradepimenta.com\/?post_type=product&#038;p=26680"},"modified":"2026-02-25T12:20:36","modified_gmt":"2026-02-25T12:20:36","slug":"wooden-love","status":"publish","type":"product","link":"https:\/\/andradepimenta.com\/fr\/product\/wooden-love\/","title":{"rendered":"WOODEN"},"content":{"rendered":"<p><img decoding=\"async\" class=\"aligncenter\" style=\"width: 70%; height: 400px; object-fit: cover; object-position: bottom; display: block; margin: auto; padding-bottom: 10px; padding-top: 20px;\" src=\"https:\/\/andradepimenta.com\/wp-content\/uploads\/2026\/02\/Andrade_pimenta_love_wooden_33.webp\" \/><\/p>\n<p>&nbsp;<\/p>\n<p style=\"margin-top: 0px; margin-bottom: 28.26px; outline: 0px; letter-spacing: 0.1px;\"><img decoding=\"async\" class=\"alignleft\" style=\"width: 220px; height: 220px; object-fit: cover; display: block; margin: auto;\" src=\"https:\/\/andradepimenta.com\/wp-content\/uploads\/2026\/02\/Andrade_pimenta_love_wooden_4.webp\" alt=\"Wooden Pavimento Andrade Pimenta\" \/><\/p>\n<p class=\"teste\" style=\"max-width: 80%; padding-bottom: 40px;\"><strong>Wooden<\/strong> \u00e9 muito mais que uma simples interpreta\u00e7\u00e3o da madeira. Esta cole\u00e7\u00e3o apresenta a eros\u00e3o do tempo, atrav\u00e9s do conforto proporcionado pela madeira, faz perdurar o aspeto da natureza no interior da sua casa.<\/p>\n<h3><span style=\"color: #232a34; font-family: 'Hind Madurai', sans-serif; font-size: 34.992px; font-weight: 600; letter-spacing: normal;\">Vivido &amp; Realista<\/span><\/h3>\n<p class=\"legenda\" style=\"font-size: 12px; text-transform: uppercase; letter-spacing: 2px;\">em cada detalhe presente nas pe\u00e7as cer\u00e2micas<\/p>\n<p>&nbsp;<\/p>","protected":false},"excerpt":{"rendered":"<p><span style=\"font-size: 15px; line-height: 5px; color: grey;\"><strong><br \/>\n<i class=\"fas fa-minus\"><\/i>\u00a0 Finition <\/strong>Antiderrapante \/ Mate<br \/>\n<strong><i class=\"fas fa-minus\"><\/i>\u00a0 Application <\/strong>Pavimento \/ Revestimento<strong><br \/>\n<i class=\"fas fa-minus\"><\/i>\u00a0 \u00c9paisseur<\/strong> 8 \/ 20 mm<strong><br \/>\n<i class=\"fas fa-minus\"><\/i>\u00a0 Formats <\/strong>20 x 100 \/ 40 x 120<br \/>\n<strong><i class=\"fas fa-minus\"><\/i>\u00a0 Tipologia <\/strong>Porcel\u00e2nico Esmaltado<\/span><\/p>","protected":false},"featured_media":26679,"template":"","meta":{"_acf_changed":false},"product_brand":[502],"product_cat":[180],"product_tag":[243,242],"class_list":{"0":"post-26680","1":"product","2":"type-product","3":"status-publish","4":"has-post-thumbnail","6":"product_brand-love","7":"product_cat-pavimento-revestimento","8":"product_tag-revestimento","9":"product_tag-pavimento","10":"pa_cor-bege","11":"pa_cor-madeira","12":"pa_cor-brown","13":"pa_cor-wooden_dark_beige","14":"pa_cor-wooden_light_beige","15":"pa_cor-wooden_tortor","16":"pa_marca-love-tiles","17":"pa_material-porcelanico-esmaltado","18":"pa_tamanho-20-x-100","19":"pa_tamanho-40-x-120","21":"first","22":"instock","23":"shipping-taxable","24":"purchasable","25":"product-type-variable","26":"has-default-attributes"},"acf":[],"_links":{"self":[{"href":"https:\/\/andradepimenta.com\/fr\/wp-json\/wp\/v2\/product\/26680","targetHints":{"allow":["GET"]}}],"collection":[{"href":"https:\/\/andradepimenta.com\/fr\/wp-json\/wp\/v2\/product"}],"about":[{"href":"https:\/\/andradepimenta.com\/fr\/wp-json\/wp\/v2\/types\/product"}],"wp:featuredmedia":[{"embeddable":true,"href":"https:\/\/andradepimenta.com\/fr\/wp-json\/wp\/v2\/media\/26679"}],"wp:attachment":[{"href":"https:\/\/andradepimenta.com\/fr\/wp-json\/wp\/v2\/media?parent=26680"}],"wp:term":[{"taxonomy":"product_brand","embeddable":true,"href":"https:\/\/andradepimenta.com\/fr\/wp-json\/wp\/v2\/product_brand?post=26680"},{"taxonomy":"product_cat","embeddable":true,"href":"https:\/\/andradepimenta.com\/fr\/wp-json\/wp\/v2\/product_cat?post=26680"},{"taxonomy":"product_tag","embeddable":true,"href":"https:\/\/andradepimenta.com\/fr\/wp-json\/wp\/v2\/product_tag?post=26680"}],"curies":[{"name":"wp","href":"https:\/\/api.w.org\/{rel}","templated":true}]}}