{"id":27088,"date":"2026-03-02T12:20:53","date_gmt":"2026-03-02T12:20:53","guid":{"rendered":"https:\/\/andradepimenta.com\/?post_type=product&#038;p=27088"},"modified":"2026-03-05T12:21:31","modified_gmt":"2026-03-05T12:21:31","slug":"zurique-lavatorio","status":"publish","type":"product","link":"https:\/\/andradepimenta.com\/fr\/product\/zurique-lavatorio\/","title":{"rendered":"ZURIQUE Lavat\u00f3rio"},"content":{"rendered":"<p>&nbsp;<\/p>\n<p><img decoding=\"async\" class=\"alignleft\" style=\"width: 300px; height: 300px; object-fit: cover; display: block; margin: auto;\" src=\"https:\/\/andradepimenta.com\/wp-content\/uploads\/2026\/03\/andrade_pimenta_moovlux_lavatorio_zurique_1.webp\" alt=\"Zurique Moovlux Andrade Pimenta\" \/><\/p>\n<p class=\"teste\" style=\"max-width: 80%; padding-bottom: 40px;\">Lavat\u00f3rio Zurique da Moovlux<strong>\u00a0<\/strong>dans l\u2019outlet Andrade Pimenta. Cet article se distingue par son design sophistiqu\u00e9 et la d\u00e9licate transparence du verre textur\u00e9. Disponible maintenant \u00e0 un prix comp\u00e9titif \u2013 <strong><em>article d'exposition<\/em><\/strong>. Id\u00e9al pour innover dans vos projets.<\/p>\n<h3>Coup unique<\/h3>\n<p class=\"legenda\" style=\"font-size: 12px; text-transform: uppercase; letter-spacing: 2px;\">Eleg\u00e2ncia em vidro texturizado para casas de banho modernas<\/p>\n<p>&nbsp;<\/p>\n<p>&nbsp;<\/p>\n<p>&nbsp;<\/p>","protected":false},"excerpt":{"rendered":"<p><span style=\"font-size: 15px; line-height: 5px; color: grey;\"><strong><br \/>\n<i class=\"fas fa-minus\"><\/i>\u00a0 Mat\u00e9riel <\/strong>Vidro temperado texturizado de elevada resist\u00eancia<strong><br \/>\n<i class=\"fas fa-minus\"><\/i>\u00a0 Installation <\/strong>Poser sur le dessus<strong><br \/>\n<i class=\"fas fa-minus\"><\/i>\u00a0 Couleur <\/strong>Rosa transl\u00facido<strong><br \/>\n<i class=\"fas fa-minus\"><\/i> Dimensions <\/strong>40 \u00d7\u202f14\u202fcm (D x A)<br \/>\n<strong><i class=\"fas fa-minus\"><\/i>\u00a0 Prix <\/strong>TVA comprise<\/span><\/p>","protected":false},"featured_media":27071,"template":"","meta":{"_acf_changed":false},"product_brand":[371],"product_cat":[175,231],"product_tag":[78],"class_list":{"0":"post-27088","1":"product","2":"type-product","3":"status-publish","4":"has-post-thumbnail","6":"product_brand-moovlux","7":"product_cat-lavatorios","8":"product_cat-outlet","9":"product_tag-lavatorios","10":"pa_cor-rosa","11":"pa_marca-moovlux","12":"pa_material-vidro-temperado","14":"first","15":"instock","16":"sale","17":"shipping-taxable","18":"purchasable","19":"product-type-variable","20":"has-default-attributes"},"acf":[],"_links":{"self":[{"href":"https:\/\/andradepimenta.com\/fr\/wp-json\/wp\/v2\/product\/27088","targetHints":{"allow":["GET"]}}],"collection":[{"href":"https:\/\/andradepimenta.com\/fr\/wp-json\/wp\/v2\/product"}],"about":[{"href":"https:\/\/andradepimenta.com\/fr\/wp-json\/wp\/v2\/types\/product"}],"wp:featuredmedia":[{"embeddable":true,"href":"https:\/\/andradepimenta.com\/fr\/wp-json\/wp\/v2\/media\/27071"}],"wp:attachment":[{"href":"https:\/\/andradepimenta.com\/fr\/wp-json\/wp\/v2\/media?parent=27088"}],"wp:term":[{"taxonomy":"product_brand","embeddable":true,"href":"https:\/\/andradepimenta.com\/fr\/wp-json\/wp\/v2\/product_brand?post=27088"},{"taxonomy":"product_cat","embeddable":true,"href":"https:\/\/andradepimenta.com\/fr\/wp-json\/wp\/v2\/product_cat?post=27088"},{"taxonomy":"product_tag","embeddable":true,"href":"https:\/\/andradepimenta.com\/fr\/wp-json\/wp\/v2\/product_tag?post=27088"}],"curies":[{"name":"wp","href":"https:\/\/api.w.org\/{rel}","templated":true}]}}