{"id":27174,"date":"2026-03-02T15:59:17","date_gmt":"2026-03-02T15:59:17","guid":{"rendered":"https:\/\/andradepimenta.com\/?post_type=product&#038;p=27174"},"modified":"2026-03-03T10:17:54","modified_gmt":"2026-03-03T10:17:54","slug":"tabit-gold","status":"publish","type":"product","link":"https:\/\/andradepimenta.com\/fr\/product\/tabit-gold\/","title":{"rendered":"TABIT Gold"},"content":{"rendered":"<p>&nbsp;<\/p>\n<p><img decoding=\"async\" class=\"alignleft\" style=\"width: 300px; height: 300px; object-fit: cover; display: block; margin: auto;\" src=\"https:\/\/andradepimenta.com\/wp-content\/uploads\/2026\/03\/Andrade_pimenta_stn_tabit_gold_3.webp\" alt=\"Tabit Gold STN Andrade Pimenta\" \/><\/p>\n<p class=\"teste\" style=\"max-width: 80%; padding-bottom: 40px;\">Pi\u00e8ce <strong>Tabit Gold<\/strong> de <strong>STN <\/strong>dans la boutique Andrade Pimenta. Maintenant \u00e0 un prix comp\u00e9titif,<strong><em> limit\u00e9 au stock existant<\/em><\/strong>. Ideal para projetos contempor\u00e2neos que valorizam sofistica\u00e7\u00e3o e durabilidade.<\/p>\n<h3>Revestimento \u00danico<\/h3>\n<p class=\"legenda\" style=\"font-size: 12px; text-transform: uppercase; letter-spacing: 2px;\">detalhes em m\u00e1rmore e dourado<\/p>\n<p>&nbsp;<\/p>\n<p>&nbsp;<\/p>\n<p>&nbsp;<\/p>","protected":false},"excerpt":{"rendered":"<p><span style=\"font-size: 15px; line-height: 5px; color: grey;\"><strong><br \/>\n<i class=\"fas fa-minus\"><\/i>\u00a0 Type<\/strong>\u00a0Carrelage mural<strong><br \/>\n<i class=\"fas fa-minus\"><\/i>\u00a0 Finition <\/strong>Satinado<strong><br \/>\n<\/strong><strong><i class=\"fas fa-minus\"><\/i>\u00a0 Format <\/strong>33&#215;100<br \/>\n<strong><i class=\"fas fa-minus\"><\/i>\u00a0 Prix <\/strong>TVA comprise<\/span><\/p>","protected":false},"featured_media":27178,"template":"","meta":{"_acf_changed":false},"product_brand":[547],"product_cat":[180,231],"product_tag":[243],"class_list":{"0":"post-27174","1":"product","2":"type-product","3":"status-publish","4":"has-post-thumbnail","6":"product_brand-stn","7":"product_cat-pavimento-revestimento","8":"product_cat-outlet","9":"product_tag-revestimento","10":"pa_cor-decorado","11":"pa_cor-tabit-gold","12":"pa_marca-stn","13":"pa_material-gres-porcelanico-vidrado","14":"pa_tamanho-33-x-100","16":"first","17":"instock","18":"sale","19":"shipping-taxable","20":"purchasable","21":"product-type-variable","22":"has-default-attributes"},"acf":[],"_links":{"self":[{"href":"https:\/\/andradepimenta.com\/fr\/wp-json\/wp\/v2\/product\/27174","targetHints":{"allow":["GET"]}}],"collection":[{"href":"https:\/\/andradepimenta.com\/fr\/wp-json\/wp\/v2\/product"}],"about":[{"href":"https:\/\/andradepimenta.com\/fr\/wp-json\/wp\/v2\/types\/product"}],"wp:featuredmedia":[{"embeddable":true,"href":"https:\/\/andradepimenta.com\/fr\/wp-json\/wp\/v2\/media\/27178"}],"wp:attachment":[{"href":"https:\/\/andradepimenta.com\/fr\/wp-json\/wp\/v2\/media?parent=27174"}],"wp:term":[{"taxonomy":"product_brand","embeddable":true,"href":"https:\/\/andradepimenta.com\/fr\/wp-json\/wp\/v2\/product_brand?post=27174"},{"taxonomy":"product_cat","embeddable":true,"href":"https:\/\/andradepimenta.com\/fr\/wp-json\/wp\/v2\/product_cat?post=27174"},{"taxonomy":"product_tag","embeddable":true,"href":"https:\/\/andradepimenta.com\/fr\/wp-json\/wp\/v2\/product_tag?post=27174"}],"curies":[{"name":"wp","href":"https:\/\/api.w.org\/{rel}","templated":true}]}}