{"id":27202,"date":"2026-03-02T16:44:50","date_gmt":"2026-03-02T16:44:50","guid":{"rendered":"https:\/\/andradepimenta.com\/?post_type=product&#038;p=27202"},"modified":"2026-03-03T10:18:24","modified_gmt":"2026-03-03T10:18:24","slug":"stardust-oxide-lapado","status":"publish","type":"product","link":"https:\/\/andradepimenta.com\/fr\/produit\/stardust-oxide-lapado\/","title":{"rendered":"STARDUST Oxide Lapado"},"content":{"rendered":"<p>&nbsp;<\/p>\n<p><img decoding=\"async\" class=\"alignleft\" style=\"width: 300px; height: 300px; object-fit: cover; display: block; margin: auto;\" src=\"https:\/\/andradepimenta.com\/wp-content\/uploads\/2026\/03\/Andrade_pimenta_stardust_oxid_lapado_1.webp\" alt=\"Stardust Oxide Fanal Andrade Pimenta\" \/><\/p>\n<p class=\"teste\" style=\"max-width: 80%; padding-bottom: 40px;\">Pi\u00e8ce <strong>Stardust Oxide <\/strong>de <strong>Fanal <\/strong>dans la boutique Andrade Pimenta. Maintenant \u00e0 un prix comp\u00e9titif,<strong><em> limit\u00e9 au stock existant<\/em><\/strong>. Ideal para projetos contempor\u00e2neos que valorizam sofistica\u00e7\u00e3o e durabilidade.<\/p>\n<h3>Transformez votre maison<\/h3>\n<p class=\"legenda\" style=\"font-size: 12px; text-transform: uppercase; letter-spacing: 2px;\">detalhes \u00fanicos<\/p>\n<p>&nbsp;<\/p>\n<p>&nbsp;<\/p>\n<p>&nbsp;<\/p>","protected":false},"excerpt":{"rendered":"<p><span style=\"font-size: 15px; line-height: 5px; color: grey;\"><strong><br \/>\n<i class=\"fas fa-minus\"><\/i>\u00a0 Type<\/strong> Sol &amp; Carrelage mural<strong><br \/>\n<i class=\"fas fa-minus\"><\/i>\u00a0 Finition <\/strong>Lapado<strong><br \/>\n<\/strong><strong><i class=\"fas fa-minus\"><\/i>\u00a0 Format <\/strong>90&#215;90 cm<br \/>\n<strong><i class=\"fas fa-minus\"><\/i>\u00a0 Prix <\/strong>TVA comprise<\/span><\/p>","protected":false},"featured_media":27218,"template":"","meta":{"_acf_changed":false},"product_brand":[550],"product_cat":[180,231],"product_tag":[242,243],"class_list":{"0":"post-27202","1":"product","2":"type-product","3":"status-publish","4":"has-post-thumbnail","6":"product_brand-fanal","7":"product_cat-pavimento-revestimento","8":"product_cat-outlet","9":"product_tag-pavimento","10":"product_tag-revestimento","11":"pa_cor-stardust","12":"pa_cor-metalico","13":"pa_marca-fanal","14":"pa_material-gres-porcelanico-vidrado","15":"pa_tamanho-90-x-90","17":"first","18":"instock","19":"sale","20":"shipping-taxable","21":"purchasable","22":"product-type-variable","23":"has-default-attributes"},"acf":[],"_links":{"self":[{"href":"https:\/\/andradepimenta.com\/fr\/wp-json\/wp\/v2\/product\/27202","targetHints":{"allow":["GET"]}}],"collection":[{"href":"https:\/\/andradepimenta.com\/fr\/wp-json\/wp\/v2\/product"}],"about":[{"href":"https:\/\/andradepimenta.com\/fr\/wp-json\/wp\/v2\/types\/product"}],"wp:featuredmedia":[{"embeddable":true,"href":"https:\/\/andradepimenta.com\/fr\/wp-json\/wp\/v2\/media\/27218"}],"wp:attachment":[{"href":"https:\/\/andradepimenta.com\/fr\/wp-json\/wp\/v2\/media?parent=27202"}],"wp:term":[{"taxonomy":"product_brand","embeddable":true,"href":"https:\/\/andradepimenta.com\/fr\/wp-json\/wp\/v2\/product_brand?post=27202"},{"taxonomy":"product_cat","embeddable":true,"href":"https:\/\/andradepimenta.com\/fr\/wp-json\/wp\/v2\/product_cat?post=27202"},{"taxonomy":"product_tag","embeddable":true,"href":"https:\/\/andradepimenta.com\/fr\/wp-json\/wp\/v2\/product_tag?post=27202"}],"curies":[{"name":"wp","href":"https:\/\/api.w.org\/{rel}","templated":true}]}}