{"id":27258,"date":"2026-03-03T10:04:38","date_gmt":"2026-03-03T10:04:38","guid":{"rendered":"https:\/\/andradepimenta.com\/?post_type=product&#038;p=27258"},"modified":"2026-03-03T10:18:36","modified_gmt":"2026-03-03T10:18:36","slug":"metalic-iron","status":"publish","type":"product","link":"https:\/\/andradepimenta.com\/fr\/product\/metalic-iron\/","title":{"rendered":"METALIC Iron"},"content":{"rendered":"<p>&nbsp;<\/p>\n<p><img decoding=\"async\" class=\"alignleft\" style=\"width: 300px; height: 300px; object-fit: cover; display: block; margin: auto;\" src=\"https:\/\/andradepimenta.com\/wp-content\/uploads\/2026\/03\/Andrade_pimenta_love_tiles_metallic_iron_3.webp\" alt=\"Metalic Iron Love Andrade Pimenta\" \/><\/p>\n<p class=\"teste\" style=\"max-width: 80%; padding-bottom: 40px;\">Pi\u00e8ce <strong>Metalic Iron <\/strong>de <strong>Love Tiles <\/strong>dans la boutique Andrade Pimenta. Maintenant \u00e0 un prix comp\u00e9titif,<strong><em> limit\u00e9 au stock existant<\/em><\/strong>. Id\u00e9al pour les projets d'int\u00e9rieur et d'ext\u00e9rieur qui privil\u00e9gient la sophistication et la durabilit\u00e9.<\/p>\n<h3>Transformez votre maison<\/h3>\n<p data-start=\"59\" data-end=\"142\"><span class=\"trx_addons_tiny_text\">L'aspect vieilli du m\u00e9tal associ\u00e9 \u00e0 la r\u00e9sistance du gr\u00e8s c\u00e9rame<\/span><\/p>\n<p>&nbsp;<\/p>\n<p>&nbsp;<\/p>\n<p>&nbsp;<\/p>","protected":false},"excerpt":{"rendered":"<p><span style=\"font-size: 15px; line-height: 5px; color: grey;\"><strong><br \/>\n<i class=\"fas fa-minus\"><\/i>\u00a0 Type<\/strong> Carrelage mural<strong><br \/>\n<i class=\"fas fa-minus\"><\/i>\u00a0 Mat\u00e9riel <\/strong>Gr\u00e8s c\u00e9rame \u00e9maill\u00e9<strong><br \/>\n<\/strong><strong><i class=\"fas fa-minus\"><\/i>\u00a0 Finition <\/strong>Mate estruturado<strong><br \/>\n<i class=\"fas fa-minus\"><\/i>\u00a0 Format <\/strong>30&#215;60 cm<br \/>\n<strong><i class=\"fas fa-minus\"><\/i>\u00a0 Prix <\/strong>TVA comprise<\/span><\/p>","protected":false},"featured_media":27263,"template":"","meta":{"_acf_changed":false},"product_brand":[502],"product_cat":[180,231],"product_tag":[242,243],"class_list":{"0":"post-27258","1":"product","2":"type-product","3":"status-publish","4":"has-post-thumbnail","6":"product_brand-love","7":"product_cat-pavimento-revestimento","8":"product_cat-outlet","9":"product_tag-pavimento","10":"product_tag-revestimento","11":"pa_cor-metalico","12":"pa_marca-love-tiles","13":"pa_material-gres-porcelanico-vidrado","14":"pa_tamanho-35-x-100","16":"first","17":"instock","18":"sale","19":"shipping-taxable","20":"purchasable","21":"product-type-variable","22":"has-default-attributes"},"acf":[],"_links":{"self":[{"href":"https:\/\/andradepimenta.com\/fr\/wp-json\/wp\/v2\/product\/27258","targetHints":{"allow":["GET"]}}],"collection":[{"href":"https:\/\/andradepimenta.com\/fr\/wp-json\/wp\/v2\/product"}],"about":[{"href":"https:\/\/andradepimenta.com\/fr\/wp-json\/wp\/v2\/types\/product"}],"wp:featuredmedia":[{"embeddable":true,"href":"https:\/\/andradepimenta.com\/fr\/wp-json\/wp\/v2\/media\/27263"}],"wp:attachment":[{"href":"https:\/\/andradepimenta.com\/fr\/wp-json\/wp\/v2\/media?parent=27258"}],"wp:term":[{"taxonomy":"product_brand","embeddable":true,"href":"https:\/\/andradepimenta.com\/fr\/wp-json\/wp\/v2\/product_brand?post=27258"},{"taxonomy":"product_cat","embeddable":true,"href":"https:\/\/andradepimenta.com\/fr\/wp-json\/wp\/v2\/product_cat?post=27258"},{"taxonomy":"product_tag","embeddable":true,"href":"https:\/\/andradepimenta.com\/fr\/wp-json\/wp\/v2\/product_tag?post=27258"}],"curies":[{"name":"wp","href":"https:\/\/api.w.org\/{rel}","templated":true}]}}