{"id":27291,"date":"2026-03-03T16:31:22","date_gmt":"2026-03-03T16:31:22","guid":{"rendered":"https:\/\/andradepimenta.com\/?post_type=product&#038;p=27291"},"modified":"2026-03-27T15:41:03","modified_gmt":"2026-03-27T15:41:03","slug":"sahara-areia","status":"publish","type":"product","link":"https:\/\/andradepimenta.com\/fr\/product\/sahara-areia\/","title":{"rendered":"SAHARA Areia"},"content":{"rendered":"<p>&nbsp;<\/p>\n<p><img decoding=\"async\" class=\"alignleft\" style=\"width: 300px; height: 300px; object-fit: cover; display: block; margin: auto;\" src=\"https:\/\/andradepimenta.com\/wp-content\/uploads\/2026\/03\/Andrade_pimenta_cliper_sahara_2.webp\" alt=\"Sahara Cliper Andrade Pimenta\" \/><\/p>\n<p class=\"teste\" style=\"max-width: 80%; padding-bottom: 40px;\">Pi\u00e8ce <strong>Sahara <\/strong>de <strong>Cliper <\/strong>dans la boutique Andrade Pimenta. Maintenant \u00e0 un prix comp\u00e9titif,<strong><em> limit\u00e9 au stock existant<\/em><\/strong>. Disponible en beige et sable, pour les projets d'int\u00e9rieur et d'ext\u00e9rieur qui privil\u00e9gient la sophistication et la durabilit\u00e9.<\/p>\n<h3>Environnements lumineux<\/h3>\n<p data-start=\"59\" data-end=\"142\"><span class=\"trx_addons_tiny_text\">Couleurs simples et discr\u00e8tes<\/span><\/p>\n<p>&nbsp;<\/p>\n<p>&nbsp;<\/p>\n<p>&nbsp;<\/p>","protected":false},"excerpt":{"rendered":"<p><span style=\"font-size: 15px; line-height: 5px; color: grey;\"><strong><br \/>\n<i class=\"fas fa-minus\"><\/i>\u00a0 Type<\/strong> Carrelage mural<strong><br \/>\n<i class=\"fas fa-minus\"><\/i>\u00a0 Mat\u00e9riel <\/strong>Pasta Branca<strong><br \/>\n<\/strong><strong><i class=\"fas fa-minus\"><\/i>\u00a0 Finition <\/strong>Brillant<strong><br \/>\n<i class=\"fas fa-minus\"><\/i>\u00a0 Format <\/strong>30&#215;60 cm<br \/>\n<strong><i class=\"fas fa-minus\"><\/i>\u00a0 Prix <\/strong>TVA comprise<\/span><\/p>","protected":false},"featured_media":27294,"template":"","meta":{"_acf_changed":false},"product_brand":[554],"product_cat":[180,231],"product_tag":[243],"class_list":{"0":"post-27291","1":"product","2":"type-product","3":"status-publish","4":"has-post-thumbnail","6":"product_brand-cliper","7":"product_cat-pavimento-revestimento","8":"product_cat-outlet","9":"product_tag-revestimento","10":"pa_cor-white","11":"pa_marca-cliper","12":"pa_material-gres-porcelanico-vidrado","13":"pa_tamanho-30-x-60","15":"first","16":"instock","17":"sale","18":"shipping-taxable","19":"purchasable","20":"product-type-variable","21":"has-default-attributes"},"acf":[],"_links":{"self":[{"href":"https:\/\/andradepimenta.com\/fr\/wp-json\/wp\/v2\/product\/27291","targetHints":{"allow":["GET"]}}],"collection":[{"href":"https:\/\/andradepimenta.com\/fr\/wp-json\/wp\/v2\/product"}],"about":[{"href":"https:\/\/andradepimenta.com\/fr\/wp-json\/wp\/v2\/types\/product"}],"wp:featuredmedia":[{"embeddable":true,"href":"https:\/\/andradepimenta.com\/fr\/wp-json\/wp\/v2\/media\/27294"}],"wp:attachment":[{"href":"https:\/\/andradepimenta.com\/fr\/wp-json\/wp\/v2\/media?parent=27291"}],"wp:term":[{"taxonomy":"product_brand","embeddable":true,"href":"https:\/\/andradepimenta.com\/fr\/wp-json\/wp\/v2\/product_brand?post=27291"},{"taxonomy":"product_cat","embeddable":true,"href":"https:\/\/andradepimenta.com\/fr\/wp-json\/wp\/v2\/product_cat?post=27291"},{"taxonomy":"product_tag","embeddable":true,"href":"https:\/\/andradepimenta.com\/fr\/wp-json\/wp\/v2\/product_tag?post=27291"}],"curies":[{"name":"wp","href":"https:\/\/api.w.org\/{rel}","templated":true}]}}